{"id":886,"date":"2024-03-20T17:17:18","date_gmt":"2024-03-20T14:17:18","guid":{"rendered":"https:\/\/depodar.com\/?post_type=product&#038;p=886"},"modified":"2025-04-22T23:20:45","modified_gmt":"2025-04-22T20:20:45","slug":"phonak-marka-isitme-cihazi","status":"publish","type":"product","link":"https:\/\/depodar.com\/index.php\/product\/phonak-marka-isitme-cihazi\/","title":{"rendered":"Phonak i\u015fitme cihaz\u0131"},"content":{"rendered":"<p>Phonak i\u015fitme cihaz\u0131 2 adet olup kutusundad\u0131r. 312 tip pil ile \u00e7al\u0131\u015f\u0131r. Fiyat 1 \u00e7ift, 2 adedi i\u00e7indir. Herhangibir \u0130\u015fitme cihaz\u0131 merkezinde kendinize uygun bir kulak kal\u0131b\u0131 ve yine size uygun programlamas\u0131n\u0131 yapt\u0131rarak \u00e7ok uygun fiyata 1 \u00e7ift cihaz edinmi\u015f olabilirsiniz.<\/p>\n","protected":false},"excerpt":{"rendered":"<p>Phonak i\u015fitme cihaz\u0131 2 adet olup kutusundad\u0131r. 312 tip pil ile \u00e7al\u0131\u015f\u0131r. Fiyat 1 \u00e7ift, 2 adedi i\u00e7indir. Herhangibir \u0130\u015fitme cihaz\u0131 merkezinde kendinize uygun bir kulak kal\u0131b\u0131 ve yine size uygun programlamas\u0131n\u0131 yapt\u0131rarak \u00e7ok uygun fiyata 1 \u00e7ift cihaz edinmi\u015f olabilirsiniz.<\/p>\n","protected":false},"featured_media":887,"template":"","meta":{"_monsterinsights_skip_tracking":false,"_monsterinsights_sitenote_active":false,"_monsterinsights_sitenote_note":"","_monsterinsights_sitenote_category":0},"product_brand":[],"product_cat":[85],"product_tag":[84],"class_list":{"0":"post-886","1":"product","2":"type-product","3":"status-publish","4":"has-post-thumbnail","6":"product_cat-ozel-urunler","7":"product_tag-ozel-urun","9":"first","10":"instock","11":"shipping-taxable","12":"purchasable","13":"product-type-simple"},"aioseo_notices":[],"jetpack_sharing_enabled":true,"_links":{"self":[{"href":"https:\/\/depodar.com\/index.php\/wp-json\/wp\/v2\/product\/886","targetHints":{"allow":["GET"]}}],"collection":[{"href":"https:\/\/depodar.com\/index.php\/wp-json\/wp\/v2\/product"}],"about":[{"href":"https:\/\/depodar.com\/index.php\/wp-json\/wp\/v2\/types\/product"}],"wp:featuredmedia":[{"embeddable":true,"href":"https:\/\/depodar.com\/index.php\/wp-json\/wp\/v2\/media\/887"}],"wp:attachment":[{"href":"https:\/\/depodar.com\/index.php\/wp-json\/wp\/v2\/media?parent=886"}],"wp:term":[{"taxonomy":"product_brand","embeddable":true,"href":"https:\/\/depodar.com\/index.php\/wp-json\/wp\/v2\/product_brand?post=886"},{"taxonomy":"product_cat","embeddable":true,"href":"https:\/\/depodar.com\/index.php\/wp-json\/wp\/v2\/product_cat?post=886"},{"taxonomy":"product_tag","embeddable":true,"href":"https:\/\/depodar.com\/index.php\/wp-json\/wp\/v2\/product_tag?post=886"}],"curies":[{"name":"wp","href":"https:\/\/api.w.org\/{rel}","templated":true}]}}