{"id":868,"date":"2024-03-20T16:43:40","date_gmt":"2024-03-20T13:43:40","guid":{"rendered":"https:\/\/depodar.com\/?post_type=product&#038;p=868"},"modified":"2024-11-30T20:57:40","modified_gmt":"2024-11-30T17:57:40","slug":"petromax-828350-cp-super-petromax-rapid-luks-lambasi","status":"publish","type":"product","link":"https:\/\/depodar.com\/index.php\/product\/petromax-828350-cp-super-petromax-rapid-luks-lambasi\/","title":{"rendered":"Petromax 828350 CP Super petromax rapid"},"content":{"rendered":"<p>Petromax 828350 CP Super petromax rapid l\u00fcks lambas\u0131. T\u00fcm aparatlar\u0131 dahil ve orjinaldir. Yedek cam\u0131 ve pompas\u0131n\u0131n yedek deri k\u00f6r\u00fck contalar\u0131 ile birlikte verilecektir. Bas\u0131n\u00e7 tutabildi\u011fini g\u00f6stermek ad\u0131na pompa yap\u0131larak\u00a0 manometrenin hareket etti\u011fi g\u00f6zlemlenerek foto\u011fraf olarak eklenmi\u015ftir.<\/p>\n","protected":false},"excerpt":{"rendered":"<p>Petromax 828350 CP Super petromax rapid l\u00fcks lambas\u0131. T\u00fcm aparatlar\u0131 dahil ve orjinaldir. Yedek cam\u0131 ve pompas\u0131n\u0131n yedek deri k\u00f6r\u00fck contalar\u0131 ile birlikte verilecektir. Bas\u0131n\u00e7 tutabildi\u011fini g\u00f6stermek ad\u0131na pompa yap\u0131larak\u00a0 manometrenin hareket etti\u011fi g\u00f6zlemlenerek foto\u011fraf olarak eklenmi\u015ftir.<\/p>\n","protected":false},"featured_media":869,"template":"","meta":{"_monsterinsights_skip_tracking":false,"_monsterinsights_sitenote_active":false,"_monsterinsights_sitenote_note":"","_monsterinsights_sitenote_category":0},"product_brand":[],"product_cat":[83],"product_tag":[82],"class_list":{"0":"post-868","1":"product","2":"type-product","3":"status-publish","4":"has-post-thumbnail","6":"product_cat-antika","7":"product_tag-antika","9":"first","10":"instock","11":"shipping-taxable","12":"purchasable","13":"product-type-simple"},"aioseo_notices":[],"jetpack_sharing_enabled":true,"_links":{"self":[{"href":"https:\/\/depodar.com\/index.php\/wp-json\/wp\/v2\/product\/868","targetHints":{"allow":["GET"]}}],"collection":[{"href":"https:\/\/depodar.com\/index.php\/wp-json\/wp\/v2\/product"}],"about":[{"href":"https:\/\/depodar.com\/index.php\/wp-json\/wp\/v2\/types\/product"}],"wp:featuredmedia":[{"embeddable":true,"href":"https:\/\/depodar.com\/index.php\/wp-json\/wp\/v2\/media\/869"}],"wp:attachment":[{"href":"https:\/\/depodar.com\/index.php\/wp-json\/wp\/v2\/media?parent=868"}],"wp:term":[{"taxonomy":"product_brand","embeddable":true,"href":"https:\/\/depodar.com\/index.php\/wp-json\/wp\/v2\/product_brand?post=868"},{"taxonomy":"product_cat","embeddable":true,"href":"https:\/\/depodar.com\/index.php\/wp-json\/wp\/v2\/product_cat?post=868"},{"taxonomy":"product_tag","embeddable":true,"href":"https:\/\/depodar.com\/index.php\/wp-json\/wp\/v2\/product_tag?post=868"}],"curies":[{"name":"wp","href":"https:\/\/api.w.org\/{rel}","templated":true}]}}