{"id":864,"date":"2024-03-20T16:42:09","date_gmt":"2024-03-20T13:42:09","guid":{"rendered":"https:\/\/depodar.com\/?post_type=product&#038;p=864"},"modified":"2025-04-22T22:53:38","modified_gmt":"2025-04-22T19:53:38","slug":"sscb-yapimi-mikrometre-0-25mm-orjinal-kutusunda","status":"publish","type":"product","link":"https:\/\/depodar.com\/index.php\/product\/sscb-yapimi-mikrometre-0-25mm-orjinal-kutusunda\/","title":{"rendered":"SSCB yap\u0131m\u0131 mikrometre 0-25mm orjinal kutusunda"},"content":{"rendered":"<p>SSCB yap\u0131m\u0131 mikrometre 0-25mm orjinal kutusunda<\/p>\n","protected":false},"excerpt":{"rendered":"<p>SSCB yap\u0131m\u0131 mikrometre 0-25mm orjinal kutusunda<\/p>\n","protected":false},"featured_media":865,"template":"","meta":{"_monsterinsights_skip_tracking":false,"_monsterinsights_sitenote_active":false,"_monsterinsights_sitenote_note":"","_monsterinsights_sitenote_category":0},"product_brand":[],"product_cat":[83,77],"product_tag":[82],"class_list":{"0":"post-864","1":"product","2":"type-product","3":"status-publish","4":"has-post-thumbnail","6":"product_cat-antika","7":"product_cat-diger","8":"product_tag-antika","10":"first","11":"instock","12":"shipping-taxable","13":"purchasable","14":"product-type-simple"},"aioseo_notices":[],"jetpack_sharing_enabled":true,"_links":{"self":[{"href":"https:\/\/depodar.com\/index.php\/wp-json\/wp\/v2\/product\/864","targetHints":{"allow":["GET"]}}],"collection":[{"href":"https:\/\/depodar.com\/index.php\/wp-json\/wp\/v2\/product"}],"about":[{"href":"https:\/\/depodar.com\/index.php\/wp-json\/wp\/v2\/types\/product"}],"wp:featuredmedia":[{"embeddable":true,"href":"https:\/\/depodar.com\/index.php\/wp-json\/wp\/v2\/media\/865"}],"wp:attachment":[{"href":"https:\/\/depodar.com\/index.php\/wp-json\/wp\/v2\/media?parent=864"}],"wp:term":[{"taxonomy":"product_brand","embeddable":true,"href":"https:\/\/depodar.com\/index.php\/wp-json\/wp\/v2\/product_brand?post=864"},{"taxonomy":"product_cat","embeddable":true,"href":"https:\/\/depodar.com\/index.php\/wp-json\/wp\/v2\/product_cat?post=864"},{"taxonomy":"product_tag","embeddable":true,"href":"https:\/\/depodar.com\/index.php\/wp-json\/wp\/v2\/product_tag?post=864"}],"curies":[{"name":"wp","href":"https:\/\/api.w.org\/{rel}","templated":true}]}}