{"id":841,"date":"2024-03-20T15:46:51","date_gmt":"2024-03-20T12:46:51","guid":{"rendered":"https:\/\/depodar.com\/?post_type=product&#038;p=841"},"modified":"2026-03-27T21:29:05","modified_gmt":"2026-03-27T18:29:05","slug":"brother-ls2-b837-cift-pabuc-walking-foot-deri-dikis-makinesi","status":"publish","type":"product","link":"https:\/\/depodar.com\/index.php\/product\/brother-ls2-b837-cift-pabuc-walking-foot-deri-dikis-makinesi\/","title":{"rendered":"Brother LS2 B837 \u00c7ift pabu\u00e7 deri diki\u015f makinesi"},"content":{"rendered":"<p>Brother LS2 B837 \u00c7ift pabu\u00e7 deri diki\u015f makinesi.<\/p>\n<p>Deri ve branda diki\u015fi gibi kal\u0131n malzeme dikiminde\u00a0 d\u00fcnyaca efsane olarak kabul edilen bir model olup, 2000 lerin sonunda\u00a0 \u00fcretilmi\u015f beyaz renkli\u00a0 son \u00fcretim modellerindendir. 9 adet makinenin \u0130zmir serbest B\u00f6lge antreposunda haciz nedeniyle uzun y\u0131llar beklemesi sonras\u0131 \u0130stanbuldan bir firman\u0131n ihale ile almas\u0131 sayesince 2019 da taraf\u0131mdan s\u0131f\u0131r olarak kutusunda\u00a0 al\u0131nm\u0131\u015f, evde hobi ama\u00e7l\u0131 2021 y\u0131l\u0131na kadar kullan\u0131lm\u0131\u015f olup, orjinal boyas\u0131 ve masas\u0131 ve t\u00fcm aparatlar\u0131ndan\u00a0 temizli\u011fi anla\u015f\u0131labilir. Orjinalinde ki motor balatal\u0131 motor ve ses yapt\u0131\u011f\u0131ndan\u00a0 i\u011fne pozisyonlu ,elektronik devir ayarl\u0131 sessiz motor tak\u0131lm\u0131\u015ft\u0131r. Sadece pedala bas\u0131nca motor \u00e7al\u0131\u015f\u0131r ve sessizdir.<\/p>\n<p>Bu makinenin di\u011fer makinelerden fark\u0131 kal\u0131n iplikleri \u00e7ok katl\u0131 malzemelerle kayd\u0131rmadan dikmesidir. S\u00fcs diki\u015fi, spor diki\u015f ama\u00e7l\u0131 6 ve 8 kat iplikleri sorunsuz kullanabilmekte olup 9 kat iplikle de yapt\u0131\u011f\u0131m denemelerde yap\u0131lan diki\u015fi ekte foto\u011fraf olarak sunuyorum.(En solda 9 kat sa\u011fda 6 kat iplik kullan\u0131lm\u0131\u015ft\u0131r)<\/p>\n<p>9 kat iplik i\u00e7in alt iplik ayar\u0131 a\u00e7\u0131larak tansiyon anlam\u0131nda daha d\u00fczg\u00fcn diki\u015f yap\u0131labilir. Ancak s\u0131f\u0131r ayarlar\u0131nda durmas\u0131 ad\u0131na oynama yap\u0131lmam\u0131\u015f olup isteyen bu durumu de\u011ferlendirebilir.<\/p>\n<p>Arka\u00a0 koltu\u011fu yatan otomobillere s\u0131\u011far. 120*55*75(h)<\/p>\n<p>&nbsp;<\/p>\n","protected":false},"excerpt":{"rendered":"<p>Brother LS2 B837 \u00c7ift pabu\u00e7 deri diki\u015f makinesi. Deri ve branda diki\u015fi gibi kal\u0131n malzeme dikiminde\u00a0 d\u00fcnyaca efsane olarak kabul edilen bir model olup, 2000 lerin sonunda\u00a0 \u00fcretilmi\u015f beyaz renkli\u00a0 son \u00fcretim modellerindendir. 9 adet makinenin \u0130zmir serbest B\u00f6lge antreposunda haciz nedeniyle uzun y\u0131llar beklemesi sonras\u0131 \u0130stanbuldan bir firman\u0131n ihale ile almas\u0131 sayesince 2019 da [&hellip;]<\/p>\n","protected":false},"featured_media":843,"template":"","meta":{"_monsterinsights_skip_tracking":false,"_monsterinsights_sitenote_active":false,"_monsterinsights_sitenote_note":"","_monsterinsights_sitenote_category":0},"product_brand":[],"product_cat":[78],"product_tag":[80],"class_list":{"0":"post-841","1":"product","2":"type-product","3":"status-publish","4":"has-post-thumbnail","6":"product_cat-dikis-makineleri","7":"product_tag-dikis-makinesi","9":"first","10":"instock","11":"sale","12":"purchasable","13":"product-type-simple"},"aioseo_notices":[],"jetpack_sharing_enabled":true,"_links":{"self":[{"href":"https:\/\/depodar.com\/index.php\/wp-json\/wp\/v2\/product\/841","targetHints":{"allow":["GET"]}}],"collection":[{"href":"https:\/\/depodar.com\/index.php\/wp-json\/wp\/v2\/product"}],"about":[{"href":"https:\/\/depodar.com\/index.php\/wp-json\/wp\/v2\/types\/product"}],"wp:featuredmedia":[{"embeddable":true,"href":"https:\/\/depodar.com\/index.php\/wp-json\/wp\/v2\/media\/843"}],"wp:attachment":[{"href":"https:\/\/depodar.com\/index.php\/wp-json\/wp\/v2\/media?parent=841"}],"wp:term":[{"taxonomy":"product_brand","embeddable":true,"href":"https:\/\/depodar.com\/index.php\/wp-json\/wp\/v2\/product_brand?post=841"},{"taxonomy":"product_cat","embeddable":true,"href":"https:\/\/depodar.com\/index.php\/wp-json\/wp\/v2\/product_cat?post=841"},{"taxonomy":"product_tag","embeddable":true,"href":"https:\/\/depodar.com\/index.php\/wp-json\/wp\/v2\/product_tag?post=841"}],"curies":[{"name":"wp","href":"https:\/\/api.w.org\/{rel}","templated":true}]}}