{"id":626,"date":"2024-03-18T22:07:18","date_gmt":"2024-03-18T22:07:18","guid":{"rendered":"https:\/\/depodar.com\/?post_type=product&#038;p=626"},"modified":"2024-03-19T08:41:32","modified_gmt":"2024-03-19T08:41:32","slug":"6li-hava-dagitici","status":"publish","type":"product","link":"https:\/\/depodar.com\/index.php\/product\/6li-hava-dagitici\/","title":{"rendered":"6l\u0131 HAVA DA\u011eITICI"},"content":{"rendered":"<h1>AKVARYUM HAVA KOMPRES\u00d6R\u00dc \u0130\u00c7\u0130N 6l\u0131 HAVA DA\u011eITICI<\/h1>\n<p>Bir ana hattan gelen havan\u0131n 6ayr\u0131 kola b\u00f6l\u00fcnmesinde kullan\u0131l\u0131r<\/p>\n","protected":false},"excerpt":{"rendered":"<p>AKVARYUM HAVA KOMPRES\u00d6R\u00dc \u0130\u00c7\u0130N 6l\u0131 HAVA DA\u011eITICI Bir ana hattan gelen havan\u0131n 6ayr\u0131 kola b\u00f6l\u00fcnmesinde kullan\u0131l\u0131r<\/p>\n","protected":false},"featured_media":553,"template":"","meta":{"_monsterinsights_skip_tracking":false,"_monsterinsights_sitenote_active":false,"_monsterinsights_sitenote_note":"","_monsterinsights_sitenote_category":0},"product_brand":[],"product_cat":[28,51],"product_tag":[56],"class_list":{"0":"post-626","1":"product","2":"type-product","3":"status-publish","4":"has-post-thumbnail","6":"product_cat-akvaryum","7":"product_cat-sifir-urunler","8":"product_tag-sifir-urun","10":"first","11":"instock","12":"featured","13":"shipping-taxable","14":"purchasable","15":"product-type-simple"},"aioseo_notices":[],"jetpack_sharing_enabled":true,"_links":{"self":[{"href":"https:\/\/depodar.com\/index.php\/wp-json\/wp\/v2\/product\/626","targetHints":{"allow":["GET"]}}],"collection":[{"href":"https:\/\/depodar.com\/index.php\/wp-json\/wp\/v2\/product"}],"about":[{"href":"https:\/\/depodar.com\/index.php\/wp-json\/wp\/v2\/types\/product"}],"wp:featuredmedia":[{"embeddable":true,"href":"https:\/\/depodar.com\/index.php\/wp-json\/wp\/v2\/media\/553"}],"wp:attachment":[{"href":"https:\/\/depodar.com\/index.php\/wp-json\/wp\/v2\/media?parent=626"}],"wp:term":[{"taxonomy":"product_brand","embeddable":true,"href":"https:\/\/depodar.com\/index.php\/wp-json\/wp\/v2\/product_brand?post=626"},{"taxonomy":"product_cat","embeddable":true,"href":"https:\/\/depodar.com\/index.php\/wp-json\/wp\/v2\/product_cat?post=626"},{"taxonomy":"product_tag","embeddable":true,"href":"https:\/\/depodar.com\/index.php\/wp-json\/wp\/v2\/product_tag?post=626"}],"curies":[{"name":"wp","href":"https:\/\/api.w.org\/{rel}","templated":true}]}}