{"id":624,"date":"2024-03-18T22:02:16","date_gmt":"2024-03-18T22:02:16","guid":{"rendered":"https:\/\/depodar.com\/?post_type=product&#038;p=624"},"modified":"2025-12-09T15:38:54","modified_gmt":"2025-12-09T12:38:54","slug":"akvaryum-dis-filtre-emis-borusu-suzgeci","status":"publish","type":"product","link":"https:\/\/depodar.com\/index.php\/product\/akvaryum-dis-filtre-emis-borusu-suzgeci\/","title":{"rendered":"AKVARYUM DI\u015e F\u0130LTRE EM\u0130\u015e BORUSU S\u00dcZGEC\u0130"},"content":{"rendered":"<p>AKVARYUM DI\u015e F\u0130LTRE EM\u0130\u015e BORUSU S\u00dcZGEC\u0130,<\/p>\n<p>12mm\/16mm \/22mm Hortum Uyumlu Olan Bastonlar ve Di\u011fer Bir \u00c7ok Akvaryum D\u0131\u015f Filtresi \u0130\u00e7in Uygundur .\u00dcr\u00fcnler s\u0131f\u0131rd\u0131r.<\/p>\n<p>12 ve 16 l\u0131k bastonlar bu \u00fcr\u00fcn\u00fcn\u00fc i\u00e7ine girerken ,22 lik bastonlara d\u0131\u015f\u0131ndan tak\u0131l\u0131r.<\/p>\n","protected":false},"excerpt":{"rendered":"<p>AKVARYUM DI\u015e F\u0130LTRE EM\u0130\u015e BORUSU S\u00dcZGEC\u0130, 12mm\/16mm \/22mm Hortum Uyumlu Olan Bastonlar ve Di\u011fer Bir \u00c7ok Akvaryum D\u0131\u015f Filtresi \u0130\u00e7in Uygundur .\u00dcr\u00fcnler s\u0131f\u0131rd\u0131r. 12 ve 16 l\u0131k bastonlar bu \u00fcr\u00fcn\u00fcn\u00fc i\u00e7ine girerken ,22 lik bastonlara d\u0131\u015f\u0131ndan tak\u0131l\u0131r.<\/p>\n","protected":false},"featured_media":549,"template":"","meta":{"_monsterinsights_skip_tracking":false,"_monsterinsights_sitenote_active":false,"_monsterinsights_sitenote_note":"","_monsterinsights_sitenote_category":0},"product_brand":[],"product_cat":[28,51],"product_tag":[56],"class_list":{"0":"post-624","1":"product","2":"type-product","3":"status-publish","4":"has-post-thumbnail","6":"product_cat-akvaryum","7":"product_cat-sifir-urunler","8":"product_tag-sifir-urun","10":"first","11":"instock","12":"featured","13":"shipping-taxable","14":"purchasable","15":"product-type-simple"},"aioseo_notices":[],"jetpack_sharing_enabled":true,"_links":{"self":[{"href":"https:\/\/depodar.com\/index.php\/wp-json\/wp\/v2\/product\/624","targetHints":{"allow":["GET"]}}],"collection":[{"href":"https:\/\/depodar.com\/index.php\/wp-json\/wp\/v2\/product"}],"about":[{"href":"https:\/\/depodar.com\/index.php\/wp-json\/wp\/v2\/types\/product"}],"wp:featuredmedia":[{"embeddable":true,"href":"https:\/\/depodar.com\/index.php\/wp-json\/wp\/v2\/media\/549"}],"wp:attachment":[{"href":"https:\/\/depodar.com\/index.php\/wp-json\/wp\/v2\/media?parent=624"}],"wp:term":[{"taxonomy":"product_brand","embeddable":true,"href":"https:\/\/depodar.com\/index.php\/wp-json\/wp\/v2\/product_brand?post=624"},{"taxonomy":"product_cat","embeddable":true,"href":"https:\/\/depodar.com\/index.php\/wp-json\/wp\/v2\/product_cat?post=624"},{"taxonomy":"product_tag","embeddable":true,"href":"https:\/\/depodar.com\/index.php\/wp-json\/wp\/v2\/product_tag?post=624"}],"curies":[{"name":"wp","href":"https:\/\/api.w.org\/{rel}","templated":true}]}}