{"id":619,"date":"2024-03-18T21:20:12","date_gmt":"2024-03-18T21:20:12","guid":{"rendered":"https:\/\/depodar.com\/?post_type=product&#038;p=619"},"modified":"2025-10-09T21:06:04","modified_gmt":"2025-10-09T18:06:04","slug":"atman-at-f101","status":"publish","type":"product","link":"https:\/\/depodar.com\/index.php\/product\/atman-at-f101\/","title":{"rendered":"ATMAN AT-F101"},"content":{"rendered":"<p>ATMAN AT-f101<\/p>\n<p>Debi: 350lt\/saat<br \/>\nHmax: 0,6m<br \/>\nG\u00fc\u00e7 T\u00fcketimi :5w<\/p>\n<p>Atman hava motoru arka b\u00f6l\u00fcm\u00fcnde yer alan vantuzlar yard\u0131m\u0131 ile akvaryumun i\u00e7 y\u00fczeyine, tamamen su i\u00e7erisinde kalacak \u015fekilde yerle\u015ftirilerek kullan\u0131l\u0131r. Sadece hava hortumu su d\u0131\u015far\u0131s\u0131nda kalmal\u0131d\u0131r. Hava hortumu ile kullan\u0131ld\u0131\u011f\u0131nda ayr\u0131ca hava motoru alman\u0131za gerek olmayacakt\u0131r. Temizlik \u00f6ncesi mutlaka fi\u015ften \u00e7ekilmelidir.<\/p>\n<p><iframe loading=\"lazy\" title=\"Filtro Interno Atman ATF 101 con venturi\" width=\"500\" height=\"375\" src=\"https:\/\/www.youtube.com\/embed\/IcOGIEUL6Ao?start=10&#038;feature=oembed\" frameborder=\"0\" allow=\"accelerometer; autoplay; clipboard-write; encrypted-media; gyroscope; picture-in-picture; web-share\" referrerpolicy=\"strict-origin-when-cross-origin\" allowfullscreen><\/iframe><\/p>\n","protected":false},"excerpt":{"rendered":"<p>ATMAN AT-f101 Debi: 350lt\/saat Hmax: 0,6m G\u00fc\u00e7 T\u00fcketimi :5w Atman hava motoru arka b\u00f6l\u00fcm\u00fcnde yer alan vantuzlar yard\u0131m\u0131 ile akvaryumun i\u00e7 y\u00fczeyine, tamamen su i\u00e7erisinde kalacak \u015fekilde yerle\u015ftirilerek kullan\u0131l\u0131r. Sadece hava hortumu su d\u0131\u015far\u0131s\u0131nda kalmal\u0131d\u0131r. Hava hortumu ile kullan\u0131ld\u0131\u011f\u0131nda ayr\u0131ca hava motoru alman\u0131za gerek olmayacakt\u0131r. Temizlik \u00f6ncesi mutlaka fi\u015ften \u00e7ekilmelidir.<\/p>\n","protected":false},"featured_media":538,"template":"","meta":{"_monsterinsights_skip_tracking":false,"_monsterinsights_sitenote_active":false,"_monsterinsights_sitenote_note":"","_monsterinsights_sitenote_category":0},"product_brand":[],"product_cat":[28,52],"product_tag":[59,55,53],"class_list":{"0":"post-619","1":"product","2":"type-product","3":"status-publish","4":"has-post-thumbnail","6":"product_cat-akvaryum","7":"product_cat-ikinci-el-urunler","8":"product_tag-atman","9":"product_tag-filtre","10":"product_tag-ikinci-el","12":"first","13":"instock","14":"shipping-taxable","15":"purchasable","16":"product-type-simple"},"aioseo_notices":[],"jetpack_sharing_enabled":true,"_links":{"self":[{"href":"https:\/\/depodar.com\/index.php\/wp-json\/wp\/v2\/product\/619","targetHints":{"allow":["GET"]}}],"collection":[{"href":"https:\/\/depodar.com\/index.php\/wp-json\/wp\/v2\/product"}],"about":[{"href":"https:\/\/depodar.com\/index.php\/wp-json\/wp\/v2\/types\/product"}],"wp:featuredmedia":[{"embeddable":true,"href":"https:\/\/depodar.com\/index.php\/wp-json\/wp\/v2\/media\/538"}],"wp:attachment":[{"href":"https:\/\/depodar.com\/index.php\/wp-json\/wp\/v2\/media?parent=619"}],"wp:term":[{"taxonomy":"product_brand","embeddable":true,"href":"https:\/\/depodar.com\/index.php\/wp-json\/wp\/v2\/product_brand?post=619"},{"taxonomy":"product_cat","embeddable":true,"href":"https:\/\/depodar.com\/index.php\/wp-json\/wp\/v2\/product_cat?post=619"},{"taxonomy":"product_tag","embeddable":true,"href":"https:\/\/depodar.com\/index.php\/wp-json\/wp\/v2\/product_tag?post=619"}],"curies":[{"name":"wp","href":"https:\/\/api.w.org\/{rel}","templated":true}]}}