{"id":617,"date":"2024-03-18T21:11:53","date_gmt":"2024-03-18T21:11:53","guid":{"rendered":"https:\/\/depodar.com\/?post_type=product&#038;p=617"},"modified":"2025-01-23T04:09:52","modified_gmt":"2025-01-23T01:09:52","slug":"mec-turbo-pipo-filtre","status":"publish","type":"product","link":"https:\/\/depodar.com\/index.php\/product\/mec-turbo-pipo-filtre\/","title":{"rendered":"ME\u00c7 TURBO P\u0130PO F\u0130LTRE"},"content":{"rendered":"<p>ME\u00c7 TURBO P\u0130PO F\u0130LTRE<\/p>\n<p>\u00dcretim tanklar\u0131, yavru bal\u0131k, karides, karantina akvaryumlar\u0131 i\u00e7in hava motoruna ba\u011flanarak kullan\u0131l\u0131r. Hava motorunuz olmal\u0131 veya ayr\u0131ca al\u0131nmal\u0131d\u0131r.<br \/>\nAkvaryumlar i\u00e7in, biyolojik filtrasyon yapan, m\u00fckemmel bir \u015fekilde oksijen sa\u011flayan, olabildi\u011fince sessiz \u00e7al\u0131\u015fan, s\u00fcnger i\u00e7 pipo filtredir. Vantuzlar\u0131n\u0131 cama yap\u0131\u015ft\u0131rarak kullan\u0131l\u0131r. Filtre \u00fczerindeki s\u00fcnger haricinde 1 adet de yedek s\u00fcngeri bulunmaktad\u0131r<\/p>\n","protected":false},"excerpt":{"rendered":"<p>ME\u00c7 TURBO P\u0130PO F\u0130LTRE \u00dcretim tanklar\u0131, yavru bal\u0131k, karides, karantina akvaryumlar\u0131 i\u00e7in hava motoruna ba\u011flanarak kullan\u0131l\u0131r. Hava motorunuz olmal\u0131 veya ayr\u0131ca al\u0131nmal\u0131d\u0131r. Akvaryumlar i\u00e7in, biyolojik filtrasyon yapan, m\u00fckemmel bir \u015fekilde oksijen sa\u011flayan, olabildi\u011fince sessiz \u00e7al\u0131\u015fan, s\u00fcnger i\u00e7 pipo filtredir. Vantuzlar\u0131n\u0131 cama yap\u0131\u015ft\u0131rarak kullan\u0131l\u0131r. Filtre \u00fczerindeki s\u00fcnger haricinde 1 adet de yedek s\u00fcngeri bulunmaktad\u0131r<\/p>\n","protected":false},"featured_media":566,"template":"","meta":{"_monsterinsights_skip_tracking":false,"_monsterinsights_sitenote_active":false,"_monsterinsights_sitenote_note":"","_monsterinsights_sitenote_category":0},"product_brand":[],"product_cat":[28,51],"product_tag":[55,56],"class_list":{"0":"post-617","1":"product","2":"type-product","3":"status-publish","4":"has-post-thumbnail","6":"product_cat-akvaryum","7":"product_cat-sifir-urunler","8":"product_tag-filtre","9":"product_tag-sifir-urun","11":"first","12":"instock","13":"featured","14":"shipping-taxable","15":"purchasable","16":"product-type-simple"},"aioseo_notices":[],"jetpack_sharing_enabled":true,"_links":{"self":[{"href":"https:\/\/depodar.com\/index.php\/wp-json\/wp\/v2\/product\/617","targetHints":{"allow":["GET"]}}],"collection":[{"href":"https:\/\/depodar.com\/index.php\/wp-json\/wp\/v2\/product"}],"about":[{"href":"https:\/\/depodar.com\/index.php\/wp-json\/wp\/v2\/types\/product"}],"wp:featuredmedia":[{"embeddable":true,"href":"https:\/\/depodar.com\/index.php\/wp-json\/wp\/v2\/media\/566"}],"wp:attachment":[{"href":"https:\/\/depodar.com\/index.php\/wp-json\/wp\/v2\/media?parent=617"}],"wp:term":[{"taxonomy":"product_brand","embeddable":true,"href":"https:\/\/depodar.com\/index.php\/wp-json\/wp\/v2\/product_brand?post=617"},{"taxonomy":"product_cat","embeddable":true,"href":"https:\/\/depodar.com\/index.php\/wp-json\/wp\/v2\/product_cat?post=617"},{"taxonomy":"product_tag","embeddable":true,"href":"https:\/\/depodar.com\/index.php\/wp-json\/wp\/v2\/product_tag?post=617"}],"curies":[{"name":"wp","href":"https:\/\/api.w.org\/{rel}","templated":true}]}}