{"id":616,"date":"2024-03-18T21:01:28","date_gmt":"2024-03-18T21:01:28","guid":{"rendered":"https:\/\/depodar.com\/?post_type=product&#038;p=616"},"modified":"2024-03-19T08:41:56","modified_gmt":"2024-03-19T08:41:56","slug":"mec-hava-dagitim-kiti","status":"publish","type":"product","link":"https:\/\/depodar.com\/index.php\/product\/mec-hava-dagitim-kiti\/","title":{"rendered":"ME\u00c7 HAVA DA\u011eITIM K\u0130T\u0130"},"content":{"rendered":"<p>ME\u00c7 HAVA DA\u011eITIM K\u0130T\u0130<\/p>\n<p>Pleksi tarz\u0131 \u015feffaf borular ve eklenti aparatlar\u0131 ile d\u00fczlemsel ve g\u00fczel g\u00f6r\u00fcn\u00fcml\u00fc hava tesisat\u0131 kurmak i\u00e7in \u00f6nerilebilir.<\/p>\n","protected":false},"excerpt":{"rendered":"<p>ME\u00c7 HAVA DA\u011eITIM K\u0130T\u0130 Pleksi tarz\u0131 \u015feffaf borular ve eklenti aparatlar\u0131 ile d\u00fczlemsel ve g\u00fczel g\u00f6r\u00fcn\u00fcml\u00fc hava tesisat\u0131 kurmak i\u00e7in \u00f6nerilebilir.<\/p>\n","protected":false},"featured_media":551,"template":"","meta":{"_monsterinsights_skip_tracking":false,"_monsterinsights_sitenote_active":false,"_monsterinsights_sitenote_note":"","_monsterinsights_sitenote_category":0},"product_brand":[],"product_cat":[28,51],"product_tag":[56],"class_list":{"0":"post-616","1":"product","2":"type-product","3":"status-publish","4":"has-post-thumbnail","6":"product_cat-akvaryum","7":"product_cat-sifir-urunler","8":"product_tag-sifir-urun","10":"first","11":"instock","12":"featured","13":"shipping-taxable","14":"purchasable","15":"product-type-simple"},"aioseo_notices":[],"jetpack_sharing_enabled":true,"_links":{"self":[{"href":"https:\/\/depodar.com\/index.php\/wp-json\/wp\/v2\/product\/616","targetHints":{"allow":["GET"]}}],"collection":[{"href":"https:\/\/depodar.com\/index.php\/wp-json\/wp\/v2\/product"}],"about":[{"href":"https:\/\/depodar.com\/index.php\/wp-json\/wp\/v2\/types\/product"}],"wp:featuredmedia":[{"embeddable":true,"href":"https:\/\/depodar.com\/index.php\/wp-json\/wp\/v2\/media\/551"}],"wp:attachment":[{"href":"https:\/\/depodar.com\/index.php\/wp-json\/wp\/v2\/media?parent=616"}],"wp:term":[{"taxonomy":"product_brand","embeddable":true,"href":"https:\/\/depodar.com\/index.php\/wp-json\/wp\/v2\/product_brand?post=616"},{"taxonomy":"product_cat","embeddable":true,"href":"https:\/\/depodar.com\/index.php\/wp-json\/wp\/v2\/product_cat?post=616"},{"taxonomy":"product_tag","embeddable":true,"href":"https:\/\/depodar.com\/index.php\/wp-json\/wp\/v2\/product_tag?post=616"}],"curies":[{"name":"wp","href":"https:\/\/api.w.org\/{rel}","templated":true}]}}