{"id":615,"date":"2024-03-18T20:55:29","date_gmt":"2024-03-18T20:55:29","guid":{"rendered":"https:\/\/depodar.com\/?post_type=product&#038;p=615"},"modified":"2024-03-18T21:00:27","modified_gmt":"2024-03-18T21:00:27","slug":"hagen-marina-corner-filter-kullanilmis","status":"publish","type":"product","link":"https:\/\/depodar.com\/index.php\/product\/hagen-marina-corner-filter-kullanilmis\/","title":{"rendered":"HAGEN MAR\u0130NA CORNER  F\u0130LTER (Kullan\u0131lm\u0131\u015f)"},"content":{"rendered":"<p>HAGEN MAR\u0130NA CORNER F\u0130LTER (kullan\u0131lm\u0131\u015f \u00fcr\u00fcn)<\/p>\n<p>75 litreye kadar olan akvaryum i\u00e7erisinde kullan\u0131lan, akrilik malzemeden, iki b\u00f6lmeli,\u00a0motorsuz, hava motoruna tak\u0131larak kullan\u0131lan,\u00a0dip filtresidir. Hava motorunuz olmal\u0131 veya ayr\u0131ca al\u0131nmal\u0131d\u0131r.<br \/>\n\u00dcr\u00fcn bo\u015f gelmektedir. \u00dcr\u00fcn kullan\u0131lm\u0131\u015f oldu\u011fundan \u00e7izik bulunabilmektedir. Ancak genel olarak fotolarda yer ald\u0131\u011f\u0131 \u00fczere temizlenmi\u015f olarak iletilmektedir. Filtrenin akvaryum taban\u0131nda kalmas\u0131 i\u00e7in filte taban\u0131na bir miktar kum veya seramik filtre boncu\u011fu vb bakteri tutucu ve a\u011f\u0131rl\u0131k yapabilecek katman eklendikten sonra elyaf veya s\u00fcnger gibi filtre malzemeleri eklenmelidir. \u00dcr\u00fcn\u00fcn birebir videosu bulunamad\u0131\u011f\u0131ndan muadil bir markan\u0131n kurulum videosu sizler yard\u0131mc\u0131 olmas\u0131 ad\u0131na eklenmi\u015ftir.<\/p>\n<p>Ebatlar\u0131;<\/p>\n<p>En\u00a0\u00a0\u00a0\u00a0\u00a0\u00a0 \u00a0\u00a0\u00a0\u00a0 ;\u00a0 9 cm<br \/>\nBoy\u00a0\u00a0\u00a0\u00a0\u00a0\u00a0\u00a0 \u00a0 ;\u00a0 9 cm<br \/>\nY\u00fckseklik\u00a0 ;\u00a0 10 cm<\/p>\n<p><iframe loading=\"lazy\" title=\"Avant Corner Filter Unboxing and Setup\" width=\"500\" height=\"281\" src=\"https:\/\/www.youtube.com\/embed\/tgoFAWlg9mI?feature=oembed\" frameborder=\"0\" allow=\"accelerometer; autoplay; clipboard-write; encrypted-media; gyroscope; picture-in-picture; web-share\" referrerpolicy=\"strict-origin-when-cross-origin\" allowfullscreen><\/iframe><\/p>\n","protected":false},"excerpt":{"rendered":"<p>HAGEN MAR\u0130NA CORNER F\u0130LTER (kullan\u0131lm\u0131\u015f \u00fcr\u00fcn) 75 litreye kadar olan akvaryum i\u00e7erisinde kullan\u0131lan, akrilik malzemeden, iki b\u00f6lmeli,\u00a0motorsuz, hava motoruna tak\u0131larak kullan\u0131lan,\u00a0dip filtresidir. Hava motorunuz olmal\u0131 veya ayr\u0131ca al\u0131nmal\u0131d\u0131r. \u00dcr\u00fcn bo\u015f gelmektedir. \u00dcr\u00fcn kullan\u0131lm\u0131\u015f oldu\u011fundan \u00e7izik bulunabilmektedir. Ancak genel olarak fotolarda yer ald\u0131\u011f\u0131 \u00fczere temizlenmi\u015f olarak iletilmektedir. Filtrenin akvaryum taban\u0131nda kalmas\u0131 i\u00e7in filte taban\u0131na bir miktar [&hellip;]<\/p>\n","protected":false},"featured_media":565,"template":"","meta":{"_monsterinsights_skip_tracking":false,"_monsterinsights_sitenote_active":false,"_monsterinsights_sitenote_note":"","_monsterinsights_sitenote_category":0},"product_brand":[],"product_cat":[28,52],"product_tag":[55,58,53],"class_list":{"0":"post-615","1":"product","2":"type-product","3":"status-publish","4":"has-post-thumbnail","6":"product_cat-akvaryum","7":"product_cat-ikinci-el-urunler","8":"product_tag-filtre","9":"product_tag-hagen","10":"product_tag-ikinci-el","12":"first","13":"instock","14":"shipping-taxable","15":"purchasable","16":"product-type-simple"},"aioseo_notices":[],"jetpack_sharing_enabled":true,"_links":{"self":[{"href":"https:\/\/depodar.com\/index.php\/wp-json\/wp\/v2\/product\/615","targetHints":{"allow":["GET"]}}],"collection":[{"href":"https:\/\/depodar.com\/index.php\/wp-json\/wp\/v2\/product"}],"about":[{"href":"https:\/\/depodar.com\/index.php\/wp-json\/wp\/v2\/types\/product"}],"wp:featuredmedia":[{"embeddable":true,"href":"https:\/\/depodar.com\/index.php\/wp-json\/wp\/v2\/media\/565"}],"wp:attachment":[{"href":"https:\/\/depodar.com\/index.php\/wp-json\/wp\/v2\/media?parent=615"}],"wp:term":[{"taxonomy":"product_brand","embeddable":true,"href":"https:\/\/depodar.com\/index.php\/wp-json\/wp\/v2\/product_brand?post=615"},{"taxonomy":"product_cat","embeddable":true,"href":"https:\/\/depodar.com\/index.php\/wp-json\/wp\/v2\/product_cat?post=615"},{"taxonomy":"product_tag","embeddable":true,"href":"https:\/\/depodar.com\/index.php\/wp-json\/wp\/v2\/product_tag?post=615"}],"curies":[{"name":"wp","href":"https:\/\/api.w.org\/{rel}","templated":true}]}}