{"id":614,"date":"2024-03-18T20:52:24","date_gmt":"2024-03-18T20:52:24","guid":{"rendered":"https:\/\/depodar.com\/?post_type=product&#038;p=614"},"modified":"2024-03-18T20:54:59","modified_gmt":"2024-03-18T20:54:59","slug":"hagen-marina-bottom-filter-kullanilmis","status":"publish","type":"product","link":"https:\/\/depodar.com\/index.php\/product\/hagen-marina-bottom-filter-kullanilmis\/","title":{"rendered":"HAGEN MAR\u0130NA BOTTOM F\u0130LTER (Kullan\u0131lm\u0131\u015f)"},"content":{"rendered":"<p><iframe loading=\"lazy\" title=\"Marina bottom filter\" width=\"500\" height=\"281\" src=\"https:\/\/www.youtube.com\/embed\/y-_8qSa5V2Q?feature=oembed\" frameborder=\"0\" allow=\"accelerometer; autoplay; clipboard-write; encrypted-media; gyroscope; picture-in-picture; web-share\" referrerpolicy=\"strict-origin-when-cross-origin\" allowfullscreen><\/iframe><\/p>\n<p>HAGEN MAR\u0130NA BOTTOM F\u0130LTER<\/p>\n<p>37 litreye kadar olan akvaryum i\u00e7erisinde kullan\u0131lan, akrilik malzemeden, iki b\u00f6lmeli,\u00a0motorsuz, hava motoruna tak\u0131larak kullan\u0131lan,\u00a0dip filtresidir. Hava motorunuz olmal\u0131 veya ayr\u0131ca al\u0131nmal\u0131d\u0131r.<br \/>\n\u00dcr\u00fcn bo\u015f gelmektedir. Kullan\u0131lm\u0131\u015f \u00fcr\u00fcn olmas\u0131 nedeniyle \u00e7izikler olabilmektedir .Filtrenin akvaryum taban\u0131nda kalmas\u0131 i\u00e7in filtre taban\u0131na bir miktar kum veya seramik filtre boncu\u011fu vb bakteri tutucu ve a\u011f\u0131rl\u0131k yapabilecek katman eklendikten sonra elyaf veya s\u00fcnger gibi filtre malzemeleri eklenmelidir<\/p>\n<p>Ebatlar\u0131;<\/p>\n<p>En\u00a0\u00a0\u00a0\u00a0\u00a0\u00a0 \u00a0\u00a0\u00a0\u00a0 ;\u00a0 8 cm<br \/>\nBoy\u00a0\u00a0\u00a0\u00a0\u00a0\u00a0\u00a0 \u00a0 ;\u00a0 7 cm<br \/>\nY\u00fckseklik\u00a0 ;\u00a0 9 cm<\/p>\n","protected":false},"excerpt":{"rendered":"<p>HAGEN MAR\u0130NA BOTTOM F\u0130LTER 37 litreye kadar olan akvaryum i\u00e7erisinde kullan\u0131lan, akrilik malzemeden, iki b\u00f6lmeli,\u00a0motorsuz, hava motoruna tak\u0131larak kullan\u0131lan,\u00a0dip filtresidir. Hava motorunuz olmal\u0131 veya ayr\u0131ca al\u0131nmal\u0131d\u0131r. \u00dcr\u00fcn bo\u015f gelmektedir. Kullan\u0131lm\u0131\u015f \u00fcr\u00fcn olmas\u0131 nedeniyle \u00e7izikler olabilmektedir .Filtrenin akvaryum taban\u0131nda kalmas\u0131 i\u00e7in filtre taban\u0131na bir miktar kum veya seramik filtre boncu\u011fu vb bakteri tutucu ve a\u011f\u0131rl\u0131k yapabilecek [&hellip;]<\/p>\n","protected":false},"featured_media":563,"template":"","meta":{"_monsterinsights_skip_tracking":false,"_monsterinsights_sitenote_active":false,"_monsterinsights_sitenote_note":"","_monsterinsights_sitenote_category":0},"product_brand":[],"product_cat":[28,52],"product_tag":[55,58,53],"class_list":{"0":"post-614","1":"product","2":"type-product","3":"status-publish","4":"has-post-thumbnail","6":"product_cat-akvaryum","7":"product_cat-ikinci-el-urunler","8":"product_tag-filtre","9":"product_tag-hagen","10":"product_tag-ikinci-el","12":"first","13":"instock","14":"shipping-taxable","15":"purchasable","16":"product-type-simple"},"aioseo_notices":[],"jetpack_sharing_enabled":true,"_links":{"self":[{"href":"https:\/\/depodar.com\/index.php\/wp-json\/wp\/v2\/product\/614","targetHints":{"allow":["GET"]}}],"collection":[{"href":"https:\/\/depodar.com\/index.php\/wp-json\/wp\/v2\/product"}],"about":[{"href":"https:\/\/depodar.com\/index.php\/wp-json\/wp\/v2\/types\/product"}],"wp:featuredmedia":[{"embeddable":true,"href":"https:\/\/depodar.com\/index.php\/wp-json\/wp\/v2\/media\/563"}],"wp:attachment":[{"href":"https:\/\/depodar.com\/index.php\/wp-json\/wp\/v2\/media?parent=614"}],"wp:term":[{"taxonomy":"product_brand","embeddable":true,"href":"https:\/\/depodar.com\/index.php\/wp-json\/wp\/v2\/product_brand?post=614"},{"taxonomy":"product_cat","embeddable":true,"href":"https:\/\/depodar.com\/index.php\/wp-json\/wp\/v2\/product_cat?post=614"},{"taxonomy":"product_tag","embeddable":true,"href":"https:\/\/depodar.com\/index.php\/wp-json\/wp\/v2\/product_tag?post=614"}],"curies":[{"name":"wp","href":"https:\/\/api.w.org\/{rel}","templated":true}]}}