{"id":613,"date":"2024-03-18T20:48:00","date_gmt":"2024-03-18T20:48:00","guid":{"rendered":"https:\/\/depodar.com\/?post_type=product&#038;p=613"},"modified":"2024-03-18T20:51:38","modified_gmt":"2024-03-18T20:51:38","slug":"aim-corner-filter-kucuk-boy-kopya","status":"publish","type":"product","link":"https:\/\/depodar.com\/index.php\/product\/aim-corner-filter-kucuk-boy-kopya\/","title":{"rendered":"AIM CORNER F\u0130LTER( K\u00dc\u00c7\u00dcK BOY) (Kullan\u0131lm\u0131\u015f)"},"content":{"rendered":"<p>AIM CORNER F\u0130LTER K\u00dc\u00c7\u00dcK BOY<\/p>\n<p>Aim Corner Filter Hava motoru \u0130le \u00c7al\u0131\u015fan K\u00f6\u015fe filtresidir. Hava motorunuz olmal\u0131 veya ayr\u0131ca al\u0131nmal\u0131d\u0131r. \u00dcr\u00fcn kullan\u0131lm\u0131\u015ft\u0131r. En: 8 cm. Boy: 8 cm. Y\u00fckseklik : 9 cm. \u00dcr\u00fcn i\u00e7i bo\u015f olup kullan\u0131m nedeniyle k\u00fc\u00e7\u00fck \u00e7izikler olabilir ancak fotoda yer ald\u0131\u011f\u0131 \u00fczere genelinde temizlenmi\u015f durumdad\u0131r.<\/p>\n<p>Filtrenin akvaryum taban\u0131nda kalmas\u0131 i\u00e7in filte taban\u0131na bir miktar kum veya seramik filtre boncu\u011fu vb bakteri tutucu ve a\u011f\u0131rl\u0131k yapabilecek katman eklendikten sonra elyaf veya s\u00fcnger gibi filtre malzemeleri eklenmelidir. A\u011f\u0131rl\u0131k katman\u0131 eklenmez ise hava verildi\u011finde balon gibi su y\u00fczeyine \u00e7\u0131kacakt\u0131r<\/p>\n","protected":false},"excerpt":{"rendered":"<p>AIM CORNER F\u0130LTER K\u00dc\u00c7\u00dcK BOY Aim Corner Filter Hava motoru \u0130le \u00c7al\u0131\u015fan K\u00f6\u015fe filtresidir. Hava motorunuz olmal\u0131 veya ayr\u0131ca al\u0131nmal\u0131d\u0131r. \u00dcr\u00fcn kullan\u0131lm\u0131\u015ft\u0131r. En: 8 cm. Boy: 8 cm. Y\u00fckseklik : 9 cm. \u00dcr\u00fcn i\u00e7i bo\u015f olup kullan\u0131m nedeniyle k\u00fc\u00e7\u00fck \u00e7izikler olabilir ancak fotoda yer ald\u0131\u011f\u0131 \u00fczere genelinde temizlenmi\u015f durumdad\u0131r. Filtrenin akvaryum taban\u0131nda kalmas\u0131 i\u00e7in filte [&hellip;]<\/p>\n","protected":false},"featured_media":557,"template":"","meta":{"_monsterinsights_skip_tracking":false,"_monsterinsights_sitenote_active":false,"_monsterinsights_sitenote_note":"","_monsterinsights_sitenote_category":0},"product_brand":[],"product_cat":[28,52],"product_tag":[55,53],"class_list":{"0":"post-613","1":"product","2":"type-product","3":"status-publish","4":"has-post-thumbnail","6":"product_cat-akvaryum","7":"product_cat-ikinci-el-urunler","8":"product_tag-filtre","9":"product_tag-ikinci-el","11":"first","12":"instock","13":"shipping-taxable","14":"purchasable","15":"product-type-simple"},"aioseo_notices":[],"jetpack_sharing_enabled":true,"_links":{"self":[{"href":"https:\/\/depodar.com\/index.php\/wp-json\/wp\/v2\/product\/613","targetHints":{"allow":["GET"]}}],"collection":[{"href":"https:\/\/depodar.com\/index.php\/wp-json\/wp\/v2\/product"}],"about":[{"href":"https:\/\/depodar.com\/index.php\/wp-json\/wp\/v2\/types\/product"}],"wp:featuredmedia":[{"embeddable":true,"href":"https:\/\/depodar.com\/index.php\/wp-json\/wp\/v2\/media\/557"}],"wp:attachment":[{"href":"https:\/\/depodar.com\/index.php\/wp-json\/wp\/v2\/media?parent=613"}],"wp:term":[{"taxonomy":"product_brand","embeddable":true,"href":"https:\/\/depodar.com\/index.php\/wp-json\/wp\/v2\/product_brand?post=613"},{"taxonomy":"product_cat","embeddable":true,"href":"https:\/\/depodar.com\/index.php\/wp-json\/wp\/v2\/product_cat?post=613"},{"taxonomy":"product_tag","embeddable":true,"href":"https:\/\/depodar.com\/index.php\/wp-json\/wp\/v2\/product_tag?post=613"}],"curies":[{"name":"wp","href":"https:\/\/api.w.org\/{rel}","templated":true}]}}