{"id":604,"date":"2024-03-18T19:29:21","date_gmt":"2024-03-18T19:29:21","guid":{"rendered":"https:\/\/depodar.com\/?post_type=product&#038;p=604"},"modified":"2024-03-19T08:42:19","modified_gmt":"2024-03-19T08:42:19","slug":"metal-5li-hava-dagitim-kiti","status":"publish","type":"product","link":"https:\/\/depodar.com\/index.php\/product\/metal-5li-hava-dagitim-kiti\/","title":{"rendered":"METAL 5&#8217;L\u0130 HAVA DA\u011eITIM K\u0130T\u0130"},"content":{"rendered":"<p>METAL 5&#8217;L\u0130 HAVA DA\u011eITIM K\u0130T\u0130<\/p>\n<p>Tek kanaldan gelen havay\u0131 5 ayr\u0131 tanka\/al\u0131c\u0131ya da\u011f\u0131tmaya yarar. Paslanmaz krom malzemeden \u00fcretim kaliteli bir \u00fcr\u00fcnd\u00fcr<\/p>\n","protected":false},"excerpt":{"rendered":"<p>METAL 5&#8217;L\u0130 HAVA DA\u011eITIM K\u0130T\u0130 Tek kanaldan gelen havay\u0131 5 ayr\u0131 tanka\/al\u0131c\u0131ya da\u011f\u0131tmaya yarar. Paslanmaz krom malzemeden \u00fcretim kaliteli bir \u00fcr\u00fcnd\u00fcr<\/p>\n","protected":false},"featured_media":605,"template":"","meta":{"_monsterinsights_skip_tracking":false,"_monsterinsights_sitenote_active":false,"_monsterinsights_sitenote_note":"","_monsterinsights_sitenote_category":0},"product_brand":[],"product_cat":[28,51],"product_tag":[56],"class_list":{"0":"post-604","1":"product","2":"type-product","3":"status-publish","4":"has-post-thumbnail","6":"product_cat-akvaryum","7":"product_cat-sifir-urunler","8":"product_tag-sifir-urun","10":"first","11":"instock","12":"featured","13":"shipping-taxable","14":"purchasable","15":"product-type-simple"},"aioseo_notices":[],"jetpack_sharing_enabled":true,"_links":{"self":[{"href":"https:\/\/depodar.com\/index.php\/wp-json\/wp\/v2\/product\/604","targetHints":{"allow":["GET"]}}],"collection":[{"href":"https:\/\/depodar.com\/index.php\/wp-json\/wp\/v2\/product"}],"about":[{"href":"https:\/\/depodar.com\/index.php\/wp-json\/wp\/v2\/types\/product"}],"wp:featuredmedia":[{"embeddable":true,"href":"https:\/\/depodar.com\/index.php\/wp-json\/wp\/v2\/media\/605"}],"wp:attachment":[{"href":"https:\/\/depodar.com\/index.php\/wp-json\/wp\/v2\/media?parent=604"}],"wp:term":[{"taxonomy":"product_brand","embeddable":true,"href":"https:\/\/depodar.com\/index.php\/wp-json\/wp\/v2\/product_brand?post=604"},{"taxonomy":"product_cat","embeddable":true,"href":"https:\/\/depodar.com\/index.php\/wp-json\/wp\/v2\/product_cat?post=604"},{"taxonomy":"product_tag","embeddable":true,"href":"https:\/\/depodar.com\/index.php\/wp-json\/wp\/v2\/product_tag?post=604"}],"curies":[{"name":"wp","href":"https:\/\/api.w.org\/{rel}","templated":true}]}}