{"id":603,"date":"2024-03-18T19:20:22","date_gmt":"2024-03-18T19:20:22","guid":{"rendered":"https:\/\/depodar.com\/?post_type=product&#038;p=603"},"modified":"2024-03-18T19:33:51","modified_gmt":"2024-03-18T19:33:51","slug":"miknatisli-akvaryum-cam-temizleyici","status":"publish","type":"product","link":"https:\/\/depodar.com\/index.php\/product\/miknatisli-akvaryum-cam-temizleyici\/","title":{"rendered":"MIKNATISLI AKVARYUM CAM TEM\u0130ZLEY\u0130C\u0130"},"content":{"rendered":"<p>MIKNATISLI AKVARYUM CAM TEM\u0130ZLEY\u0130C\u0130<\/p>\n<p>Hollanda mal\u0131 g\u00fc\u00e7l\u00fc m\u0131knat\u0131sl\u0131 10.5cm x2cm ebad\u0131nda m\u0131knat\u0131sl\u0131 cam silici<\/p>\n","protected":false},"excerpt":{"rendered":"<p>MIKNATISLI AKVARYUM CAM TEM\u0130ZLEY\u0130C\u0130 Hollanda mal\u0131 g\u00fc\u00e7l\u00fc m\u0131knat\u0131sl\u0131 10.5cm x2cm ebad\u0131nda m\u0131knat\u0131sl\u0131 cam silici<\/p>\n","protected":false},"featured_media":567,"template":"","meta":{"_monsterinsights_skip_tracking":false,"_monsterinsights_sitenote_active":false,"_monsterinsights_sitenote_note":"","_monsterinsights_sitenote_category":0},"product_brand":[],"product_cat":[28,52],"product_tag":[53],"class_list":{"0":"post-603","1":"product","2":"type-product","3":"status-publish","4":"has-post-thumbnail","6":"product_cat-akvaryum","7":"product_cat-ikinci-el-urunler","8":"product_tag-ikinci-el","10":"first","11":"instock","12":"shipping-taxable","13":"purchasable","14":"product-type-simple"},"aioseo_notices":[],"jetpack_sharing_enabled":true,"_links":{"self":[{"href":"https:\/\/depodar.com\/index.php\/wp-json\/wp\/v2\/product\/603","targetHints":{"allow":["GET"]}}],"collection":[{"href":"https:\/\/depodar.com\/index.php\/wp-json\/wp\/v2\/product"}],"about":[{"href":"https:\/\/depodar.com\/index.php\/wp-json\/wp\/v2\/types\/product"}],"wp:featuredmedia":[{"embeddable":true,"href":"https:\/\/depodar.com\/index.php\/wp-json\/wp\/v2\/media\/567"}],"wp:attachment":[{"href":"https:\/\/depodar.com\/index.php\/wp-json\/wp\/v2\/media?parent=603"}],"wp:term":[{"taxonomy":"product_brand","embeddable":true,"href":"https:\/\/depodar.com\/index.php\/wp-json\/wp\/v2\/product_brand?post=603"},{"taxonomy":"product_cat","embeddable":true,"href":"https:\/\/depodar.com\/index.php\/wp-json\/wp\/v2\/product_cat?post=603"},{"taxonomy":"product_tag","embeddable":true,"href":"https:\/\/depodar.com\/index.php\/wp-json\/wp\/v2\/product_tag?post=603"}],"curies":[{"name":"wp","href":"https:\/\/api.w.org\/{rel}","templated":true}]}}