{"id":600,"date":"2024-03-18T19:00:41","date_gmt":"2024-03-18T19:00:41","guid":{"rendered":"https:\/\/depodar.com\/?post_type=product&#038;p=600"},"modified":"2024-03-19T08:42:28","modified_gmt":"2024-03-19T08:42:28","slug":"rs-elektrical-rs-100-selale-filtre","status":"publish","type":"product","link":"https:\/\/depodar.com\/index.php\/product\/rs-elektrical-rs-100-selale-filtre\/","title":{"rendered":"RS ELEKTR\u0130CAL RS-100 \u015eELALE F\u0130LTRE"},"content":{"rendered":"<p>RS-100 \u015eELALE F\u0130LTRE<\/p>\n<p>K\u00fc\u00e7\u00fck akvaryumlar i\u00e7in uygun olabileceK \u015felale fitredir. 2.5w l\u0131k enerji t\u00fcketimi ile ekonomik bir fitredir.\u0130\u00e7erisinde kendi s\u00fcngeri bulunmaktad\u0131r. Debi ayar\u0131 yap\u0131labilmektedir. \u0130lk \u00e7al\u0131\u015ft\u0131rmada i\u00e7i su doldurulduktan sonra fi\u015fe tak\u0131lmal\u0131d\u0131r.<\/p>\n","protected":false},"excerpt":{"rendered":"<p>RS-100 \u015eELALE F\u0130LTRE K\u00fc\u00e7\u00fck akvaryumlar i\u00e7in uygun olabileceK \u015felale fitredir. 2.5w l\u0131k enerji t\u00fcketimi ile ekonomik bir fitredir.\u0130\u00e7erisinde kendi s\u00fcngeri bulunmaktad\u0131r. Debi ayar\u0131 yap\u0131labilmektedir. \u0130lk \u00e7al\u0131\u015ft\u0131rmada i\u00e7i su doldurulduktan sonra fi\u015fe tak\u0131lmal\u0131d\u0131r.<\/p>\n","protected":false},"featured_media":578,"template":"","meta":{"_monsterinsights_skip_tracking":false,"_monsterinsights_sitenote_active":false,"_monsterinsights_sitenote_note":"","_monsterinsights_sitenote_category":0},"product_brand":[],"product_cat":[28,51],"product_tag":[55,56],"class_list":{"0":"post-600","1":"product","2":"type-product","3":"status-publish","4":"has-post-thumbnail","6":"product_cat-akvaryum","7":"product_cat-sifir-urunler","8":"product_tag-filtre","9":"product_tag-sifir-urun","11":"first","12":"instock","13":"featured","14":"shipping-taxable","15":"purchasable","16":"product-type-simple"},"aioseo_notices":[],"jetpack_sharing_enabled":true,"_links":{"self":[{"href":"https:\/\/depodar.com\/index.php\/wp-json\/wp\/v2\/product\/600","targetHints":{"allow":["GET"]}}],"collection":[{"href":"https:\/\/depodar.com\/index.php\/wp-json\/wp\/v2\/product"}],"about":[{"href":"https:\/\/depodar.com\/index.php\/wp-json\/wp\/v2\/types\/product"}],"wp:featuredmedia":[{"embeddable":true,"href":"https:\/\/depodar.com\/index.php\/wp-json\/wp\/v2\/media\/578"}],"wp:attachment":[{"href":"https:\/\/depodar.com\/index.php\/wp-json\/wp\/v2\/media?parent=600"}],"wp:term":[{"taxonomy":"product_brand","embeddable":true,"href":"https:\/\/depodar.com\/index.php\/wp-json\/wp\/v2\/product_brand?post=600"},{"taxonomy":"product_cat","embeddable":true,"href":"https:\/\/depodar.com\/index.php\/wp-json\/wp\/v2\/product_cat?post=600"},{"taxonomy":"product_tag","embeddable":true,"href":"https:\/\/depodar.com\/index.php\/wp-json\/wp\/v2\/product_tag?post=600"}],"curies":[{"name":"wp","href":"https:\/\/api.w.org\/{rel}","templated":true}]}}