{"id":599,"date":"2024-03-18T18:52:39","date_gmt":"2024-03-18T18:52:39","guid":{"rendered":"https:\/\/depodar.com\/?post_type=product&#038;p=599"},"modified":"2024-03-19T08:42:33","modified_gmt":"2024-03-19T08:42:33","slug":"seramik-halka","status":"publish","type":"product","link":"https:\/\/depodar.com\/index.php\/product\/seramik-halka\/","title":{"rendered":"SERAM\u0130K HALKA"},"content":{"rendered":"<p>SERAM\u0130K HALKA<\/p>\n<p>T\u00fcm filtrelerde kullan\u0131labilecek bakteri tutucu \u00f6zelli\u011fi olan bir \u00fcr\u00fcnd\u00fcr. \u00d6zel filesi ile do\u011frudan d\u0131\u015f filtreye eklenebilirsiniz. File ile temizlik i\u015flemi kolayla\u015fm\u0131\u015f olacakt\u0131r.<\/p>\n","protected":false},"excerpt":{"rendered":"<p>SERAM\u0130K HALKA T\u00fcm filtrelerde kullan\u0131labilecek bakteri tutucu \u00f6zelli\u011fi olan bir \u00fcr\u00fcnd\u00fcr. \u00d6zel filesi ile do\u011frudan d\u0131\u015f filtreye eklenebilirsiniz. File ile temizlik i\u015flemi kolayla\u015fm\u0131\u015f olacakt\u0131r.<\/p>\n","protected":false},"featured_media":585,"template":"","meta":{"_monsterinsights_skip_tracking":false,"_monsterinsights_sitenote_active":false,"_monsterinsights_sitenote_note":"","_monsterinsights_sitenote_category":0},"product_brand":[],"product_cat":[28,51],"product_tag":[57,56],"class_list":{"0":"post-599","1":"product","2":"type-product","3":"status-publish","4":"has-post-thumbnail","6":"product_cat-akvaryum","7":"product_cat-sifir-urunler","8":"product_tag-filtre-malzemesi","9":"product_tag-sifir-urun","11":"first","12":"instock","13":"featured","14":"shipping-taxable","15":"purchasable","16":"product-type-simple"},"aioseo_notices":[],"jetpack_sharing_enabled":true,"_links":{"self":[{"href":"https:\/\/depodar.com\/index.php\/wp-json\/wp\/v2\/product\/599","targetHints":{"allow":["GET"]}}],"collection":[{"href":"https:\/\/depodar.com\/index.php\/wp-json\/wp\/v2\/product"}],"about":[{"href":"https:\/\/depodar.com\/index.php\/wp-json\/wp\/v2\/types\/product"}],"wp:featuredmedia":[{"embeddable":true,"href":"https:\/\/depodar.com\/index.php\/wp-json\/wp\/v2\/media\/585"}],"wp:attachment":[{"href":"https:\/\/depodar.com\/index.php\/wp-json\/wp\/v2\/media?parent=599"}],"wp:term":[{"taxonomy":"product_brand","embeddable":true,"href":"https:\/\/depodar.com\/index.php\/wp-json\/wp\/v2\/product_brand?post=599"},{"taxonomy":"product_cat","embeddable":true,"href":"https:\/\/depodar.com\/index.php\/wp-json\/wp\/v2\/product_cat?post=599"},{"taxonomy":"product_tag","embeddable":true,"href":"https:\/\/depodar.com\/index.php\/wp-json\/wp\/v2\/product_tag?post=599"}],"curies":[{"name":"wp","href":"https:\/\/api.w.org\/{rel}","templated":true}]}}