{"id":598,"date":"2024-03-18T13:28:10","date_gmt":"2024-03-18T13:28:10","guid":{"rendered":"https:\/\/depodar.com\/?post_type=product&#038;p=598"},"modified":"2024-03-19T08:42:37","modified_gmt":"2024-03-19T08:42:37","slug":"sunsun-hbl-301-selale-filtre-350l-h-2w","status":"publish","type":"product","link":"https:\/\/depodar.com\/index.php\/product\/sunsun-hbl-301-selale-filtre-350l-h-2w\/","title":{"rendered":"SUNSUN HBL-301 \u015eELALE F\u0130LTRE 350L\/H 2W"},"content":{"rendered":"<h1>SUNSUN HBL-301 \u015eELALE F\u0130LTRE 350L\/H 2W<\/h1>\n<p>350 L\/h max su debisi. 2 W g\u00fc\u00e7 t\u00fcketimi. \u00d6l\u00e7\u00fcleri 8,5 x 10 x 19h cm. \u0130lk \u00e7al\u0131\u015ft\u0131rmada i\u00e7i su doldurulduktan sonra fi\u015fe tak\u0131lmal\u0131d\u0131r.<\/p>\n","protected":false},"excerpt":{"rendered":"<p>SUNSUN HBL-301 \u015eELALE F\u0130LTRE 350L\/H 2W 350 L\/h max su debisi. 2 W g\u00fc\u00e7 t\u00fcketimi. \u00d6l\u00e7\u00fcleri 8,5 x 10 x 19h cm. \u0130lk \u00e7al\u0131\u015ft\u0131rmada i\u00e7i su doldurulduktan sonra fi\u015fe tak\u0131lmal\u0131d\u0131r.<\/p>\n","protected":false},"featured_media":586,"template":"","meta":{"_monsterinsights_skip_tracking":false,"_monsterinsights_sitenote_active":false,"_monsterinsights_sitenote_note":"","_monsterinsights_sitenote_category":0},"product_brand":[],"product_cat":[28,51],"product_tag":[55,56],"class_list":{"0":"post-598","1":"product","2":"type-product","3":"status-publish","4":"has-post-thumbnail","6":"product_cat-akvaryum","7":"product_cat-sifir-urunler","8":"product_tag-filtre","9":"product_tag-sifir-urun","11":"first","12":"instock","13":"featured","14":"shipping-taxable","15":"purchasable","16":"product-type-simple"},"aioseo_notices":[],"jetpack_sharing_enabled":true,"_links":{"self":[{"href":"https:\/\/depodar.com\/index.php\/wp-json\/wp\/v2\/product\/598","targetHints":{"allow":["GET"]}}],"collection":[{"href":"https:\/\/depodar.com\/index.php\/wp-json\/wp\/v2\/product"}],"about":[{"href":"https:\/\/depodar.com\/index.php\/wp-json\/wp\/v2\/types\/product"}],"wp:featuredmedia":[{"embeddable":true,"href":"https:\/\/depodar.com\/index.php\/wp-json\/wp\/v2\/media\/586"}],"wp:attachment":[{"href":"https:\/\/depodar.com\/index.php\/wp-json\/wp\/v2\/media?parent=598"}],"wp:term":[{"taxonomy":"product_brand","embeddable":true,"href":"https:\/\/depodar.com\/index.php\/wp-json\/wp\/v2\/product_brand?post=598"},{"taxonomy":"product_cat","embeddable":true,"href":"https:\/\/depodar.com\/index.php\/wp-json\/wp\/v2\/product_cat?post=598"},{"taxonomy":"product_tag","embeddable":true,"href":"https:\/\/depodar.com\/index.php\/wp-json\/wp\/v2\/product_tag?post=598"}],"curies":[{"name":"wp","href":"https:\/\/api.w.org\/{rel}","templated":true}]}}