{"id":597,"date":"2024-03-18T13:23:51","date_gmt":"2024-03-18T13:23:51","guid":{"rendered":"https:\/\/depodar.com\/?post_type=product&#038;p=597"},"modified":"2025-05-30T18:55:59","modified_gmt":"2025-05-30T15:55:59","slug":"resun-hf-2002-selale-filtre","status":"publish","type":"product","link":"https:\/\/depodar.com\/index.php\/product\/resun-hf-2002-selale-filtre\/","title":{"rendered":"RESUN HF 2002 \u015eELALE F\u0130LTRE"},"content":{"rendered":"<p>RESUN HF 2002 \u015eELALE F\u0130LTRE. 6 w t\u00fcketim ile saatte 570 tl akvaryum suyunu filtre eder.570 l\/h.100-125 aras\u0131 tanklar i\u00e7in uygundur.<\/p>\n<p>\u0130lk \u00e7al\u0131\u015ft\u0131rmada i\u00e7i su doldurulduktan sonra fi\u015fe tak\u0131lmal\u0131d\u0131r.<\/p>\n","protected":false},"excerpt":{"rendered":"<p>RESUN HF 2002 \u015eELALE F\u0130LTRE. 6 w t\u00fcketim ile saatte 570 tl akvaryum suyunu filtre eder.570 l\/h.100-125 aras\u0131 tanklar i\u00e7in uygundur. \u0130lk \u00e7al\u0131\u015ft\u0131rmada i\u00e7i su doldurulduktan sonra fi\u015fe tak\u0131lmal\u0131d\u0131r.<\/p>\n","protected":false},"featured_media":573,"template":"","meta":{"_monsterinsights_skip_tracking":false,"_monsterinsights_sitenote_active":false,"_monsterinsights_sitenote_note":"","_monsterinsights_sitenote_category":0},"product_brand":[],"product_cat":[28,52],"product_tag":[55,53],"class_list":{"0":"post-597","1":"product","2":"type-product","3":"status-publish","4":"has-post-thumbnail","6":"product_cat-akvaryum","7":"product_cat-ikinci-el-urunler","8":"product_tag-filtre","9":"product_tag-ikinci-el","11":"first","12":"instock","13":"shipping-taxable","14":"purchasable","15":"product-type-simple"},"aioseo_notices":[],"jetpack_sharing_enabled":true,"_links":{"self":[{"href":"https:\/\/depodar.com\/index.php\/wp-json\/wp\/v2\/product\/597","targetHints":{"allow":["GET"]}}],"collection":[{"href":"https:\/\/depodar.com\/index.php\/wp-json\/wp\/v2\/product"}],"about":[{"href":"https:\/\/depodar.com\/index.php\/wp-json\/wp\/v2\/types\/product"}],"wp:featuredmedia":[{"embeddable":true,"href":"https:\/\/depodar.com\/index.php\/wp-json\/wp\/v2\/media\/573"}],"wp:attachment":[{"href":"https:\/\/depodar.com\/index.php\/wp-json\/wp\/v2\/media?parent=597"}],"wp:term":[{"taxonomy":"product_brand","embeddable":true,"href":"https:\/\/depodar.com\/index.php\/wp-json\/wp\/v2\/product_brand?post=597"},{"taxonomy":"product_cat","embeddable":true,"href":"https:\/\/depodar.com\/index.php\/wp-json\/wp\/v2\/product_cat?post=597"},{"taxonomy":"product_tag","embeddable":true,"href":"https:\/\/depodar.com\/index.php\/wp-json\/wp\/v2\/product_tag?post=597"}],"curies":[{"name":"wp","href":"https:\/\/api.w.org\/{rel}","templated":true}]}}