{"id":2318,"date":"2026-04-22T23:05:55","date_gmt":"2026-04-22T20:05:55","guid":{"rendered":"https:\/\/depodar.com\/?post_type=product&#038;p=2318"},"modified":"2026-04-25T21:31:28","modified_gmt":"2026-04-25T18:31:28","slug":"singer-45k","status":"publish","type":"product","link":"https:\/\/depodar.com\/index.php\/product\/singer-45k\/","title":{"rendered":"Singer 45K"},"content":{"rendered":"<p>Singer 45K,\u00a0 45k57<\/p>\n<p>Singer\u2019 in 1951 y\u0131l\u0131nda kurulu\u015funun 100.y\u0131l \u015ferefine \u00f6zel olarak Mavi Arma (Blue Badge)\u00a0 ile \u00fcretti\u011fi \u201cCentury of Sewing\u201d olarak tan\u0131mlad\u0131\u011f\u0131 \u00f6zel serisidir. Bu seri d\u00fcnya \u00e7ap\u0131nda koleksiyonerlerin \u00f6zel olarak arad\u0131\u011f\u0131, s\u0131n\u0131rl\u0131 say\u0131da \u00fcretilmi\u015f\u00a0 ve g\u00fcn\u00fcm\u00fcze de \u00e7ok az\u00a0 say\u0131da kalm\u0131\u015f makineleri kapsamaktad\u0131r. \u0130nternette \u201cSinger Blue Badge\u201d olarak arama yapt\u0131\u011f\u0131n\u0131zda detay ve muadil fiyatlar\u0131na (USD 2000) ula\u015fabilirsiniz.<\/p>\n<p>T\u00fcm aksamlar\u0131 ile \u00e7al\u0131\u015f\u0131r durumda olup , Orjinal kendi boyas\u0131, ile revizyon g\u00f6rmemi\u015f ya\u011f bak\u0131mlar\u0131 yap\u0131larak , i\u011fnesi yenilenmi\u015ftir. 75 ya\u015f\u0131n\u0131 tamamlam\u0131\u015f olmas\u0131na ra\u011fmen \u00e7ok iyi kondisyonda\u00a0 bir \u00fcr\u00fcnd\u00fcr.<\/p>\n<p>Genel olarak kal\u0131n malzemeleri kal\u0131n ipliklerle dikmek veya el diki\u015fine yak\u0131n s\u00fcs diki\u015fi yapmak i\u00e7in aran\u0131lan makineler olmakla birlikte ince derilerde de\u00a0 diki\u015f\/s\u00fcs diki\u015f yapabilmektedir.<\/p>\n<p>\u00dcr\u00fcn makine olarak olduk\u00e7a a\u011f\u0131r oldu\u011fundan kargo yap\u0131lamaz. Bu nedenle sepete ekleme uygulamas\u0131 bulunmamaktad\u0131r.<\/p>\n<p>Ankara i\u00e7i iletim durumu ve di\u011fer detaylar\u00a0 hakk\u0131nda Whatsapp ikonuna t\u0131klayarak bilgi alabilirsiniz.<\/p>\n","protected":false},"excerpt":{"rendered":"<p>Singer 45K,\u00a0 \u00a045K57<\/p>\n","protected":false},"featured_media":2319,"template":"","meta":{"_monsterinsights_skip_tracking":false,"_monsterinsights_sitenote_active":false,"_monsterinsights_sitenote_note":"","_monsterinsights_sitenote_category":0},"product_brand":[],"product_cat":[78],"product_tag":[80,79],"class_list":{"0":"post-2318","1":"product","2":"type-product","3":"status-publish","4":"has-post-thumbnail","6":"product_cat-dikis-makineleri","7":"product_tag-dikis-makinesi","8":"product_tag-singer","10":"first","11":"instock","12":"purchasable","13":"product-type-simple"},"aioseo_notices":[],"jetpack_sharing_enabled":true,"_links":{"self":[{"href":"https:\/\/depodar.com\/index.php\/wp-json\/wp\/v2\/product\/2318","targetHints":{"allow":["GET"]}}],"collection":[{"href":"https:\/\/depodar.com\/index.php\/wp-json\/wp\/v2\/product"}],"about":[{"href":"https:\/\/depodar.com\/index.php\/wp-json\/wp\/v2\/types\/product"}],"wp:featuredmedia":[{"embeddable":true,"href":"https:\/\/depodar.com\/index.php\/wp-json\/wp\/v2\/media\/2319"}],"wp:attachment":[{"href":"https:\/\/depodar.com\/index.php\/wp-json\/wp\/v2\/media?parent=2318"}],"wp:term":[{"taxonomy":"product_brand","embeddable":true,"href":"https:\/\/depodar.com\/index.php\/wp-json\/wp\/v2\/product_brand?post=2318"},{"taxonomy":"product_cat","embeddable":true,"href":"https:\/\/depodar.com\/index.php\/wp-json\/wp\/v2\/product_cat?post=2318"},{"taxonomy":"product_tag","embeddable":true,"href":"https:\/\/depodar.com\/index.php\/wp-json\/wp\/v2\/product_tag?post=2318"}],"curies":[{"name":"wp","href":"https:\/\/api.w.org\/{rel}","templated":true}]}}