{"id":2306,"date":"2026-03-05T12:39:41","date_gmt":"2026-03-05T09:39:41","guid":{"rendered":"https:\/\/depodar.com\/?post_type=product&#038;p=2306"},"modified":"2026-04-01T14:45:53","modified_gmt":"2026-04-01T11:45:53","slug":"toptan-akvaryum-malzemesi-avantajli-fiyat","status":"publish","type":"product","link":"https:\/\/depodar.com\/index.php\/product\/toptan-akvaryum-malzemesi-avantajli-fiyat\/","title":{"rendered":"TOPTAN AKVARYUM MALZEMES\u0130 AVANTAJLI F\u0130YAT"},"content":{"rendered":"<p>TOPTAN AKVARYUM MALZEMES\u0130 AVANTAJLI F\u0130YAT<\/p>\n<p>1 adet ATMAN AT-F101 (Kullan\u0131lm\u0131\u015f)<\/p>\n<p>1 adet Canl\u0131 do\u011furanlar i\u00e7in yavruluk (Kullan\u0131lm\u0131\u015f)<\/p>\n<p>4 adet HAGEN MAR\u0130NA BOTTOM F\u0130LTER (Kullan\u0131lm\u0131\u015f)<\/p>\n<p>4 adet HAGEN MAR\u0130NA CORNER F\u0130LTER (Kullan\u0131lm\u0131\u015f)<\/p>\n<p>1 adet 10 cm MIKNATISLI AKVARYUM CAM TEM\u0130ZLEY\u0130C\u0130 (Kullan\u0131lm\u0131\u015f)<\/p>\n<p>1 adet RESUN HF 2002 \u015eELALE F\u0130LTRE. (Kullan\u0131lm\u0131\u015f)<\/p>\n<p>2 adet AIM CORNER F\u0130LTER( K\u00dc\u00c7\u00dcK BOY) (Kullan\u0131lm\u0131\u015f)<\/p>\n<p>1 adet 20 m ye yak\u0131n hava hortumu (S\u0131f\u0131r)<\/p>\n<p>500 gr seramik makarna (Kullan\u0131lm\u0131\u015f)<\/p>\n<p>1 ADET Me\u00e7 Hava da\u011f\u0131t\u0131m kiti (S\u0131f\u0131r)<\/p>\n<p>4 K\u00dc\u00c7\u00dcK PAR\u00c7A B\u0130YOLOJ\u0130K S\u00dcNGER<\/p>\n<p>hepsi sadece 2000 TL olup Ankara i\u00e7i elden teslim Fiyat\u0131d\u0131r.<\/p>\n<p>Kargo neredeyse kendi fiyat\u0131 kadar tutuyor bu nedenle kargo yap\u0131lamaz.<\/p>\n<h1 class=\"wp-block-post-title\"><\/h1>\n","protected":false},"excerpt":{"rendered":"<p>TOPTAN AKVARYUM MALZEMES\u0130<\/p>\n","protected":false},"featured_media":2307,"template":"","meta":{"_monsterinsights_skip_tracking":false,"_monsterinsights_sitenote_active":false,"_monsterinsights_sitenote_note":"","_monsterinsights_sitenote_category":0},"product_brand":[],"product_cat":[28,52],"product_tag":[59,55,53],"class_list":{"0":"post-2306","1":"product","2":"type-product","3":"status-publish","4":"has-post-thumbnail","6":"product_cat-akvaryum","7":"product_cat-ikinci-el-urunler","8":"product_tag-atman","9":"product_tag-filtre","10":"product_tag-ikinci-el","12":"first","13":"instock","14":"shipping-taxable","15":"purchasable","16":"product-type-simple"},"aioseo_notices":[],"jetpack_sharing_enabled":true,"_links":{"self":[{"href":"https:\/\/depodar.com\/index.php\/wp-json\/wp\/v2\/product\/2306","targetHints":{"allow":["GET"]}}],"collection":[{"href":"https:\/\/depodar.com\/index.php\/wp-json\/wp\/v2\/product"}],"about":[{"href":"https:\/\/depodar.com\/index.php\/wp-json\/wp\/v2\/types\/product"}],"wp:featuredmedia":[{"embeddable":true,"href":"https:\/\/depodar.com\/index.php\/wp-json\/wp\/v2\/media\/2307"}],"wp:attachment":[{"href":"https:\/\/depodar.com\/index.php\/wp-json\/wp\/v2\/media?parent=2306"}],"wp:term":[{"taxonomy":"product_brand","embeddable":true,"href":"https:\/\/depodar.com\/index.php\/wp-json\/wp\/v2\/product_brand?post=2306"},{"taxonomy":"product_cat","embeddable":true,"href":"https:\/\/depodar.com\/index.php\/wp-json\/wp\/v2\/product_cat?post=2306"},{"taxonomy":"product_tag","embeddable":true,"href":"https:\/\/depodar.com\/index.php\/wp-json\/wp\/v2\/product_tag?post=2306"}],"curies":[{"name":"wp","href":"https:\/\/api.w.org\/{rel}","templated":true}]}}