{"id":1951,"date":"2025-12-25T15:02:43","date_gmt":"2025-12-25T12:02:43","guid":{"rendered":"https:\/\/depodar.com\/?post_type=product&#038;p=1951"},"modified":"2026-01-15T23:34:23","modified_gmt":"2026-01-15T20:34:23","slug":"10-adet-8215x35-20x45-canta-kemer-tokasi","status":"publish","type":"product","link":"https:\/\/depodar.com\/index.php\/product\/10-adet-8215x35-20x45-canta-kemer-tokasi\/","title":{"rendered":"10 adet (8+2)15&#215;35- 20&#215;45 \u00c7anta Tokas\u0131, Kemer Tokas\u0131"},"content":{"rendered":"<p>10 adet (8+2)15&#215;35- 20&#215;45 \u00c7anta Tokas\u0131, Kemer Tokas\u0131<\/p>\n<p>HER LOT(\u00c7E\u015e\u0130T) KEND\u0130 \u0130\u00c7\u0130NDE AYRIM YAPILMADAN KOMPLE\u00a0 SATILIK OLUP,<\/p>\n<p>LOTLARIN\u00a0 TOPLAMI 100 ADET VE \u00dcST\u00dc OLAN TOPLU ALIMLARDA\u00a0 F\u0130YAT KONU\u015eULAB\u0130L\u0130R<\/p>\n<p>&nbsp;<\/p>\n<p>&nbsp;<\/p>\n","protected":false},"excerpt":{"rendered":"<p>\u00e7anta tokas\u0131, kemer tokas\u0131<\/p>\n","protected":false},"featured_media":1952,"template":"","meta":{"_monsterinsights_skip_tracking":false,"_monsterinsights_sitenote_active":false,"_monsterinsights_sitenote_note":"","_monsterinsights_sitenote_category":0},"product_brand":[],"product_cat":[100,101,109,98,96,97],"product_tag":[],"class_list":{"0":"post-1951","1":"product","2":"type-product","3":"status-publish","4":"has-post-thumbnail","6":"product_cat-15mm","7":"product_cat-20mm","8":"product_cat-bx4","9":"product_cat-deri-ve-deri-aksesuarlari","10":"product_cat-pimlitoka","11":"product_cat-tokalar","13":"first","14":"instock","15":"shipping-taxable","16":"purchasable","17":"product-type-simple"},"aioseo_notices":[],"jetpack_sharing_enabled":true,"_links":{"self":[{"href":"https:\/\/depodar.com\/index.php\/wp-json\/wp\/v2\/product\/1951","targetHints":{"allow":["GET"]}}],"collection":[{"href":"https:\/\/depodar.com\/index.php\/wp-json\/wp\/v2\/product"}],"about":[{"href":"https:\/\/depodar.com\/index.php\/wp-json\/wp\/v2\/types\/product"}],"wp:featuredmedia":[{"embeddable":true,"href":"https:\/\/depodar.com\/index.php\/wp-json\/wp\/v2\/media\/1952"}],"wp:attachment":[{"href":"https:\/\/depodar.com\/index.php\/wp-json\/wp\/v2\/media?parent=1951"}],"wp:term":[{"taxonomy":"product_brand","embeddable":true,"href":"https:\/\/depodar.com\/index.php\/wp-json\/wp\/v2\/product_brand?post=1951"},{"taxonomy":"product_cat","embeddable":true,"href":"https:\/\/depodar.com\/index.php\/wp-json\/wp\/v2\/product_cat?post=1951"},{"taxonomy":"product_tag","embeddable":true,"href":"https:\/\/depodar.com\/index.php\/wp-json\/wp\/v2\/product_tag?post=1951"}],"curies":[{"name":"wp","href":"https:\/\/api.w.org\/{rel}","templated":true}]}}