{"id":1876,"date":"2025-12-15T22:58:56","date_gmt":"2025-12-15T19:58:56","guid":{"rendered":"https:\/\/depodar.com\/?post_type=product&#038;p=1876"},"modified":"2026-01-16T23:45:44","modified_gmt":"2026-01-16T20:45:44","slug":"52-adet-15mm-20mm-canta-tokasi-kemer-tokasi","status":"publish","type":"product","link":"https:\/\/depodar.com\/index.php\/product\/52-adet-15mm-20mm-canta-tokasi-kemer-tokasi\/","title":{"rendered":"52 adet 15mm-20mm \u00c7anta Tokas\u0131, Kemer Tokas\u0131"},"content":{"rendered":"<p>52 adet 15mm-20mm \u00c7anta Tokas\u0131, Kemer Tokas\u0131<\/p>\n<p>HER LOT(\u00c7E\u015e\u0130T) KEND\u0130 \u0130\u00c7\u0130NDE AYRIM YAPILMADAN KOMPLE\u00a0 SATILIK OLUP,<\/p>\n<p>LOTLARIN\u00a0 TOPLAMI 100 ADET VE \u00dcST\u00dc OLAN TOPLU ALIMLARDA\u00a0 F\u0130YAT KONU\u015eULAB\u0130L\u0130R<\/p>\n<p>&nbsp;<\/p>\n<p>&nbsp;<\/p>\n","protected":false},"excerpt":{"rendered":"<p>\u00e7anta tokas\u0131, kemer tokas\u0131<\/p>\n","protected":false},"featured_media":1877,"template":"","meta":{"_monsterinsights_skip_tracking":false,"_monsterinsights_sitenote_active":false,"_monsterinsights_sitenote_note":"","_monsterinsights_sitenote_category":0},"product_brand":[],"product_cat":[100,101,106,98,95,97],"product_tag":[],"class_list":{"0":"post-1876","1":"product","2":"type-product","3":"status-publish","4":"has-post-thumbnail","6":"product_cat-15mm","7":"product_cat-20mm","8":"product_cat-bx2","9":"product_cat-deri-ve-deri-aksesuarlari","10":"product_cat-dillitoka","11":"product_cat-tokalar","13":"first","14":"instock","15":"shipping-taxable","16":"purchasable","17":"product-type-simple"},"aioseo_notices":[],"jetpack_sharing_enabled":true,"_links":{"self":[{"href":"https:\/\/depodar.com\/index.php\/wp-json\/wp\/v2\/product\/1876","targetHints":{"allow":["GET"]}}],"collection":[{"href":"https:\/\/depodar.com\/index.php\/wp-json\/wp\/v2\/product"}],"about":[{"href":"https:\/\/depodar.com\/index.php\/wp-json\/wp\/v2\/types\/product"}],"wp:featuredmedia":[{"embeddable":true,"href":"https:\/\/depodar.com\/index.php\/wp-json\/wp\/v2\/media\/1877"}],"wp:attachment":[{"href":"https:\/\/depodar.com\/index.php\/wp-json\/wp\/v2\/media?parent=1876"}],"wp:term":[{"taxonomy":"product_brand","embeddable":true,"href":"https:\/\/depodar.com\/index.php\/wp-json\/wp\/v2\/product_brand?post=1876"},{"taxonomy":"product_cat","embeddable":true,"href":"https:\/\/depodar.com\/index.php\/wp-json\/wp\/v2\/product_cat?post=1876"},{"taxonomy":"product_tag","embeddable":true,"href":"https:\/\/depodar.com\/index.php\/wp-json\/wp\/v2\/product_tag?post=1876"}],"curies":[{"name":"wp","href":"https:\/\/api.w.org\/{rel}","templated":true}]}}