{"id":1432,"date":"2025-12-01T20:56:53","date_gmt":"2025-12-01T17:56:53","guid":{"rendered":"https:\/\/depodar.com\/?post_type=product&#038;p=1432"},"modified":"2026-01-18T16:24:47","modified_gmt":"2026-01-18T13:24:47","slug":"23-adet-25x45-canta-tokasi-kemer-tokasi","status":"publish","type":"product","link":"https:\/\/depodar.com\/index.php\/product\/23-adet-25x45-canta-tokasi-kemer-tokasi\/","title":{"rendered":"23 adet 25&#215;45 \u00c7anta Tokas\u0131, Kemer Tokas\u0131"},"content":{"rendered":"<p>23 adet 25&#215;45 \u00c7anta Tokas\u0131, Kemer Tokas\u0131<\/p>\n<p>HER LOT(\u00c7E\u015e\u0130T) KEND\u0130 \u0130\u00c7\u0130NDE AYRIM YAPILMADAN KOMPLE\u00a0 SATILIK OLUP,<\/p>\n<p>LOTLARIN\u00a0 TOPLAMI 100 ADET VE \u00dcST\u00dc OLAN TOPLU ALIMLARDA\u00a0 F\u0130YAT KONU\u015eULAB\u0130L\u0130R<\/p>\n","protected":false},"excerpt":{"rendered":"<p>\u00e7anta tokas\u0131, kemer tokas\u0131<\/p>\n","protected":false},"featured_media":2200,"template":"","meta":{"_monsterinsights_skip_tracking":false,"_monsterinsights_sitenote_active":false,"_monsterinsights_sitenote_note":"","_monsterinsights_sitenote_category":0},"product_brand":[],"product_cat":[102,105,98,95,97],"product_tag":[],"class_list":{"0":"post-1432","1":"product","2":"type-product","3":"status-publish","4":"has-post-thumbnail","6":"product_cat-25mm","7":"product_cat-bx1","8":"product_cat-deri-ve-deri-aksesuarlari","9":"product_cat-dillitoka","10":"product_cat-tokalar","12":"first","13":"instock","14":"shipping-taxable","15":"purchasable","16":"product-type-simple"},"aioseo_notices":[],"jetpack_sharing_enabled":true,"_links":{"self":[{"href":"https:\/\/depodar.com\/index.php\/wp-json\/wp\/v2\/product\/1432","targetHints":{"allow":["GET"]}}],"collection":[{"href":"https:\/\/depodar.com\/index.php\/wp-json\/wp\/v2\/product"}],"about":[{"href":"https:\/\/depodar.com\/index.php\/wp-json\/wp\/v2\/types\/product"}],"wp:featuredmedia":[{"embeddable":true,"href":"https:\/\/depodar.com\/index.php\/wp-json\/wp\/v2\/media\/2200"}],"wp:attachment":[{"href":"https:\/\/depodar.com\/index.php\/wp-json\/wp\/v2\/media?parent=1432"}],"wp:term":[{"taxonomy":"product_brand","embeddable":true,"href":"https:\/\/depodar.com\/index.php\/wp-json\/wp\/v2\/product_brand?post=1432"},{"taxonomy":"product_cat","embeddable":true,"href":"https:\/\/depodar.com\/index.php\/wp-json\/wp\/v2\/product_cat?post=1432"},{"taxonomy":"product_tag","embeddable":true,"href":"https:\/\/depodar.com\/index.php\/wp-json\/wp\/v2\/product_tag?post=1432"}],"curies":[{"name":"wp","href":"https:\/\/api.w.org\/{rel}","templated":true}]}}