{"id":1331,"date":"2025-03-30T16:12:15","date_gmt":"2025-03-30T13:12:15","guid":{"rendered":"https:\/\/depodar.com\/?post_type=product&#038;p=1331"},"modified":"2026-04-22T23:53:01","modified_gmt":"2026-04-22T20:53:01","slug":"singer-196k5","status":"publish","type":"product","link":"https:\/\/depodar.com\/index.php\/product\/singer-196k5\/","title":{"rendered":"Singer 196K5"},"content":{"rendered":"<p>Singer 196k5. Orjinal Singer marka motoru ,orjinal a\u00e7ma kapama \u015falteri, motor ve \u015falter aras\u0131 orjinal metal korumal\u0131 topraklama sistemi i\u00e7eren elektrik tesisatl\u0131, orjinal ah\u015fap masas\u0131 ve t\u00fcm g\u00fczelli\u011fi ile deri dahil kal\u0131n materyal dikebilen\u00a0 tam devirli( 3500 devir )\u00e7a\u011fanoz i\u00e7eren vintage makinedir. \u00dcst\u00fcndeki seri numaras\u0131na g\u00f6re 1962 y\u0131l\u0131 \u00fcretimi oldu\u011fu d\u00fc\u015f\u00fcn\u00fclmektedir.<\/p>\n<p>Standart sanayi diki\u015f makinesi i\u011fnesi olarak ge\u00e7en ve en kolay bulunan DBx1 i\u011fne kullanmaktad\u0131r. Yine ayn\u0131 \u015fekilde masuralar\u0131 piyasada bol miktarda bulunmaktad\u0131r. \u0130stenirse roda ayak tak\u0131larak t\u00fcmden deri makineside de \u00e7evrilebilir. Bu temizlikte her zaman kar\u015f\u0131la\u015f\u0131labilecek bir \u00fcr\u00fcn de\u011fildir. Makine veya masas\u0131nda herhangi bir pas, korozyon sorunu bulunmamaktad\u0131r. En son fotoda g\u00f6r\u00fclece\u011fi \u00fczere \u015fu an demonte durumdad\u0131r. Binek ara\u00e7lara sorunsuz s\u0131\u011far.<\/p>\n<p>Kurulu olarak masa ebatlar\u0131 106 cm(uzunluk) x51 cm(geni\u015flik) x80 cm (y\u00fckseklik)<\/p>\n","protected":false},"excerpt":{"rendered":"<p>Singer 196k5<\/p>\n","protected":false},"featured_media":1401,"template":"","meta":{"_monsterinsights_skip_tracking":false,"_monsterinsights_sitenote_active":false,"_monsterinsights_sitenote_note":"","_monsterinsights_sitenote_category":0},"product_brand":[],"product_cat":[78],"product_tag":[80,79],"class_list":{"0":"post-1331","1":"product","2":"type-product","3":"status-publish","4":"has-post-thumbnail","6":"product_cat-dikis-makineleri","7":"product_tag-dikis-makinesi","8":"product_tag-singer","10":"first","11":"instock","12":"sale","13":"purchasable","14":"product-type-simple"},"aioseo_notices":[],"jetpack_sharing_enabled":true,"_links":{"self":[{"href":"https:\/\/depodar.com\/index.php\/wp-json\/wp\/v2\/product\/1331","targetHints":{"allow":["GET"]}}],"collection":[{"href":"https:\/\/depodar.com\/index.php\/wp-json\/wp\/v2\/product"}],"about":[{"href":"https:\/\/depodar.com\/index.php\/wp-json\/wp\/v2\/types\/product"}],"wp:featuredmedia":[{"embeddable":true,"href":"https:\/\/depodar.com\/index.php\/wp-json\/wp\/v2\/media\/1401"}],"wp:attachment":[{"href":"https:\/\/depodar.com\/index.php\/wp-json\/wp\/v2\/media?parent=1331"}],"wp:term":[{"taxonomy":"product_brand","embeddable":true,"href":"https:\/\/depodar.com\/index.php\/wp-json\/wp\/v2\/product_brand?post=1331"},{"taxonomy":"product_cat","embeddable":true,"href":"https:\/\/depodar.com\/index.php\/wp-json\/wp\/v2\/product_cat?post=1331"},{"taxonomy":"product_tag","embeddable":true,"href":"https:\/\/depodar.com\/index.php\/wp-json\/wp\/v2\/product_tag?post=1331"}],"curies":[{"name":"wp","href":"https:\/\/api.w.org\/{rel}","templated":true}]}}