{"id":1238,"date":"2025-02-24T00:23:43","date_gmt":"2025-02-23T21:23:43","guid":{"rendered":"https:\/\/depodar.com\/?post_type=product&#038;p=1238"},"modified":"2025-03-04T22:05:02","modified_gmt":"2025-03-04T19:05:02","slug":"mekanik-sayac","status":"publish","type":"product","link":"https:\/\/depodar.com\/index.php\/product\/mekanik-sayac\/","title":{"rendered":"Mekanik saya\u00e7"},"content":{"rendered":"<p>Mekanik saya\u00e7<\/p>\n<p>1960 l\u0131 y\u0131llar\u00a0 \u00a03 adet\u00a0 s\u0131f\u0131rlanabilir saya\u00e7\u00a0 YAnklar\u0131ndaki diskler ile s\u0131f\u0131rlan\u0131r mile yap\u0131lacak ba\u011flant\u0131 ile saya\u00e7 atar Lot olarak topluca verilecektir bu nedenle fiyatlar uygun tutulmu\u015ftur<\/p>\n","protected":false},"excerpt":{"rendered":"<p>Mekanik saya\u00e7<\/p>\n","protected":false},"featured_media":1239,"template":"","meta":{"_monsterinsights_skip_tracking":false,"_monsterinsights_sitenote_active":false,"_monsterinsights_sitenote_note":"","_monsterinsights_sitenote_category":0},"product_brand":[],"product_cat":[26],"product_tag":[],"class_list":{"0":"post-1238","1":"product","2":"type-product","3":"status-publish","4":"has-post-thumbnail","6":"product_cat-elektronikparca","8":"first","9":"instock","10":"shipping-taxable","11":"purchasable","12":"product-type-simple"},"aioseo_notices":[],"jetpack_sharing_enabled":true,"_links":{"self":[{"href":"https:\/\/depodar.com\/index.php\/wp-json\/wp\/v2\/product\/1238","targetHints":{"allow":["GET"]}}],"collection":[{"href":"https:\/\/depodar.com\/index.php\/wp-json\/wp\/v2\/product"}],"about":[{"href":"https:\/\/depodar.com\/index.php\/wp-json\/wp\/v2\/types\/product"}],"wp:featuredmedia":[{"embeddable":true,"href":"https:\/\/depodar.com\/index.php\/wp-json\/wp\/v2\/media\/1239"}],"wp:attachment":[{"href":"https:\/\/depodar.com\/index.php\/wp-json\/wp\/v2\/media?parent=1238"}],"wp:term":[{"taxonomy":"product_brand","embeddable":true,"href":"https:\/\/depodar.com\/index.php\/wp-json\/wp\/v2\/product_brand?post=1238"},{"taxonomy":"product_cat","embeddable":true,"href":"https:\/\/depodar.com\/index.php\/wp-json\/wp\/v2\/product_cat?post=1238"},{"taxonomy":"product_tag","embeddable":true,"href":"https:\/\/depodar.com\/index.php\/wp-json\/wp\/v2\/product_tag?post=1238"}],"curies":[{"name":"wp","href":"https:\/\/api.w.org\/{rel}","templated":true}]}}