{"id":1214,"date":"2025-02-23T23:06:58","date_gmt":"2025-02-23T20:06:58","guid":{"rendered":"https:\/\/depodar.com\/?post_type=product&#038;p=1214"},"modified":"2025-02-23T23:13:33","modified_gmt":"2025-02-23T20:13:33","slug":"olcu-alet-gostergeleri","status":"publish","type":"product","link":"https:\/\/depodar.com\/index.php\/product\/olcu-alet-gostergeleri\/","title":{"rendered":"\u00d6l\u00e7\u00fc alet g\u00f6stergeleri"},"content":{"rendered":"<p>\u00d6l\u00e7\u00fc alet g\u00f6stergeleri<\/p>\n<p>1960 l\u0131 y\u0131llar bas\u0131n\u00e7, amper ve mili amper g\u00f6stergeleri.. 1 bas\u0131n\u00e7 +3 amper \u00f6l\u00e7er hepsi topluca lot olarak ortadan kalks\u0131n fiyat\u0131d\u0131r<\/p>\n","protected":false},"excerpt":{"rendered":"<p>\u00d6l\u00e7\u00fc alet g\u00f6stergeleri<\/p>\n","protected":false},"featured_media":1203,"template":"","meta":{"_monsterinsights_skip_tracking":false,"_monsterinsights_sitenote_active":false,"_monsterinsights_sitenote_note":"","_monsterinsights_sitenote_category":0},"product_brand":[],"product_cat":[27],"product_tag":[],"class_list":{"0":"post-1214","1":"product","2":"type-product","3":"status-publish","4":"has-post-thumbnail","6":"product_cat-elektronikcihaz","8":"first","9":"instock","10":"shipping-taxable","11":"purchasable","12":"product-type-simple"},"aioseo_notices":[],"jetpack_sharing_enabled":true,"_links":{"self":[{"href":"https:\/\/depodar.com\/index.php\/wp-json\/wp\/v2\/product\/1214","targetHints":{"allow":["GET"]}}],"collection":[{"href":"https:\/\/depodar.com\/index.php\/wp-json\/wp\/v2\/product"}],"about":[{"href":"https:\/\/depodar.com\/index.php\/wp-json\/wp\/v2\/types\/product"}],"wp:featuredmedia":[{"embeddable":true,"href":"https:\/\/depodar.com\/index.php\/wp-json\/wp\/v2\/media\/1203"}],"wp:attachment":[{"href":"https:\/\/depodar.com\/index.php\/wp-json\/wp\/v2\/media?parent=1214"}],"wp:term":[{"taxonomy":"product_brand","embeddable":true,"href":"https:\/\/depodar.com\/index.php\/wp-json\/wp\/v2\/product_brand?post=1214"},{"taxonomy":"product_cat","embeddable":true,"href":"https:\/\/depodar.com\/index.php\/wp-json\/wp\/v2\/product_cat?post=1214"},{"taxonomy":"product_tag","embeddable":true,"href":"https:\/\/depodar.com\/index.php\/wp-json\/wp\/v2\/product_tag?post=1214"}],"curies":[{"name":"wp","href":"https:\/\/api.w.org\/{rel}","templated":true}]}}