{"id":1131,"date":"2025-02-20T22:13:39","date_gmt":"2025-02-20T19:13:39","guid":{"rendered":"https:\/\/depodar.com\/?post_type=product&#038;p=1131"},"modified":"2026-01-24T23:03:26","modified_gmt":"2026-01-24T20:03:26","slug":"durkopp-adler-669","status":"publish","type":"product","link":"https:\/\/depodar.com\/index.php\/product\/durkopp-adler-669\/","title":{"rendered":"Durkopp Adler 669"},"content":{"rendered":"<p>Durkopp Adler 669. D\u00fcrkopp Adler 669 lar\u0131n en \u00fcst modeli\u00a0 olan MTYPE Classic Goldline 180312 kodlu makinedir.<\/p>\n<p>2021 A\u011fustosunda s\u0131f\u0131r al\u0131nm\u0131\u015f ve faturas\u0131 durmaktad\u0131r. Bankac\u0131 olmam nedeniyle hafta sonlar\u0131 hobi ama\u00e7l\u0131 kullan\u0131lm\u0131\u015f, hatta neredeyse kullan\u0131lmam\u0131\u015f\u00a0 bir makinedir. Piyasadaki at\u00f6lye makineleri ile mukayese edilemez temizliktedir. T\u00fcm \u00f6zellikleri ile kusursuz \u00e7al\u0131\u015f\u0131r durumda ,deneyip alabilirsiniz.<\/p>\n<p>\u00c7ift tansiyon, \u00e7ift ad\u0131m ayar\u0131, LED ayd\u0131nlatma, engel atlama , ekrandan programlanabilir\u00a0 diki\u015f \u00f6zellikleri ,pnomatik ayak kald\u0131rma.iplik kesme vb..i\u00e7erir. Kullanma klavuzu kitap\u00e7\u0131klar\u0131 ve standart olarak gelen kutu i\u00e7eri\u011fi yan\u0131nda EXTRA OLARAK\u00a0 ;<\/p>\n<p>Rodigo veya klavuz denen hiza aparat\u0131,davlumbaz denen normal diki\u015f makinesine \u00e7eviren tablas\u0131 ve STANLEY marka ev tipi sessiz \u00c7ANTA kompres\u00f6r\u00fc yan\u0131nda hediye olarak veriyorum. Bunlar s\u0131f\u0131r makinelerle gelmeyen ayr\u0131 alman\u0131z gerekli \u00fcr\u00fcnlerdir. Hiza aparat\u0131 almanyadan \u00f6zel getirilmi\u015f olup, piyasadaki rulmandan bozma alyanla ayarlanan rodigolardan hem kalite hem \u00f6zellik olarak e\u015fsiz bir \u00fcr\u00fcnd\u00fcr. (Aparat gerektirmeden anl\u0131k diki\u015f malzemesine g\u00f6re\u00a0 ayar yap\u0131labilmektedir). .Bu \u00fcr\u00fcnleri(rodigo,davlumbaz,kompres\u00f6r) almak istemezseniz fiyattan 200 euro daha d\u00fc\u015feriz.<\/p>\n<p>Makinenin s\u0131f\u0131r\u0131 i\u00e7in sipari\u015f verildi\u011finde 6 ay gibi bir bekleme s\u00fcresi olup, avrupa para birimi ile KDV dahil\u00a0 9600 euro olup bende ekstralar\u0131 ile\u00a0 2600 euro birim kadar daha d\u00fc\u015f\u00fck bir fiyatla sat\u0131\u015ftad\u0131r. De\u011ferini ve temizli\u011fini takdir edebilecek kullan\u0131c\u0131lar ilgilenirse sevinirim. Kargo yap\u0131lamaz. Ankara i\u00e7i Ara\u00e7 ile nakliyesi i\u00e7in yard\u0131mc\u0131 olunur.<\/p>\n<p>\u0130sterseniz Ankara i\u00e7i nakliyesine uygun fiyatl\u0131 ara\u00e7 da ayarlayabilirim<\/p>\n<p><strong> Bana ekran sa\u011f alt k\u00f6\u015fesindeki Whatsup ikonuna t\u0131klayarak ula\u015fabilirsiniz. <\/strong><\/p>\n<p>#D\u00fcrkopp Adler 669 sahibinden,#D\u00fcrkopp Adler 669 sahibinden,#2.el d\u00fcrkopp adler ,#D\u00fcrkopp Adler Deri Diki\u015f Makinas\u0131,#durkopp adler 669,durkop adler 669 ,d\u00fcrkop adler 669<\/p>\n<p>Geni\u015f \u00e7a\u011fanoz, 50 mm \u00e7ap\u0131nda ince makine<br \/>\n\u2022 Biye i\u015flemleri i\u00e7in iptal edilebilen biye mekanizmas\u0131<br \/>\n\u2022 De\u011fi\u015fen diki\u015f ekipman\u0131 sayesinde d\u00fczg\u00fcn biye dikimi<br \/>\n\u2022 Ayarlanabilir \u00e7a\u011fanoz (ya\u011flamal\u0131) yeni ya\u011flama sistemi<br \/>\n\u2022 Kal\u0131n iplikler i\u00e7in yeni iplik kesme sistemi (15\/3 Nm)<br \/>\n\u2022 Makina kafas\u0131na entegre motor<\/p>\n<p>Uygulama Alanlar\u0131<br \/>\n\u00c7anta, deri, bavul, oto k\u0131l\u0131f\u0131 vb. dikimi<\/p>\n<p>Performans \u00d6zellikleri<br \/>\n\u2022 Maksimum diki\u015f uzunlu\u011fu 9 mm<br \/>\n\u2022 Maksimum diki\u015f h\u0131z\u0131 3.000 diki\u015f\/dk.<br \/>\n\u2022 Maksimum alternatif diki\u015f aya\u011f\u0131 indirme 9 mm<br \/>\n\u2022 Maksimum diki\u015f aya\u011f\u0131 kald\u0131rma 20 mm<\/p>\n","protected":false},"excerpt":{"rendered":"<p>Durkopp Adler 669<\/p>\n","protected":false},"featured_media":1315,"template":"","meta":{"_monsterinsights_skip_tracking":false,"_monsterinsights_sitenote_active":false,"_monsterinsights_sitenote_note":"","_monsterinsights_sitenote_category":0},"product_brand":[94],"product_cat":[78],"product_tag":[80,92],"class_list":{"0":"post-1131","1":"product","2":"type-product","3":"status-publish","4":"has-post-thumbnail","6":"product_brand-durkopp-adler","7":"product_cat-dikis-makineleri","8":"product_tag-dikis-makinesi","9":"product_tag-durkopp-adler-669","11":"first","12":"instock","13":"purchasable","14":"product-type-simple"},"aioseo_notices":[],"jetpack_sharing_enabled":true,"_links":{"self":[{"href":"https:\/\/depodar.com\/index.php\/wp-json\/wp\/v2\/product\/1131","targetHints":{"allow":["GET"]}}],"collection":[{"href":"https:\/\/depodar.com\/index.php\/wp-json\/wp\/v2\/product"}],"about":[{"href":"https:\/\/depodar.com\/index.php\/wp-json\/wp\/v2\/types\/product"}],"wp:featuredmedia":[{"embeddable":true,"href":"https:\/\/depodar.com\/index.php\/wp-json\/wp\/v2\/media\/1315"}],"wp:attachment":[{"href":"https:\/\/depodar.com\/index.php\/wp-json\/wp\/v2\/media?parent=1131"}],"wp:term":[{"taxonomy":"product_brand","embeddable":true,"href":"https:\/\/depodar.com\/index.php\/wp-json\/wp\/v2\/product_brand?post=1131"},{"taxonomy":"product_cat","embeddable":true,"href":"https:\/\/depodar.com\/index.php\/wp-json\/wp\/v2\/product_cat?post=1131"},{"taxonomy":"product_tag","embeddable":true,"href":"https:\/\/depodar.com\/index.php\/wp-json\/wp\/v2\/product_tag?post=1131"}],"curies":[{"name":"wp","href":"https:\/\/api.w.org\/{rel}","templated":true}]}}