{"id":1103,"date":"2024-12-02T23:35:22","date_gmt":"2024-12-02T20:35:22","guid":{"rendered":"https:\/\/depodar.com\/?post_type=product&#038;p=1103"},"modified":"2025-04-22T22:51:31","modified_gmt":"2025-04-22T19:51:31","slug":"delonghi-pangourmet-eob2071","status":"publish","type":"product","link":"https:\/\/depodar.com\/index.php\/product\/delonghi-pangourmet-eob2071\/","title":{"rendered":"DeLonghi Pangourmet EOB2071"},"content":{"rendered":"<p>DeLonghi Pangourmet EOB2071.<\/p>\n<p>F\u0131r\u0131n Izgara, Ekmek yapma makinesi kutusunda az kullan\u0131lm\u0131\u015f, t\u00fcm aparatlar\u0131 ve kitap\u00e7\u0131klar\u0131 ile tam ve sorunsuz durumda<\/p>\n<p>Siz sadece i\u00e7eri\u011fi ekleyin, saatini kurun, ekme\u011finizi yo\u011fursun\u00a0 ve pi\u015firsin.<\/p>\n<p><iframe loading=\"lazy\" title=\"Delonghi Elektrikli F\u0131r\u0131n EOB2071 Tan\u0131t\u0131m\u0131\" width=\"500\" height=\"281\" src=\"https:\/\/www.youtube.com\/embed\/NblaBFl7kZY?feature=oembed\" frameborder=\"0\" allow=\"accelerometer; autoplay; clipboard-write; encrypted-media; gyroscope; picture-in-picture; web-share\" referrerpolicy=\"strict-origin-when-cross-origin\" allowfullscreen><\/iframe><\/p>\n<p>FIRINDAN DAHA FAZLASI&#8230;<br \/>\nSadece pi\u015firmekle kalmaz, kar\u0131\u015ft\u0131r\u0131r, kabart\u0131r ve otomatik olarak pi\u015firir&#8230;<\/p>\n<p>T\u00fcm g\u00fcn boyunca evi saran taze pi\u015firilmi\u015f ekmeklerin tatl\u0131 kokusu ve s\u0131cak aromas\u0131: yeni De\u2019Longhi f\u0131r\u0131n\u0131 tam da bunlar\u0131 ve daha fazlas\u0131n\u0131 sunuyor. Sfornatutto Pangourmet, lezzetli birinci ve ikinci yemekleri haz\u0131rlamak i\u00e7in kullan\u0131labilir ve otomatik olarak ekmek, kek, pizza ve re\u00e7el\/marmelat kar\u0131\u015ft\u0131r\u0131r, kabart\u0131r ve pi\u015firir.<\/p>\n<p>ELEKTR\u0130KL\u0130 FIRIN<\/p>\n<ul>\n<li>6 farkl\u0131 pi\u015firme fonksiyonu: konveksiyon pi\u015firme, geleneksel pi\u015firme, \u0131zgara, hassas pi\u015firme, nazik pi\u015firme ve s\u0131cak tutma.<\/li>\n<li>\u00d830cm yuvarlak kek kal\u0131b\u0131 i\u00e7in 20 litre i\u00e7 hacim.<\/li>\n<li>Yap\u0131\u015fmaz i\u00e7 kaplama.<\/li>\n<li>Pi\u015firme s\u00fcresinin programlanmas\u0131na olanak tan\u0131yan 120 dakikal\u0131k dijital zamanlay\u0131c\u0131.<\/li>\n<li>60\u00b0C \u2013 220\u00b0C ayarlanabilir termostat.<\/li>\n<li>Y\u00fcksek g\u00f6r\u00fcn\u00fcrl\u00fck i\u00e7in \u00e7ift cam kapak.<\/li>\n<li>G\u00fcvenli tutu\u015f sa\u011flayan kap\u0131 kolu.<\/li>\n<li>Kap\u0131y\u0131 a\u00e7madan pi\u015firme kontrol\u00fc ve kolay temizlik i\u00e7in i\u00e7 ayd\u0131nlatma.<\/li>\n<li>Kolay temizlik i\u00e7in d\u00f6nebilir alt \u0131s\u0131tma eleman\u0131.<\/li>\n<\/ul>\n<p>EKMEK MAK\u0130NES\u0130<\/p>\n<ul>\n<li>20 otomatik program.<\/li>\n<li>11 yar\u0131 otomatik program (baget, ciabatta, pizza vb.).<\/li>\n<li>Yap\u0131\u015fmaz yuvarlak kek kal\u0131b\u0131 ve kar\u0131\u015ft\u0131rma b\u0131\u00e7a\u011f\u0131.<\/li>\n<li>Maksimum 1 Kg kapasite.<\/li>\n<li>Dijital kontroller ve y\u00fcksek g\u00f6r\u00fcn\u00fcrl\u00fckte ekran.<\/li>\n<li>\u00c7o\u011fu ekmek ayar\u0131nda, her damak tad\u0131na uygun hafif, orta ve koyu kabuk renkleri se\u00e7enekleri.<\/li>\n<li>12 saat programlanabilir zamanlay\u0131c\u0131.<\/li>\n<li>Glutensiz ekmek pi\u015firme fonksiyonu.<\/li>\n<li>Turbo fonksiyonu: ekme\u011fi yakla\u015f\u0131k 1 saatte pi\u015firmek i\u00e7in.<\/li>\n<li>Favori konservelerin kolay haz\u0131rlanmas\u0131 i\u00e7in re\u00e7el fonksiyonu.<\/li>\n<li>Kek fonksiyonu.<\/li>\n<li>G\u00fcvenlik sistemi: kap\u0131 a\u00e7\u0131ld\u0131\u011f\u0131nda f\u0131r\u0131n \u00e7al\u0131\u015fmay\u0131 durdurur.<\/li>\n<\/ul>\n<p>EKSTRA MALZEMELER:<\/p>\n<ul>\n<li>1 tel raf, 1 yap\u0131\u015fmaz dikd\u00f6rtgen kek kal\u0131b\u0131, kar\u0131\u015ft\u0131rma b\u0131\u00e7a\u011f\u0131 ile yuvarlak ekmek kal\u0131b\u0131, \u00f6l\u00e7\u00fc kab\u0131 ve \u00f6l\u00e7\u00fc ka\u015f\u0131\u011f\u0131.<\/li>\n<li>G\u00fcm\u00fc\u015f\/siyah kaplama.<\/li>\n<li><\/li>\n<\/ul>\n","protected":false},"excerpt":{"rendered":"<p>DeLonghi Pangourmet EOB2071. F\u0131r\u0131n Izgara, Ekmek yapma makinesi kutusunda az kullan\u0131lm\u0131\u015f, t\u00fcm aparatlar\u0131 ve kitap\u00e7\u0131klar\u0131 ile tam ve sorunsuz durumda Siz sadece i\u00e7eri\u011fi ekleyin, saatini kurun, ekme\u011finizi yo\u011fursun\u00a0 ve pi\u015firsin. FIRINDAN DAHA FAZLASI&#8230; Sadece pi\u015firmekle kalmaz, kar\u0131\u015ft\u0131r\u0131r, kabart\u0131r ve otomatik olarak pi\u015firir&#8230; T\u00fcm g\u00fcn boyunca evi saran taze pi\u015firilmi\u015f ekmeklerin tatl\u0131 kokusu ve s\u0131cak aromas\u0131: [&hellip;]<\/p>\n","protected":false},"featured_media":1104,"template":"","meta":{"_monsterinsights_skip_tracking":false,"_monsterinsights_sitenote_active":false,"_monsterinsights_sitenote_note":"","_monsterinsights_sitenote_category":0},"product_brand":[],"product_cat":[85],"product_tag":[91,84],"class_list":{"0":"post-1103","1":"product","2":"type-product","3":"status-publish","4":"has-post-thumbnail","6":"product_cat-ozel-urunler","7":"product_tag-delonghi","8":"product_tag-ozel-urun","10":"first","11":"instock","12":"shipping-taxable","13":"purchasable","14":"product-type-simple"},"aioseo_notices":[],"jetpack_sharing_enabled":true,"_links":{"self":[{"href":"https:\/\/depodar.com\/index.php\/wp-json\/wp\/v2\/product\/1103","targetHints":{"allow":["GET"]}}],"collection":[{"href":"https:\/\/depodar.com\/index.php\/wp-json\/wp\/v2\/product"}],"about":[{"href":"https:\/\/depodar.com\/index.php\/wp-json\/wp\/v2\/types\/product"}],"wp:featuredmedia":[{"embeddable":true,"href":"https:\/\/depodar.com\/index.php\/wp-json\/wp\/v2\/media\/1104"}],"wp:attachment":[{"href":"https:\/\/depodar.com\/index.php\/wp-json\/wp\/v2\/media?parent=1103"}],"wp:term":[{"taxonomy":"product_brand","embeddable":true,"href":"https:\/\/depodar.com\/index.php\/wp-json\/wp\/v2\/product_brand?post=1103"},{"taxonomy":"product_cat","embeddable":true,"href":"https:\/\/depodar.com\/index.php\/wp-json\/wp\/v2\/product_cat?post=1103"},{"taxonomy":"product_tag","embeddable":true,"href":"https:\/\/depodar.com\/index.php\/wp-json\/wp\/v2\/product_tag?post=1103"}],"curies":[{"name":"wp","href":"https:\/\/api.w.org\/{rel}","templated":true}]}}