{"id":1098,"date":"2024-11-30T23:05:39","date_gmt":"2024-11-30T20:05:39","guid":{"rendered":"https:\/\/depodar.com\/?post_type=product&#038;p=1098"},"modified":"2026-02-01T01:13:55","modified_gmt":"2026-01-31T22:13:55","slug":"honda-civic-immobilizer-anteni","status":"publish","type":"product","link":"https:\/\/depodar.com\/index.php\/product\/honda-civic-immobilizer-anteni\/","title":{"rendered":"Honda civic immobilizer anteni"},"content":{"rendered":"<p style=\"margin: 0cm; margin-bottom: .0001pt; background: white;\"><span style=\"font-size: 10.5pt; font-family: __geomanist_Fallback_47de46; color: #2c2c2c;\">Honda civic immobilizer anteni<\/span><\/p>\n<p style=\"margin: 0cm; margin-bottom: .0001pt; background: white;\"><span style=\"font-size: 10.5pt; font-family: __geomanist_Fallback_47de46; color: #2c2c2c;\">2002-2005 VTEC2 ES ler i\u00e7in immo anteni\u00a0<\/span><\/p>\n<p style=\"margin: 0cm; margin-bottom: .0001pt; background: white;\"><span style=\"font-size: 10.5pt; font-family: __geomanist_Fallback_47de46; color: #2c2c2c;\">parca kodu 38730-S7A. Sorunsuz s\u0131k\u0131nt\u0131s\u0131z. <\/span><\/p>\n<p style=\"margin: 0cm; margin-bottom: .0001pt; background: white;\"><span style=\"font-size: 10.5pt; font-family: __geomanist_Fallback_47de46; color: #2c2c2c;\">\u0130\u00e7inde eski arac\u0131n anahtar kodu oldu\u011fundan \u00f6nce kendi arac\u0131n\u0131z\u0131n anahtar koduna g\u00f6re anahtarc\u0131da programlatma sonras\u0131 sorunsuz kullanabilirsiniz.<\/span><\/p>\n","protected":false},"excerpt":{"rendered":"<p>Honda civic immobilizer anteni 2002-2005 VTEC2 ES ler i\u00e7in immo anteni\u00a0 parca kodu 38730-S7A. Sorunsuz s\u0131k\u0131nt\u0131s\u0131z. \u0130\u00e7inde eski arac\u0131n anahtar kodu oldu\u011fundan \u00f6nce kendi arac\u0131n\u0131z\u0131n anahtar koduna g\u00f6re anahtarc\u0131da programlatma sonras\u0131 sorunsuz kullanabilirsiniz.<\/p>\n","protected":false},"featured_media":1101,"template":"","meta":{"_monsterinsights_skip_tracking":false,"_monsterinsights_sitenote_active":false,"_monsterinsights_sitenote_note":"","_monsterinsights_sitenote_category":0},"product_brand":[],"product_cat":[85],"product_tag":[90,84],"class_list":{"0":"post-1098","1":"product","2":"type-product","3":"status-publish","4":"has-post-thumbnail","6":"product_cat-ozel-urunler","7":"product_tag-honda","8":"product_tag-ozel-urun","10":"first","11":"instock","12":"shipping-taxable","13":"purchasable","14":"product-type-simple"},"aioseo_notices":[],"jetpack_sharing_enabled":true,"_links":{"self":[{"href":"https:\/\/depodar.com\/index.php\/wp-json\/wp\/v2\/product\/1098","targetHints":{"allow":["GET"]}}],"collection":[{"href":"https:\/\/depodar.com\/index.php\/wp-json\/wp\/v2\/product"}],"about":[{"href":"https:\/\/depodar.com\/index.php\/wp-json\/wp\/v2\/types\/product"}],"wp:featuredmedia":[{"embeddable":true,"href":"https:\/\/depodar.com\/index.php\/wp-json\/wp\/v2\/media\/1101"}],"wp:attachment":[{"href":"https:\/\/depodar.com\/index.php\/wp-json\/wp\/v2\/media?parent=1098"}],"wp:term":[{"taxonomy":"product_brand","embeddable":true,"href":"https:\/\/depodar.com\/index.php\/wp-json\/wp\/v2\/product_brand?post=1098"},{"taxonomy":"product_cat","embeddable":true,"href":"https:\/\/depodar.com\/index.php\/wp-json\/wp\/v2\/product_cat?post=1098"},{"taxonomy":"product_tag","embeddable":true,"href":"https:\/\/depodar.com\/index.php\/wp-json\/wp\/v2\/product_tag?post=1098"}],"curies":[{"name":"wp","href":"https:\/\/api.w.org\/{rel}","templated":true}]}}