{"id":1096,"date":"2024-11-30T22:59:37","date_gmt":"2024-11-30T19:59:37","guid":{"rendered":"https:\/\/depodar.com\/?post_type=product&#038;p=1096"},"modified":"2026-02-01T01:13:44","modified_gmt":"2026-01-31T22:13:44","slug":"honda-civic-sigorta-kutusu-3820a-s6a-g101","status":"publish","type":"product","link":"https:\/\/depodar.com\/index.php\/product\/honda-civic-sigorta-kutusu-3820a-s6a-g101\/","title":{"rendered":"Honda civic Sigorta kutusu 3820A-S6A-G101"},"content":{"rendered":"<p>Honda civic Sigorta kutusu 3820A-S6A-G101<\/p>\n<p style=\"margin: 0cm; margin-bottom: .0001pt; background: white;\"><span style=\"font-size: 10.5pt; font-family: Poppins; color: #2c2c2c; background: white;\">parca kodu 3820A-S6A-G101 2002 2005 civic hatchbackler i\u00e7in sigorta kutusu uzaktan kumanda mod\u00fcl\u00fc nedeniyle degisilmisti o mod\u00fcl\u00fc tamir eden hatas\u0131z kullanabilir.5 kap\u0131 d\u00fcz vites i\u00e7indir.<\/span><\/p>\n<p>&nbsp;<\/p>\n<p>&nbsp;<\/p>\n","protected":false},"excerpt":{"rendered":"<p>Honda civic Sigorta kutusu 3820A-S6A-G101 parca kodu 3820A-S6A-G101 2002 2005 civic hatchbackler i\u00e7in sigorta kutusu uzaktan kumanda mod\u00fcl\u00fc nedeniyle degisilmisti o mod\u00fcl\u00fc tamir eden hatas\u0131z kullanabilir.5 kap\u0131 d\u00fcz vites i\u00e7indir. &nbsp; &nbsp;<\/p>\n","protected":false},"featured_media":1097,"template":"","meta":{"_monsterinsights_skip_tracking":false,"_monsterinsights_sitenote_active":false,"_monsterinsights_sitenote_note":"","_monsterinsights_sitenote_category":0},"product_brand":[],"product_cat":[85],"product_tag":[90,84],"class_list":{"0":"post-1096","1":"product","2":"type-product","3":"status-publish","4":"has-post-thumbnail","6":"product_cat-ozel-urunler","7":"product_tag-honda","8":"product_tag-ozel-urun","10":"first","11":"instock","12":"shipping-taxable","13":"purchasable","14":"product-type-simple"},"aioseo_notices":[],"jetpack_sharing_enabled":true,"_links":{"self":[{"href":"https:\/\/depodar.com\/index.php\/wp-json\/wp\/v2\/product\/1096","targetHints":{"allow":["GET"]}}],"collection":[{"href":"https:\/\/depodar.com\/index.php\/wp-json\/wp\/v2\/product"}],"about":[{"href":"https:\/\/depodar.com\/index.php\/wp-json\/wp\/v2\/types\/product"}],"wp:featuredmedia":[{"embeddable":true,"href":"https:\/\/depodar.com\/index.php\/wp-json\/wp\/v2\/media\/1097"}],"wp:attachment":[{"href":"https:\/\/depodar.com\/index.php\/wp-json\/wp\/v2\/media?parent=1096"}],"wp:term":[{"taxonomy":"product_brand","embeddable":true,"href":"https:\/\/depodar.com\/index.php\/wp-json\/wp\/v2\/product_brand?post=1096"},{"taxonomy":"product_cat","embeddable":true,"href":"https:\/\/depodar.com\/index.php\/wp-json\/wp\/v2\/product_cat?post=1096"},{"taxonomy":"product_tag","embeddable":true,"href":"https:\/\/depodar.com\/index.php\/wp-json\/wp\/v2\/product_tag?post=1096"}],"curies":[{"name":"wp","href":"https:\/\/api.w.org\/{rel}","templated":true}]}}