{"id":1093,"date":"2024-11-30T22:51:15","date_gmt":"2024-11-30T19:51:15","guid":{"rendered":"https:\/\/depodar.com\/?post_type=product&#038;p=1093"},"modified":"2025-04-22T22:51:56","modified_gmt":"2025-04-22T19:51:56","slug":"honda-civic-vites-topuzu","status":"publish","type":"product","link":"https:\/\/depodar.com\/index.php\/product\/honda-civic-vites-topuzu\/","title":{"rendered":"Honda Civic Vites Topuzu"},"content":{"rendered":"<p>Honda Civic Vites Topuzu<\/p>\n<p>1996 2001 aras\u0131 honda civic ies lerin fabrika \u00e7\u0131k\u0131\u015f orjinal OEM vites topuzu<\/p>\n<p>&nbsp;<\/p>\n","protected":false},"excerpt":{"rendered":"<p>Honda Civic Vites Topuzu 1996 2001 aras\u0131 honda civic ies lerin fabrika \u00e7\u0131k\u0131\u015f orjinal OEM vites topuzu &nbsp;<\/p>\n","protected":false},"featured_media":1094,"template":"","meta":{"_monsterinsights_skip_tracking":false,"_monsterinsights_sitenote_active":false,"_monsterinsights_sitenote_note":"","_monsterinsights_sitenote_category":0},"product_brand":[],"product_cat":[85],"product_tag":[90,84],"class_list":{"0":"post-1093","1":"product","2":"type-product","3":"status-publish","4":"has-post-thumbnail","6":"product_cat-ozel-urunler","7":"product_tag-honda","8":"product_tag-ozel-urun","10":"first","11":"instock","12":"shipping-taxable","13":"purchasable","14":"product-type-simple"},"aioseo_notices":[],"jetpack_sharing_enabled":true,"_links":{"self":[{"href":"https:\/\/depodar.com\/index.php\/wp-json\/wp\/v2\/product\/1093","targetHints":{"allow":["GET"]}}],"collection":[{"href":"https:\/\/depodar.com\/index.php\/wp-json\/wp\/v2\/product"}],"about":[{"href":"https:\/\/depodar.com\/index.php\/wp-json\/wp\/v2\/types\/product"}],"wp:featuredmedia":[{"embeddable":true,"href":"https:\/\/depodar.com\/index.php\/wp-json\/wp\/v2\/media\/1094"}],"wp:attachment":[{"href":"https:\/\/depodar.com\/index.php\/wp-json\/wp\/v2\/media?parent=1093"}],"wp:term":[{"taxonomy":"product_brand","embeddable":true,"href":"https:\/\/depodar.com\/index.php\/wp-json\/wp\/v2\/product_brand?post=1093"},{"taxonomy":"product_cat","embeddable":true,"href":"https:\/\/depodar.com\/index.php\/wp-json\/wp\/v2\/product_cat?post=1093"},{"taxonomy":"product_tag","embeddable":true,"href":"https:\/\/depodar.com\/index.php\/wp-json\/wp\/v2\/product_tag?post=1093"}],"curies":[{"name":"wp","href":"https:\/\/api.w.org\/{rel}","templated":true}]}}