{"id":1087,"date":"2024-11-30T22:19:13","date_gmt":"2024-11-30T19:19:13","guid":{"rendered":"https:\/\/depodar.com\/?post_type=product&#038;p=1087"},"modified":"2024-11-30T22:33:22","modified_gmt":"2024-11-30T19:33:22","slug":"91501-s5a-003-honda-civic-vtec2-cam-citasi-klipsi","status":"publish","type":"product","link":"https:\/\/depodar.com\/index.php\/product\/91501-s5a-003-honda-civic-vtec2-cam-citasi-klipsi\/","title":{"rendered":"91501-S5A-003 Honda Civic VTEC2 cam \u00e7\u0131tas\u0131 klipsi"},"content":{"rendered":"<p>91501-S5A-003 Honda Civic VTEC2 cam \u00e7\u0131tas\u0131 klipsi<\/p>\n<p>2002-2005 aras\u0131 HB ve Sedan t\u00fcm ara\u00e7larda cam \u00e7\u0131talar\u0131n\u0131 kap\u0131ya tutturan klipslerdir. Bu modellerde kronik sorun olan cam \u00e7\u0131talar\u0131ndaki plastik soyulma probleminin giderilmesi i\u00e7in \u00e7\u0131talar\u0131n s\u00f6k\u00fclmesi s\u0131ras\u0131nda klipsler k\u0131r\u0131lmakta tekrar tak\u0131lmak istendi\u011finde ise \u00e7\u0131talar aral\u0131k veya bo\u015fta kald\u0131\u011f\u0131ndan yenileme \u00e7al\u0131\u015fmalar\u0131nda aranan bir par\u00e7ad\u0131r . 6 adet bulunmakta olup topluca verilecektir. \u00dcr\u00fcnler eski arac\u0131m i\u00e7in fazladan ald\u0131\u011f\u0131m s\u0131f\u0131r \u00fcr\u00fcnlerdir . Fiyat 6 adet i\u00e7indir.<\/p>\n<p>&nbsp;<\/p>\n","protected":false},"excerpt":{"rendered":"<p>91501-S5A-003 Honda Civic VTEC2 cam \u00e7\u0131tas\u0131 klipsi 2002-2005 aras\u0131 HB ve Sedan t\u00fcm ara\u00e7larda cam \u00e7\u0131talar\u0131n\u0131 kap\u0131ya tutturan klipslerdir. Bu modellerde kronik sorun olan cam \u00e7\u0131talar\u0131ndaki plastik soyulma probleminin giderilmesi i\u00e7in \u00e7\u0131talar\u0131n s\u00f6k\u00fclmesi s\u0131ras\u0131nda klipsler k\u0131r\u0131lmakta tekrar tak\u0131lmak istendi\u011finde ise \u00e7\u0131talar aral\u0131k veya bo\u015fta kald\u0131\u011f\u0131ndan yenileme \u00e7al\u0131\u015fmalar\u0131nda aranan bir par\u00e7ad\u0131r . 6 adet bulunmakta olup [&hellip;]<\/p>\n","protected":false},"featured_media":1088,"template":"","meta":{"_monsterinsights_skip_tracking":false,"_monsterinsights_sitenote_active":false,"_monsterinsights_sitenote_note":"","_monsterinsights_sitenote_category":0},"product_brand":[],"product_cat":[85],"product_tag":[90,84],"class_list":{"0":"post-1087","1":"product","2":"type-product","3":"status-publish","4":"has-post-thumbnail","6":"product_cat-ozel-urunler","7":"product_tag-honda","8":"product_tag-ozel-urun","10":"first","11":"instock","12":"shipping-taxable","13":"purchasable","14":"product-type-simple"},"aioseo_notices":[],"jetpack_sharing_enabled":true,"_links":{"self":[{"href":"https:\/\/depodar.com\/index.php\/wp-json\/wp\/v2\/product\/1087","targetHints":{"allow":["GET"]}}],"collection":[{"href":"https:\/\/depodar.com\/index.php\/wp-json\/wp\/v2\/product"}],"about":[{"href":"https:\/\/depodar.com\/index.php\/wp-json\/wp\/v2\/types\/product"}],"wp:featuredmedia":[{"embeddable":true,"href":"https:\/\/depodar.com\/index.php\/wp-json\/wp\/v2\/media\/1088"}],"wp:attachment":[{"href":"https:\/\/depodar.com\/index.php\/wp-json\/wp\/v2\/media?parent=1087"}],"wp:term":[{"taxonomy":"product_brand","embeddable":true,"href":"https:\/\/depodar.com\/index.php\/wp-json\/wp\/v2\/product_brand?post=1087"},{"taxonomy":"product_cat","embeddable":true,"href":"https:\/\/depodar.com\/index.php\/wp-json\/wp\/v2\/product_cat?post=1087"},{"taxonomy":"product_tag","embeddable":true,"href":"https:\/\/depodar.com\/index.php\/wp-json\/wp\/v2\/product_tag?post=1087"}],"curies":[{"name":"wp","href":"https:\/\/api.w.org\/{rel}","templated":true}]}}