{"id":1083,"date":"2024-11-30T22:07:53","date_gmt":"2024-11-30T19:07:53","guid":{"rendered":"https:\/\/depodar.com\/?post_type=product&#038;p=1083"},"modified":"2025-11-22T22:16:54","modified_gmt":"2025-11-22T19:16:54","slug":"honda-civic-vtec2-jant-kapagi","status":"publish","type":"product","link":"https:\/\/depodar.com\/index.php\/product\/honda-civic-vtec2-jant-kapagi\/","title":{"rendered":"Honda Civic ES jant kapa\u011f\u0131"},"content":{"rendered":"<p>Honda Civic ES jant kapa\u011f\u0131<\/p>\n<p>Orjinal .2002-2005 7.nesil sedan hb t\u00fcm jantlara uyar. Fiyat 4 adet 1 tak\u0131m i\u00e7indir. \u00c7in yap\u0131n\u0131 ES replika jantlar\u0131 orjinal jant ayar\u0131nda g\u00f6rsellemek i\u00e7in kullan\u0131labilir.<\/p>\n","protected":false},"excerpt":{"rendered":"<p>Honda Civic ES jant kapa\u011f\u0131 Orjinal .2002-2005 7.nesil sedan hb t\u00fcm jantlara uyar. Fiyat 4 adet 1 tak\u0131m i\u00e7indir. \u00c7in yap\u0131n\u0131 ES replika jantlar\u0131 orjinal jant ayar\u0131nda g\u00f6rsellemek i\u00e7in kullan\u0131labilir.<\/p>\n","protected":false},"featured_media":1084,"template":"","meta":{"_monsterinsights_skip_tracking":false,"_monsterinsights_sitenote_active":false,"_monsterinsights_sitenote_note":"","_monsterinsights_sitenote_category":0},"product_brand":[],"product_cat":[85],"product_tag":[90,84],"class_list":{"0":"post-1083","1":"product","2":"type-product","3":"status-publish","4":"has-post-thumbnail","6":"product_cat-ozel-urunler","7":"product_tag-honda","8":"product_tag-ozel-urun","10":"first","11":"instock","12":"shipping-taxable","13":"purchasable","14":"product-type-simple"},"aioseo_notices":[],"jetpack_sharing_enabled":true,"_links":{"self":[{"href":"https:\/\/depodar.com\/index.php\/wp-json\/wp\/v2\/product\/1083","targetHints":{"allow":["GET"]}}],"collection":[{"href":"https:\/\/depodar.com\/index.php\/wp-json\/wp\/v2\/product"}],"about":[{"href":"https:\/\/depodar.com\/index.php\/wp-json\/wp\/v2\/types\/product"}],"wp:featuredmedia":[{"embeddable":true,"href":"https:\/\/depodar.com\/index.php\/wp-json\/wp\/v2\/media\/1084"}],"wp:attachment":[{"href":"https:\/\/depodar.com\/index.php\/wp-json\/wp\/v2\/media?parent=1083"}],"wp:term":[{"taxonomy":"product_brand","embeddable":true,"href":"https:\/\/depodar.com\/index.php\/wp-json\/wp\/v2\/product_brand?post=1083"},{"taxonomy":"product_cat","embeddable":true,"href":"https:\/\/depodar.com\/index.php\/wp-json\/wp\/v2\/product_cat?post=1083"},{"taxonomy":"product_tag","embeddable":true,"href":"https:\/\/depodar.com\/index.php\/wp-json\/wp\/v2\/product_tag?post=1083"}],"curies":[{"name":"wp","href":"https:\/\/api.w.org\/{rel}","templated":true}]}}