{"id":1078,"date":"2024-11-30T21:09:18","date_gmt":"2024-11-30T18:09:18","guid":{"rendered":"https:\/\/depodar.com\/?post_type=product&#038;p=1078"},"modified":"2025-10-09T21:02:56","modified_gmt":"2025-10-09T18:02:56","slug":"adwa-ph-metre-ad12","status":"publish","type":"product","link":"https:\/\/depodar.com\/index.php\/product\/adwa-ph-metre-ad12\/","title":{"rendered":"Adwa PH metre AD12"},"content":{"rendered":"<p>Adwa PH metre AD12\u00a0 Test s\u0131v\u0131lar\u0131 ve kutusu ile az kullan\u0131lm\u0131\u015f. S\u0131f\u0131r gibi.<\/p>\n<p><iframe loading=\"lazy\" title=\"Fast and accurate calibration with Adwa AD11, AD12 and AD14\" width=\"500\" height=\"281\" src=\"https:\/\/www.youtube.com\/embed\/cu5CIECmKh0?feature=oembed\" frameborder=\"0\" allow=\"accelerometer; autoplay; clipboard-write; encrypted-media; gyroscope; picture-in-picture; web-share\" referrerpolicy=\"strict-origin-when-cross-origin\" allowfullscreen><\/iframe><\/p>\n<p>&nbsp;<\/p>\n","protected":false},"excerpt":{"rendered":"<p>Adwa marka suyun ph&#8217;\u0131n\u0131 \u00f6l\u00e7en cihaz. \u00d6zel t\u00fcr bal\u0131k ve karides akvaryumlar\u0131 i\u00e7in gereklidir<\/p>\n","protected":false},"featured_media":1079,"template":"","meta":{"_monsterinsights_skip_tracking":false,"_monsterinsights_sitenote_active":false,"_monsterinsights_sitenote_note":"","_monsterinsights_sitenote_category":0},"product_brand":[],"product_cat":[28,52],"product_tag":[89,53],"class_list":{"0":"post-1078","1":"product","2":"type-product","3":"status-publish","4":"has-post-thumbnail","6":"product_cat-akvaryum","7":"product_cat-ikinci-el-urunler","8":"product_tag-adwa","9":"product_tag-ikinci-el","11":"first","12":"instock","13":"shipping-taxable","14":"purchasable","15":"product-type-simple"},"aioseo_notices":[],"jetpack_sharing_enabled":true,"_links":{"self":[{"href":"https:\/\/depodar.com\/index.php\/wp-json\/wp\/v2\/product\/1078","targetHints":{"allow":["GET"]}}],"collection":[{"href":"https:\/\/depodar.com\/index.php\/wp-json\/wp\/v2\/product"}],"about":[{"href":"https:\/\/depodar.com\/index.php\/wp-json\/wp\/v2\/types\/product"}],"wp:featuredmedia":[{"embeddable":true,"href":"https:\/\/depodar.com\/index.php\/wp-json\/wp\/v2\/media\/1079"}],"wp:attachment":[{"href":"https:\/\/depodar.com\/index.php\/wp-json\/wp\/v2\/media?parent=1078"}],"wp:term":[{"taxonomy":"product_brand","embeddable":true,"href":"https:\/\/depodar.com\/index.php\/wp-json\/wp\/v2\/product_brand?post=1078"},{"taxonomy":"product_cat","embeddable":true,"href":"https:\/\/depodar.com\/index.php\/wp-json\/wp\/v2\/product_cat?post=1078"},{"taxonomy":"product_tag","embeddable":true,"href":"https:\/\/depodar.com\/index.php\/wp-json\/wp\/v2\/product_tag?post=1078"}],"curies":[{"name":"wp","href":"https:\/\/api.w.org\/{rel}","templated":true}]}}