{"id":1062,"date":"2024-11-30T20:22:28","date_gmt":"2024-11-30T17:22:28","guid":{"rendered":"https:\/\/depodar.com\/?post_type=product&#038;p=1062"},"modified":"2025-04-22T22:52:39","modified_gmt":"2025-04-22T19:52:39","slug":"jetzt-helfe-ich-mir-selbst-vw-kafer","status":"publish","type":"product","link":"https:\/\/depodar.com\/index.php\/product\/jetzt-helfe-ich-mir-selbst-vw-kafer\/","title":{"rendered":"Jetzt helfe ich mir selbst VW"},"content":{"rendered":"<p>Jetzt helfe ich mir selbst VW Kafer. Volkswagen 1200, 1300,1500,1302\/S,1303\/S modelleri i\u00e7in , otomotiv bak\u0131m ve onar\u0131m\u0131na y\u00f6nelik bilgi sa\u011flayan orjinal almanca kaynakt\u0131r.\u00a0 VW ara\u00e7lar\u0131yla ilgili teknik bilgiler ve bak\u0131m ipu\u00e7lar\u0131 i\u00e7erir. Bu kaynak, ara\u00e7 sahiplerinin kendi ara\u00e7lar\u0131na m\u00fcdahale etmeleri i\u00e7in rehberlik eder ve b\u00f6ylece maliyetleri d\u00fc\u015f\u00fcrmelerine yard\u0131mc\u0131 olur.<\/p>\n<p>Orjinal 1969 bas\u0131m\u0131 olup al\u0131m zaman\u0131ndaki 50 EUR kar\u015f\u0131l\u0131\u011f\u0131 T\u00fcrk liras\u0131 olarak fiyatlanacakt\u0131r.<\/p>\n","protected":false},"excerpt":{"rendered":"<p>VW kaplumba\u011fa modelleri hakk\u0131nda ilgili teknik bilgiler ve bak\u0131m ipu\u00e7lar\u0131 i\u00e7eren kitapt\u0131r.<\/p>\n","protected":false},"featured_media":1068,"template":"","meta":{"_monsterinsights_skip_tracking":false,"_monsterinsights_sitenote_active":false,"_monsterinsights_sitenote_note":"","_monsterinsights_sitenote_category":0},"product_brand":[],"product_cat":[85],"product_tag":[84],"class_list":{"0":"post-1062","1":"product","2":"type-product","3":"status-publish","4":"has-post-thumbnail","6":"product_cat-ozel-urunler","7":"product_tag-ozel-urun","9":"first","10":"instock","11":"shipping-taxable","12":"purchasable","13":"product-type-simple"},"aioseo_notices":[],"jetpack_sharing_enabled":true,"_links":{"self":[{"href":"https:\/\/depodar.com\/index.php\/wp-json\/wp\/v2\/product\/1062","targetHints":{"allow":["GET"]}}],"collection":[{"href":"https:\/\/depodar.com\/index.php\/wp-json\/wp\/v2\/product"}],"about":[{"href":"https:\/\/depodar.com\/index.php\/wp-json\/wp\/v2\/types\/product"}],"wp:featuredmedia":[{"embeddable":true,"href":"https:\/\/depodar.com\/index.php\/wp-json\/wp\/v2\/media\/1068"}],"wp:attachment":[{"href":"https:\/\/depodar.com\/index.php\/wp-json\/wp\/v2\/media?parent=1062"}],"wp:term":[{"taxonomy":"product_brand","embeddable":true,"href":"https:\/\/depodar.com\/index.php\/wp-json\/wp\/v2\/product_brand?post=1062"},{"taxonomy":"product_cat","embeddable":true,"href":"https:\/\/depodar.com\/index.php\/wp-json\/wp\/v2\/product_cat?post=1062"},{"taxonomy":"product_tag","embeddable":true,"href":"https:\/\/depodar.com\/index.php\/wp-json\/wp\/v2\/product_tag?post=1062"}],"curies":[{"name":"wp","href":"https:\/\/api.w.org\/{rel}","templated":true}]}}