{"id":470,"date":"2024-03-17T17:40:31","date_gmt":"2024-03-17T17:40:31","guid":{"rendered":"https:\/\/depodar.com\/?page_id=470"},"modified":"2026-03-05T13:01:17","modified_gmt":"2026-03-05T10:01:17","slug":"ikinci-el-akvaryum-malzemeleri","status":"publish","type":"page","link":"https:\/\/depodar.com\/index.php\/akvaryum-malzemeleri\/ikinci-el-akvaryum-malzemeleri\/","title":{"rendered":"\u0130kinci el Akvaryum Malzemeleri"},"content":{"rendered":"<form role=\"search\" method=\"get\" action=\"https:\/\/depodar.com\/\" class=\"wp-block-search__button-outside wp-block-search__text-button wp-block-search\"    ><label class=\"wp-block-search__label\" for=\"wp-block-search__input-1\" >Ara<\/label><div class=\"wp-block-search__inside-wrapper\" ><input class=\"wp-block-search__input\" id=\"wp-block-search__input-1\" placeholder=\"\u00dcr\u00fcn ara...\" value=\"\" type=\"search\" name=\"s\" required \/><input type=\"hidden\" name=\"post_type\" value=\"product\" \/><button aria-label=\"Ara\" class=\"wp-block-search__button wp-element-button\" type=\"submit\" >Ara<\/button><\/div><\/form>\n\n\n<div class=\"wp-block-query is-layout-flow wp-block-query-is-layout-flow\"><ul class=\"columns-3 products-block-post-template wp-block-post-template is-layout-grid wp-container-core-post-template-is-layout-6d3fbd8f wp-block-post-template-is-layout-grid\"><li class=\"wp-block-post post-2306 product type-product status-publish has-post-thumbnail product_cat-akvaryum product_cat-ikinci-el-urunler product_tag-atman product_tag-filtre product_tag-ikinci-el first instock shipping-taxable purchasable product-type-simple\">\n<div data-block-name=\"woocommerce\/product-image\" data-image-sizing=\"thumbnail\" data-is-descendent-of-query-loop=\"true\" data-show-sale-badge=\"false\" class=\"wc-block-components-product-image wc-block-grid__product-image wc-block-components-product-image--aspect-ratio-auto wp-block-woocommerce-product-image\"><a href=\"https:\/\/depodar.com\/index.php\/product\/toptan-akvaryum-malzemesi-avantajli-fiyat\/\" style=\"\" data-wp-on--click=\"woocommerce\/product-collection::actions.viewProduct\"><img decoding=\"async\" width=\"300\" height=\"300\" src=\"https:\/\/depodar.com\/wp-content\/uploads\/2026\/03\/20260304_144230-300x300.jpg\" class=\"attachment-woocommerce_thumbnail size-woocommerce_thumbnail\" alt=\"TOPTAN AKVARYUM MALZEMES\u0130 AVANTAJLI F\u0130YAT\" data-testid=\"product-image\" data-image-id=\"2307\" style=\"object-fit:cover;\" loading=\"lazy\" srcset=\"https:\/\/depodar.com\/wp-content\/uploads\/2026\/03\/20260304_144230-300x300.jpg 300w, https:\/\/depodar.com\/wp-content\/uploads\/2026\/03\/20260304_144230-150x150.jpg 150w, https:\/\/depodar.com\/wp-content\/uploads\/2026\/03\/20260304_144230-100x100.jpg 100w\" sizes=\"auto, (max-width: 300px) 100vw, 300px\" \/><div class=\"wc-block-components-product-image__inner-container\">\n\n<\/div><\/a><\/div>\n\n<h3 style=\"margin-bottom:0.75rem;margin-top:0;\" class=\"has-text-align-center wp-block-post-title has-medium-font-size\"><a href=\"https:\/\/depodar.com\/index.php\/product\/toptan-akvaryum-malzemesi-avantajli-fiyat\/\" target=\"_self\" >TOPTAN AKVARYUM MALZEMES\u0130 AVANTAJLI F\u0130YAT<\/a><\/h3>\n\n<div data-block-name=\"woocommerce\/product-price\" data-font-size=\"small\" data-is-descendent-of-query-loop=\"true\" data-text-align=\"center\" class=\"has-font-size has-small-font-size has-text-align-center wp-block-woocommerce-product-price has-small-font-size\" ><div class=\"wc-block-components-product-price wc-block-grid__product-price\" >\n\t\t\t\t\t<span class=\"woocommerce-Price-amount amount\"><bdi><span class=\"woocommerce-Price-currencySymbol\">&#8378;<\/span>2.000,00<\/bdi><\/span>\n\t\t\t\t<\/div><\/div>\n<\/li><li class=\"wp-block-post post-1078 product type-product status-publish has-post-thumbnail product_cat-akvaryum product_cat-ikinci-el-urunler product_tag-adwa product_tag-ikinci-el  instock shipping-taxable purchasable product-type-simple\">\n<div data-block-name=\"woocommerce\/product-image\" data-image-sizing=\"thumbnail\" data-is-descendent-of-query-loop=\"true\" data-show-sale-badge=\"false\" class=\"wc-block-components-product-image wc-block-grid__product-image wc-block-components-product-image--aspect-ratio-auto wp-block-woocommerce-product-image\"><a href=\"https:\/\/depodar.com\/index.php\/product\/adwa-ph-metre-ad12\/\" style=\"\" data-wp-on--click=\"woocommerce\/product-collection::actions.viewProduct\"><img decoding=\"async\" width=\"300\" height=\"300\" src=\"https:\/\/depodar.com\/wp-content\/uploads\/2024\/11\/adwa_ad12_1-300x300.jpg\" class=\"attachment-woocommerce_thumbnail size-woocommerce_thumbnail\" alt=\"Adwa PH metre AD12\" data-testid=\"product-image\" data-image-id=\"1079\" style=\"object-fit:cover;\" loading=\"lazy\" srcset=\"https:\/\/depodar.com\/wp-content\/uploads\/2024\/11\/adwa_ad12_1-300x300.jpg 300w, https:\/\/depodar.com\/wp-content\/uploads\/2024\/11\/adwa_ad12_1-150x150.jpg 150w, https:\/\/depodar.com\/wp-content\/uploads\/2024\/11\/adwa_ad12_1-100x100.jpg 100w\" sizes=\"auto, (max-width: 300px) 100vw, 300px\" \/><div class=\"wc-block-components-product-image__inner-container\">\n\n<\/div><\/a><\/div>\n\n<h3 style=\"margin-bottom:0.75rem;margin-top:0;\" class=\"has-text-align-center wp-block-post-title has-medium-font-size\"><a href=\"https:\/\/depodar.com\/index.php\/product\/adwa-ph-metre-ad12\/\" target=\"_self\" >Adwa PH metre AD12<\/a><\/h3>\n\n<div data-block-name=\"woocommerce\/product-price\" data-font-size=\"small\" data-is-descendent-of-query-loop=\"true\" data-text-align=\"center\" class=\"has-font-size has-small-font-size has-text-align-center wp-block-woocommerce-product-price has-small-font-size\" ><div class=\"wc-block-components-product-price wc-block-grid__product-price\" >\n\t\t\t\t\t<span class=\"woocommerce-Price-amount amount\"><bdi><span class=\"woocommerce-Price-currencySymbol\">&#8378;<\/span>1.750,00<\/bdi><\/span>\n\t\t\t\t<\/div><\/div>\n<\/li><li class=\"wp-block-post post-1072 product type-product status-publish has-post-thumbnail product_cat-akvaryum product_cat-ikinci-el-urunler product_tag-adwa product_tag-ikinci-el  instock shipping-taxable purchasable product-type-simple\">\n<div data-block-name=\"woocommerce\/product-image\" data-image-sizing=\"thumbnail\" data-is-descendent-of-query-loop=\"true\" data-show-sale-badge=\"false\" class=\"wc-block-components-product-image wc-block-grid__product-image wc-block-components-product-image--aspect-ratio-auto wp-block-woocommerce-product-image\"><a href=\"https:\/\/depodar.com\/index.php\/product\/adwa-tds-metre-ad31\/\" style=\"\" data-wp-on--click=\"woocommerce\/product-collection::actions.viewProduct\"><img decoding=\"async\" width=\"300\" height=\"300\" src=\"https:\/\/depodar.com\/wp-content\/uploads\/2024\/11\/adwa_ad31_1-300x300.jpg\" class=\"attachment-woocommerce_thumbnail size-woocommerce_thumbnail\" alt=\"adwa TDS metre\" data-testid=\"product-image\" data-image-id=\"1074\" style=\"object-fit:cover;\" loading=\"lazy\" srcset=\"https:\/\/depodar.com\/wp-content\/uploads\/2024\/11\/adwa_ad31_1-300x300.jpg 300w, https:\/\/depodar.com\/wp-content\/uploads\/2024\/11\/adwa_ad31_1-150x150.jpg 150w, https:\/\/depodar.com\/wp-content\/uploads\/2024\/11\/adwa_ad31_1-100x100.jpg 100w\" sizes=\"auto, (max-width: 300px) 100vw, 300px\" \/><div class=\"wc-block-components-product-image__inner-container\">\n\n<\/div><\/a><\/div>\n\n<h3 style=\"margin-bottom:0.75rem;margin-top:0;\" class=\"has-text-align-center wp-block-post-title has-medium-font-size\"><a href=\"https:\/\/depodar.com\/index.php\/product\/adwa-tds-metre-ad31\/\" target=\"_self\" >Adwa TDS metre AD31<\/a><\/h3>\n\n<div data-block-name=\"woocommerce\/product-price\" data-font-size=\"small\" data-is-descendent-of-query-loop=\"true\" data-text-align=\"center\" class=\"has-font-size has-small-font-size has-text-align-center wp-block-woocommerce-product-price has-small-font-size\" ><div class=\"wc-block-components-product-price wc-block-grid__product-price\" >\n\t\t\t\t\t<span class=\"woocommerce-Price-amount amount\"><bdi><span class=\"woocommerce-Price-currencySymbol\">&#8378;<\/span>1.750,00<\/bdi><\/span>\n\t\t\t\t<\/div><\/div>\n<\/li><li class=\"wp-block-post post-619 product type-product status-publish has-post-thumbnail product_cat-akvaryum product_cat-ikinci-el-urunler product_tag-atman product_tag-filtre product_tag-ikinci-el last instock shipping-taxable purchasable product-type-simple\">\n<div data-block-name=\"woocommerce\/product-image\" data-image-sizing=\"thumbnail\" data-is-descendent-of-query-loop=\"true\" data-show-sale-badge=\"false\" class=\"wc-block-components-product-image wc-block-grid__product-image wc-block-components-product-image--aspect-ratio-auto wp-block-woocommerce-product-image\"><a href=\"https:\/\/depodar.com\/index.php\/product\/atman-at-f101\/\" style=\"\" data-wp-on--click=\"woocommerce\/product-collection::actions.viewProduct\"><img decoding=\"async\" width=\"300\" height=\"300\" src=\"https:\/\/depodar.com\/wp-content\/uploads\/2024\/03\/atman-atf101-300x300.jpg\" class=\"attachment-woocommerce_thumbnail size-woocommerce_thumbnail\" alt=\"ATMAN AT-F101\" data-testid=\"product-image\" data-image-id=\"538\" style=\"object-fit:cover;\" loading=\"lazy\" srcset=\"https:\/\/depodar.com\/wp-content\/uploads\/2024\/03\/atman-atf101-300x300.jpg 300w, https:\/\/depodar.com\/wp-content\/uploads\/2024\/03\/atman-atf101-100x100.jpg 100w, https:\/\/depodar.com\/wp-content\/uploads\/2024\/03\/atman-atf101-150x150.jpg 150w\" sizes=\"auto, (max-width: 300px) 100vw, 300px\" \/><div class=\"wc-block-components-product-image__inner-container\">\n\n<\/div><\/a><\/div>\n\n<h3 style=\"margin-bottom:0.75rem;margin-top:0;\" class=\"has-text-align-center wp-block-post-title has-medium-font-size\"><a href=\"https:\/\/depodar.com\/index.php\/product\/atman-at-f101\/\" target=\"_self\" >ATMAN AT-F101<\/a><\/h3>\n\n<div data-block-name=\"woocommerce\/product-price\" data-font-size=\"small\" data-is-descendent-of-query-loop=\"true\" data-text-align=\"center\" class=\"has-font-size has-small-font-size has-text-align-center wp-block-woocommerce-product-price has-small-font-size\" ><div class=\"wc-block-components-product-price wc-block-grid__product-price\" >\n\t\t\t\t\t<span class=\"woocommerce-Price-amount amount\"><bdi><span class=\"woocommerce-Price-currencySymbol\">&#8378;<\/span>300,00<\/bdi><\/span>\n\t\t\t\t<\/div><\/div>\n<\/li><li class=\"wp-block-post post-615 product type-product status-publish has-post-thumbnail product_cat-akvaryum product_cat-ikinci-el-urunler product_tag-filtre product_tag-hagen product_tag-ikinci-el first instock shipping-taxable purchasable product-type-simple\">\n<div data-block-name=\"woocommerce\/product-image\" data-image-sizing=\"thumbnail\" data-is-descendent-of-query-loop=\"true\" data-show-sale-badge=\"false\" class=\"wc-block-components-product-image wc-block-grid__product-image wc-block-components-product-image--aspect-ratio-auto wp-block-woocommerce-product-image\"><a href=\"https:\/\/depodar.com\/index.php\/product\/hagen-marina-corner-filter-kullanilmis\/\" style=\"\" data-wp-on--click=\"woocommerce\/product-collection::actions.viewProduct\"><img decoding=\"async\" width=\"300\" height=\"300\" src=\"https:\/\/depodar.com\/wp-content\/uploads\/2024\/03\/marina-corner-filter_2-300x300.jpg\" class=\"attachment-woocommerce_thumbnail size-woocommerce_thumbnail\" alt=\"HAGEN MAR\u0130NA CORNER  F\u0130LTER (Kullan\u0131lm\u0131\u015f)\" data-testid=\"product-image\" data-image-id=\"565\" style=\"object-fit:cover;\" loading=\"lazy\" srcset=\"https:\/\/depodar.com\/wp-content\/uploads\/2024\/03\/marina-corner-filter_2-300x300.jpg 300w, https:\/\/depodar.com\/wp-content\/uploads\/2024\/03\/marina-corner-filter_2-100x100.jpg 100w, https:\/\/depodar.com\/wp-content\/uploads\/2024\/03\/marina-corner-filter_2-150x150.jpg 150w\" sizes=\"auto, (max-width: 300px) 100vw, 300px\" \/><div class=\"wc-block-components-product-image__inner-container\">\n\n<\/div><\/a><\/div>\n\n<h3 style=\"margin-bottom:0.75rem;margin-top:0;\" class=\"has-text-align-center wp-block-post-title has-medium-font-size\"><a href=\"https:\/\/depodar.com\/index.php\/product\/hagen-marina-corner-filter-kullanilmis\/\" target=\"_self\" >HAGEN MAR\u0130NA CORNER  F\u0130LTER (Kullan\u0131lm\u0131\u015f)<\/a><\/h3>\n\n<div data-block-name=\"woocommerce\/product-price\" data-font-size=\"small\" data-is-descendent-of-query-loop=\"true\" data-text-align=\"center\" class=\"has-font-size has-small-font-size has-text-align-center wp-block-woocommerce-product-price has-small-font-size\" ><div class=\"wc-block-components-product-price wc-block-grid__product-price\" >\n\t\t\t\t\t<span class=\"woocommerce-Price-amount amount\"><bdi><span class=\"woocommerce-Price-currencySymbol\">&#8378;<\/span>125,00<\/bdi><\/span>\n\t\t\t\t<\/div><\/div>\n<\/li><li class=\"wp-block-post post-614 product type-product status-publish has-post-thumbnail product_cat-akvaryum product_cat-ikinci-el-urunler product_tag-filtre product_tag-hagen product_tag-ikinci-el  instock shipping-taxable purchasable product-type-simple\">\n<div data-block-name=\"woocommerce\/product-image\" data-image-sizing=\"thumbnail\" data-is-descendent-of-query-loop=\"true\" data-show-sale-badge=\"false\" class=\"wc-block-components-product-image wc-block-grid__product-image wc-block-components-product-image--aspect-ratio-auto wp-block-woocommerce-product-image\"><a href=\"https:\/\/depodar.com\/index.php\/product\/hagen-marina-bottom-filter-kullanilmis\/\" style=\"\" data-wp-on--click=\"woocommerce\/product-collection::actions.viewProduct\"><img decoding=\"async\" width=\"300\" height=\"300\" src=\"https:\/\/depodar.com\/wp-content\/uploads\/2024\/03\/marina-bottom-kullanilmis_2-300x300.jpg\" class=\"attachment-woocommerce_thumbnail size-woocommerce_thumbnail\" alt=\"HAGEN MAR\u0130NA BOTTOM F\u0130LTER (Kullan\u0131lm\u0131\u015f)\" data-testid=\"product-image\" data-image-id=\"563\" style=\"object-fit:cover;\" loading=\"lazy\" srcset=\"https:\/\/depodar.com\/wp-content\/uploads\/2024\/03\/marina-bottom-kullanilmis_2-300x300.jpg 300w, https:\/\/depodar.com\/wp-content\/uploads\/2024\/03\/marina-bottom-kullanilmis_2-100x100.jpg 100w, https:\/\/depodar.com\/wp-content\/uploads\/2024\/03\/marina-bottom-kullanilmis_2-150x150.jpg 150w\" sizes=\"auto, (max-width: 300px) 100vw, 300px\" \/><div class=\"wc-block-components-product-image__inner-container\">\n\n<\/div><\/a><\/div>\n\n<h3 style=\"margin-bottom:0.75rem;margin-top:0;\" class=\"has-text-align-center wp-block-post-title has-medium-font-size\"><a href=\"https:\/\/depodar.com\/index.php\/product\/hagen-marina-bottom-filter-kullanilmis\/\" target=\"_self\" >HAGEN MAR\u0130NA BOTTOM F\u0130LTER (Kullan\u0131lm\u0131\u015f)<\/a><\/h3>\n\n<div data-block-name=\"woocommerce\/product-price\" data-font-size=\"small\" data-is-descendent-of-query-loop=\"true\" data-text-align=\"center\" class=\"has-font-size has-small-font-size has-text-align-center wp-block-woocommerce-product-price has-small-font-size\" ><div class=\"wc-block-components-product-price wc-block-grid__product-price\" >\n\t\t\t\t\t<span class=\"woocommerce-Price-amount amount\"><bdi><span class=\"woocommerce-Price-currencySymbol\">&#8378;<\/span>100,00<\/bdi><\/span>\n\t\t\t\t<\/div><\/div>\n<\/li><li class=\"wp-block-post post-613 product type-product status-publish has-post-thumbnail product_cat-akvaryum product_cat-ikinci-el-urunler product_tag-filtre product_tag-ikinci-el  instock shipping-taxable purchasable product-type-simple\">\n<div data-block-name=\"woocommerce\/product-image\" data-image-sizing=\"thumbnail\" data-is-descendent-of-query-loop=\"true\" data-show-sale-badge=\"false\" class=\"wc-block-components-product-image wc-block-grid__product-image wc-block-components-product-image--aspect-ratio-auto wp-block-woocommerce-product-image\"><a href=\"https:\/\/depodar.com\/index.php\/product\/aim-corner-filter-kucuk-boy-kopya\/\" style=\"\" data-wp-on--click=\"woocommerce\/product-collection::actions.viewProduct\"><img decoding=\"async\" width=\"300\" height=\"300\" src=\"https:\/\/depodar.com\/wp-content\/uploads\/2024\/03\/kose-filtre_kullanilmis_1-300x300.jpg\" class=\"attachment-woocommerce_thumbnail size-woocommerce_thumbnail\" alt=\"AIM CORNER F\u0130LTER( K\u00dc\u00c7\u00dcK BOY) (Kullan\u0131lm\u0131\u015f)\" data-testid=\"product-image\" data-image-id=\"557\" style=\"object-fit:cover;\" loading=\"lazy\" srcset=\"https:\/\/depodar.com\/wp-content\/uploads\/2024\/03\/kose-filtre_kullanilmis_1-300x300.jpg 300w, https:\/\/depodar.com\/wp-content\/uploads\/2024\/03\/kose-filtre_kullanilmis_1-100x100.jpg 100w, https:\/\/depodar.com\/wp-content\/uploads\/2024\/03\/kose-filtre_kullanilmis_1-150x150.jpg 150w\" sizes=\"auto, (max-width: 300px) 100vw, 300px\" \/><div class=\"wc-block-components-product-image__inner-container\">\n\n<\/div><\/a><\/div>\n\n<h3 style=\"margin-bottom:0.75rem;margin-top:0;\" class=\"has-text-align-center wp-block-post-title has-medium-font-size\"><a href=\"https:\/\/depodar.com\/index.php\/product\/aim-corner-filter-kucuk-boy-kopya\/\" target=\"_self\" >AIM CORNER F\u0130LTER( K\u00dc\u00c7\u00dcK BOY) (Kullan\u0131lm\u0131\u015f)<\/a><\/h3>\n\n<div data-block-name=\"woocommerce\/product-price\" data-font-size=\"small\" data-is-descendent-of-query-loop=\"true\" data-text-align=\"center\" class=\"has-font-size has-small-font-size has-text-align-center wp-block-woocommerce-product-price has-small-font-size\" ><div class=\"wc-block-components-product-price wc-block-grid__product-price\" >\n\t\t\t\t\t<span class=\"woocommerce-Price-amount amount\"><bdi><span class=\"woocommerce-Price-currencySymbol\">&#8378;<\/span>50,00<\/bdi><\/span>\n\t\t\t\t<\/div><\/div>\n<\/li><li class=\"wp-block-post post-603 product type-product status-publish has-post-thumbnail product_cat-akvaryum product_cat-ikinci-el-urunler product_tag-ikinci-el last instock shipping-taxable purchasable product-type-simple\">\n<div data-block-name=\"woocommerce\/product-image\" data-image-sizing=\"thumbnail\" data-is-descendent-of-query-loop=\"true\" data-show-sale-badge=\"false\" class=\"wc-block-components-product-image wc-block-grid__product-image wc-block-components-product-image--aspect-ratio-auto wp-block-woocommerce-product-image\"><a href=\"https:\/\/depodar.com\/index.php\/product\/miknatisli-akvaryum-cam-temizleyici\/\" style=\"\" data-wp-on--click=\"woocommerce\/product-collection::actions.viewProduct\"><img decoding=\"async\" width=\"300\" height=\"300\" src=\"https:\/\/depodar.com\/wp-content\/uploads\/2024\/03\/miknatisli-silecek-300x300.jpg\" class=\"attachment-woocommerce_thumbnail size-woocommerce_thumbnail\" alt=\"MIKNATISLI AKVARYUM CAM TEM\u0130ZLEY\u0130C\u0130\" data-testid=\"product-image\" data-image-id=\"567\" style=\"object-fit:cover;\" loading=\"lazy\" srcset=\"https:\/\/depodar.com\/wp-content\/uploads\/2024\/03\/miknatisli-silecek-300x300.jpg 300w, https:\/\/depodar.com\/wp-content\/uploads\/2024\/03\/miknatisli-silecek-100x100.jpg 100w, https:\/\/depodar.com\/wp-content\/uploads\/2024\/03\/miknatisli-silecek-150x150.jpg 150w\" sizes=\"auto, (max-width: 300px) 100vw, 300px\" \/><div class=\"wc-block-components-product-image__inner-container\">\n\n<\/div><\/a><\/div>\n\n<h3 style=\"margin-bottom:0.75rem;margin-top:0;\" class=\"has-text-align-center wp-block-post-title has-medium-font-size\"><a href=\"https:\/\/depodar.com\/index.php\/product\/miknatisli-akvaryum-cam-temizleyici\/\" target=\"_self\" >MIKNATISLI AKVARYUM CAM TEM\u0130ZLEY\u0130C\u0130<\/a><\/h3>\n\n<div data-block-name=\"woocommerce\/product-price\" data-font-size=\"small\" data-is-descendent-of-query-loop=\"true\" data-text-align=\"center\" class=\"has-font-size has-small-font-size has-text-align-center wp-block-woocommerce-product-price has-small-font-size\" ><div class=\"wc-block-components-product-price wc-block-grid__product-price\" >\n\t\t\t\t\t<span class=\"woocommerce-Price-amount amount\"><bdi><span class=\"woocommerce-Price-currencySymbol\">&#8378;<\/span>100,00<\/bdi><\/span>\n\t\t\t\t<\/div><\/div>\n<\/li><li class=\"wp-block-post post-597 product type-product status-publish has-post-thumbnail product_cat-akvaryum product_cat-ikinci-el-urunler product_tag-filtre product_tag-ikinci-el first instock shipping-taxable purchasable product-type-simple\">\n<div data-block-name=\"woocommerce\/product-image\" data-image-sizing=\"thumbnail\" data-is-descendent-of-query-loop=\"true\" data-show-sale-badge=\"false\" class=\"wc-block-components-product-image wc-block-grid__product-image wc-block-components-product-image--aspect-ratio-auto wp-block-woocommerce-product-image\"><a href=\"https:\/\/depodar.com\/index.php\/product\/resun-hf-2002-selale-filtre\/\" style=\"\" data-wp-on--click=\"woocommerce\/product-collection::actions.viewProduct\"><img decoding=\"async\" width=\"300\" height=\"300\" src=\"https:\/\/depodar.com\/wp-content\/uploads\/2024\/03\/resun-hf2002-selale-filtre_1-300x300.jpg\" class=\"attachment-woocommerce_thumbnail size-woocommerce_thumbnail\" alt=\"resun hf2002 \u015felale filtre\" data-testid=\"product-image\" data-image-id=\"573\" style=\"object-fit:cover;\" loading=\"lazy\" srcset=\"https:\/\/depodar.com\/wp-content\/uploads\/2024\/03\/resun-hf2002-selale-filtre_1-300x300.jpg 300w, https:\/\/depodar.com\/wp-content\/uploads\/2024\/03\/resun-hf2002-selale-filtre_1-100x100.jpg 100w, https:\/\/depodar.com\/wp-content\/uploads\/2024\/03\/resun-hf2002-selale-filtre_1-150x150.jpg 150w\" sizes=\"auto, (max-width: 300px) 100vw, 300px\" \/><div class=\"wc-block-components-product-image__inner-container\">\n\n<\/div><\/a><\/div>\n\n<h3 style=\"margin-bottom:0.75rem;margin-top:0;\" class=\"has-text-align-center wp-block-post-title has-medium-font-size\"><a href=\"https:\/\/depodar.com\/index.php\/product\/resun-hf-2002-selale-filtre\/\" target=\"_self\" >RESUN HF 2002 \u015eELALE F\u0130LTRE<\/a><\/h3>\n\n<div data-block-name=\"woocommerce\/product-price\" data-font-size=\"small\" data-is-descendent-of-query-loop=\"true\" data-text-align=\"center\" class=\"has-font-size has-small-font-size has-text-align-center wp-block-woocommerce-product-price has-small-font-size\" ><div class=\"wc-block-components-product-price wc-block-grid__product-price\" >\n\t\t\t\t\t<span class=\"woocommerce-Price-amount amount\"><bdi><span class=\"woocommerce-Price-currencySymbol\">&#8378;<\/span>600,00<\/bdi><\/span>\n\t\t\t\t<\/div><\/div>\n<\/li><\/ul>\n\n<nav class=\"wp-block-query-pagination is-content-justification-center is-layout-flex wp-container-core-query-pagination-is-layout-a89b3969 wp-block-query-pagination-is-layout-flex\" aria-label=\"Sayfalama\">\n\n\n<div class=\"wp-block-query-pagination-numbers\"><span aria-label=\"Sayfa 1\" aria-current=\"page\" class=\"page-numbers current\">1<\/span>\n<a aria-label=\"Sayfa 2\" class=\"page-numbers\" href=\"?query-0-page=2\">2<\/a><\/div>\n\n<a href=\"\/index.php\/wp-json\/wp\/v2\/pages\/470?query-0-page=2\" class=\"wp-block-query-pagination-next\">Sonraki sayfa<\/a>\n<\/nav>\n\n<\/div>\n","protected":false},"excerpt":{"rendered":"","protected":false},"author":1,"featured_media":0,"parent":272,"menu_order":1,"comment_status":"closed","ping_status":"closed","template":"","meta":{"_monsterinsights_skip_tracking":false,"_monsterinsights_sitenote_active":false,"_monsterinsights_sitenote_note":"","_monsterinsights_sitenote_category":0,"footnotes":""},"class_list":["post-470","page","type-page","status-publish","hentry"],"aioseo_notices":[],"jetpack_sharing_enabled":true,"_links":{"self":[{"href":"https:\/\/depodar.com\/index.php\/wp-json\/wp\/v2\/pages\/470","targetHints":{"allow":["GET"]}}],"collection":[{"href":"https:\/\/depodar.com\/index.php\/wp-json\/wp\/v2\/pages"}],"about":[{"href":"https:\/\/depodar.com\/index.php\/wp-json\/wp\/v2\/types\/page"}],"author":[{"embeddable":true,"href":"https:\/\/depodar.com\/index.php\/wp-json\/wp\/v2\/users\/1"}],"replies":[{"embeddable":true,"href":"https:\/\/depodar.com\/index.php\/wp-json\/wp\/v2\/comments?post=470"}],"version-history":[{"count":18,"href":"https:\/\/depodar.com\/index.php\/wp-json\/wp\/v2\/pages\/470\/revisions"}],"predecessor-version":[{"id":2308,"href":"https:\/\/depodar.com\/index.php\/wp-json\/wp\/v2\/pages\/470\/revisions\/2308"}],"up":[{"embeddable":true,"href":"https:\/\/depodar.com\/index.php\/wp-json\/wp\/v2\/pages\/272"}],"wp:attachment":[{"href":"https:\/\/depodar.com\/index.php\/wp-json\/wp\/v2\/media?parent=470"}],"curies":[{"name":"wp","href":"https:\/\/api.w.org\/{rel}","templated":true}]}}