{"id":272,"date":"2024-03-12T12:06:29","date_gmt":"2024-03-12T12:06:29","guid":{"rendered":"https:\/\/depodar.com\/?page_id=272"},"modified":"2024-03-20T02:11:38","modified_gmt":"2024-03-19T23:11:38","slug":"akvaryum-malzemeleri","status":"publish","type":"page","link":"https:\/\/depodar.com\/index.php\/akvaryum-malzemeleri\/","title":{"rendered":"Akvaryum Malzemeleri"},"content":{"rendered":"\n<p>Bu sayfalarda yer alan akvaryum malzemeleri ; 2002 den 2021 e uzanan akvaryum hobim s\u0131ras\u0131nda Sat\u0131n alma ve\/veya  \u00fcretimini  yapt\u0131\u011f\u0131m bal\u0131k, bitki ve karideslerimi  akvaryumcularla takas yaparak edindi\u011fim malzemelerden olu\u015fmaktad\u0131r. \u00dcr\u00fcnlerin tamam\u0131na yak\u0131n\u0131 ithal \u00fcr\u00fcnler olup baz\u0131lar\u0131 hi\u00e7 kullan\u0131lmam\u0131\u015f, baz\u0131lar\u0131 ise \u00e7ok az kullan\u0131lm\u0131\u015f ve tekrar kullan\u0131labilir durumdaki \u00fcr\u00fcnlerden olu\u015fmaktad\u0131r. Mevcutlar\u0131n de\u011ferlendirilmesi yan\u0131nda akvaryum hobicileri i\u00e7in de uygun fiyat ile ithal ve s\u0131f\u0131r \u00fcr\u00fcnlere eri\u015fim anlam\u0131nda g\u00fczel bir se\u00e7enek olabilece\u011fini d\u00fc\u015f\u00fcn\u00fcyorum.<\/p>\n\n\n\n<p>Bu kapsamda kullan\u0131m durumuna g\u00f6re \u00fcr\u00fcnlere a\u015fa\u011f\u0131daki butonlardan ula\u015fabilirsiniz.<\/p>\n\n\n\n<p class=\"is-style-default\">                      <\/p>\n\n\n\n<h2 class=\"wp-block-heading is-style-default\">                                      <\/h2>\n\n\n\n<div class=\"wp-block-buttons is-content-justification-space-between is-layout-flex wp-container-core-buttons-is-layout-b2891da8 wp-block-buttons-is-layout-flex\">\n<div class=\"wp-block-button\"><a class=\"wp-block-button__link wp-element-button\" href=\"https:\/\/depodar.com\/index.php\/akvaryum-malzemeleri\/sifir-akvaryum-malzemeleri\/\">SIFIR \u00dcR\u00dcNLER<\/a><\/div>\n\n\n\n<div class=\"wp-block-button\"><a class=\"wp-block-button__link wp-element-button\" href=\"https:\/\/depodar.com\/index.php\/akvaryum-malzemeleri\/ikinci-el-akvaryum-malzemeleri\/\">\u0130K\u0130NC\u0130 EL \u00dcR\u00dcNLER<\/a><\/div>\n<\/div>\n","protected":false},"excerpt":{"rendered":"<p>Bu sayfalarda yer alan akvaryum malzemeleri ; 2002 den 2021 e uzanan akvaryum hobim s\u0131ras\u0131nda Sat\u0131n alma ve\/veya \u00fcretimini yapt\u0131\u011f\u0131m bal\u0131k, bitki ve karideslerimi akvaryumcularla takas yaparak edindi\u011fim malzemelerden olu\u015fmaktad\u0131r. \u00dcr\u00fcnlerin tamam\u0131na yak\u0131n\u0131 ithal \u00fcr\u00fcnler olup baz\u0131lar\u0131 hi\u00e7 kullan\u0131lmam\u0131\u015f, baz\u0131lar\u0131 ise \u00e7ok az kullan\u0131lm\u0131\u015f ve tekrar kullan\u0131labilir durumdaki \u00fcr\u00fcnlerden olu\u015fmaktad\u0131r. Mevcutlar\u0131n de\u011ferlendirilmesi yan\u0131nda akvaryum hobicileri [&hellip;]<\/p>\n","protected":false},"author":1,"featured_media":0,"parent":0,"menu_order":0,"comment_status":"closed","ping_status":"closed","template":"","meta":{"_monsterinsights_skip_tracking":false,"_monsterinsights_sitenote_active":false,"_monsterinsights_sitenote_note":"","_monsterinsights_sitenote_category":0,"footnotes":""},"class_list":["post-272","page","type-page","status-publish","hentry"],"aioseo_notices":[],"jetpack_sharing_enabled":true,"_links":{"self":[{"href":"https:\/\/depodar.com\/index.php\/wp-json\/wp\/v2\/pages\/272","targetHints":{"allow":["GET"]}}],"collection":[{"href":"https:\/\/depodar.com\/index.php\/wp-json\/wp\/v2\/pages"}],"about":[{"href":"https:\/\/depodar.com\/index.php\/wp-json\/wp\/v2\/types\/page"}],"author":[{"embeddable":true,"href":"https:\/\/depodar.com\/index.php\/wp-json\/wp\/v2\/users\/1"}],"replies":[{"embeddable":true,"href":"https:\/\/depodar.com\/index.php\/wp-json\/wp\/v2\/comments?post=272"}],"version-history":[{"count":10,"href":"https:\/\/depodar.com\/index.php\/wp-json\/wp\/v2\/pages\/272\/revisions"}],"predecessor-version":[{"id":805,"href":"https:\/\/depodar.com\/index.php\/wp-json\/wp\/v2\/pages\/272\/revisions\/805"}],"wp:attachment":[{"href":"https:\/\/depodar.com\/index.php\/wp-json\/wp\/v2\/media?parent=272"}],"curies":[{"name":"wp","href":"https:\/\/api.w.org\/{rel}","templated":true}]}}