{"id":1526,"date":"2025-12-01T23:20:43","date_gmt":"2025-12-01T20:20:43","guid":{"rendered":"https:\/\/depodar.com\/?page_id=1526"},"modified":"2025-12-27T16:38:46","modified_gmt":"2025-12-27T13:38:46","slug":"dvderi","status":"publish","type":"page","link":"https:\/\/depodar.com\/index.php\/dvderi\/","title":{"rendered":"DER\u0130 VE DER\u0130 AKSESUARLARI"},"content":{"rendered":"\n<p>Bu sayfada deri hobisi ile u\u011fra\u015f\u0131rken edindi\u011fim deri ve deri aksesuarlar\u0131ndan fazlal\u0131klar\u0131m\u0131 de\u011ferlendirmek \u00fczere listeliyorum. <\/p>\n\n\n\n<p>Bu site genelinde al\u0131\u015fveri\u015f sepeti tarz\u0131 bir uygulama \u00f6zellikle bulunmuyor \u00e7\u00fcnk\u00fc pek \u00e7ok \u00fcr\u00fcn niteli\u011fi nedeniyle kargoya uygun de\u011fil ve ticari bir firma olmad\u0131\u011f\u0131mdan kargo anla\u015fmam bulunmuyor. Be\u011fendi\u011finiz \u00fcr\u00fcnler i\u00e7in sitedeki whatsup uygulamas\u0131ndan ula\u015farak sormak istediklerinizi iletebilirsiniz.<\/p>\n\n\n\n<p>Deride kilo ve desi hesab\u0131 olarak farkl\u0131 \u00fcr\u00fcnler bulunmakta. Renk olarak elimde siyah ve kahve tonlar bolca bulunuyor. Lacivert ve benzeri renklerle takas d\u00fc\u015f\u00fcnebilirim<\/p>\n\n\n\n<p>G\u00fcncel deri ve metal aksesuarlar i\u00e7in a\u015fa\u011f\u0131daki fotolardan \u00fcr\u00fcnlere ula\u015fabilirsiniz<\/p>\n\n\n\n<div class=\"wp-block-group has-global-padding is-layout-constrained wp-block-group-is-layout-constrained\">\n<div class=\"wp-block-jetpack-tiled-gallery aligncenter is-style-rectangular\"><div class=\"\"><div class=\"tiled-gallery__gallery\"><div class=\"tiled-gallery__row\"><div class=\"tiled-gallery__col\" style=\"flex-basis:33.33333%\"><figure class=\"tiled-gallery__item\"><a href=\"https:\/\/depodar.com\/index.php\/dvderi\/dilli-tokalar\"><img decoding=\"async\" srcset=\"https:\/\/i0.wp.com\/depodar.com\/wp-content\/uploads\/2025\/12\/20251227_154651.jpg?strip=info&#038;w=600&#038;ssl=1 600w\" alt=\"\" data-height=\"800\" data-id=\"2164\" data-link=\"https:\/\/depodar.com\/index.php\/dvderi\/20251227_154651\/\" data-url=\"https:\/\/depodar.com\/wp-content\/uploads\/2025\/12\/20251227_154651.jpg\" data-width=\"600\" src=\"https:\/\/i0.wp.com\/depodar.com\/wp-content\/uploads\/2025\/12\/20251227_154651.jpg?ssl=1\" data-amp-layout=\"responsive\"\/><\/a><\/figure><\/div><div class=\"tiled-gallery__col\" style=\"flex-basis:33.33333%\"><figure class=\"tiled-gallery__item\"><a href=\"https:\/\/depodar.com\/index.php\/dvderi\/pimli-tokalar\"><img decoding=\"async\" srcset=\"https:\/\/i0.wp.com\/depodar.com\/wp-content\/uploads\/2025\/12\/20251227_154605.jpg?strip=info&#038;w=600&#038;ssl=1 600w\" alt=\"\" data-height=\"800\" data-id=\"2163\" data-link=\"https:\/\/depodar.com\/index.php\/dvderi\/20251227_154605\/\" data-url=\"https:\/\/depodar.com\/wp-content\/uploads\/2025\/12\/20251227_154605.jpg\" data-width=\"600\" src=\"https:\/\/i0.wp.com\/depodar.com\/wp-content\/uploads\/2025\/12\/20251227_154605.jpg?ssl=1\" data-amp-layout=\"responsive\"\/><\/a><\/figure><\/div><div class=\"tiled-gallery__col\" style=\"flex-basis:33.33333%\"><figure class=\"tiled-gallery__item\"><a href=\"https:\/\/depodar.com\/index.php\/dvderi\/deri-aksesuarlari\/\"><img decoding=\"async\" srcset=\"https:\/\/i0.wp.com\/depodar.com\/wp-content\/uploads\/2025\/12\/kapak.jpg?strip=info&#038;w=600&#038;ssl=1 600w\" alt=\"\" data-height=\"800\" data-id=\"1679\" data-link=\"https:\/\/depodar.com\/index.php\/dvderi\/kapak\/\" data-url=\"https:\/\/depodar.com\/wp-content\/uploads\/2025\/12\/kapak.jpg\" data-width=\"600\" src=\"https:\/\/i0.wp.com\/depodar.com\/wp-content\/uploads\/2025\/12\/kapak.jpg?ssl=1\" data-amp-layout=\"responsive\"\/><\/a><\/figure><\/div><\/div><div class=\"tiled-gallery__row\"><div class=\"tiled-gallery__col\" style=\"flex-basis:50.00000%\"><figure class=\"tiled-gallery__item\"><img decoding=\"async\" srcset=\"https:\/\/i0.wp.com\/depodar.com\/wp-content\/uploads\/2025\/12\/derikg.jpg?strip=info&#038;w=600&#038;ssl=1 600w\" alt=\"\" data-height=\"800\" data-id=\"1680\" data-link=\"https:\/\/depodar.com\/index.php\/dvderi\/derikg\/\" data-url=\"https:\/\/depodar.com\/wp-content\/uploads\/2025\/12\/derikg.jpg\" data-width=\"600\" src=\"https:\/\/i0.wp.com\/depodar.com\/wp-content\/uploads\/2025\/12\/derikg.jpg?ssl=1\" data-amp-layout=\"responsive\"\/><\/figure><\/div><div class=\"tiled-gallery__col\" style=\"flex-basis:50.00000%\"><figure class=\"tiled-gallery__item\"><img decoding=\"async\" srcset=\"https:\/\/i0.wp.com\/depodar.com\/wp-content\/uploads\/2025\/12\/kanat.jpg?strip=info&#038;w=600&#038;ssl=1 600w\" alt=\"\" data-height=\"800\" data-id=\"1681\" data-link=\"https:\/\/depodar.com\/index.php\/dvderi\/kanat\/\" data-url=\"https:\/\/depodar.com\/wp-content\/uploads\/2025\/12\/kanat.jpg\" data-width=\"600\" src=\"https:\/\/i0.wp.com\/depodar.com\/wp-content\/uploads\/2025\/12\/kanat.jpg?ssl=1\" data-amp-layout=\"responsive\"\/><\/figure><\/div><\/div><\/div><\/div><\/div>\n<\/div>\n","protected":false},"excerpt":{"rendered":"<p>Bu sayfada deri hobisi ile u\u011fra\u015f\u0131rken edindi\u011fim deri ve deri aksesuarlar\u0131ndan fazlal\u0131klar\u0131m\u0131 de\u011ferlendirmek \u00fczere listeliyorum. Bu site genelinde al\u0131\u015fveri\u015f sepeti tarz\u0131 bir uygulama \u00f6zellikle bulunmuyor \u00e7\u00fcnk\u00fc pek \u00e7ok \u00fcr\u00fcn niteli\u011fi nedeniyle kargoya uygun de\u011fil ve ticari bir firma olmad\u0131\u011f\u0131mdan kargo anla\u015fmam bulunmuyor. Be\u011fendi\u011finiz \u00fcr\u00fcnler i\u00e7in sitedeki whatsup uygulamas\u0131ndan ula\u015farak sormak istediklerinizi iletebilirsiniz. Deride kilo ve [&hellip;]<\/p>\n","protected":false},"author":1,"featured_media":0,"parent":0,"menu_order":0,"comment_status":"closed","ping_status":"closed","template":"","meta":{"_monsterinsights_skip_tracking":false,"_monsterinsights_sitenote_active":false,"_monsterinsights_sitenote_note":"","_monsterinsights_sitenote_category":0,"footnotes":""},"class_list":["post-1526","page","type-page","status-publish","hentry"],"aioseo_notices":[],"jetpack_sharing_enabled":true,"_links":{"self":[{"href":"https:\/\/depodar.com\/index.php\/wp-json\/wp\/v2\/pages\/1526","targetHints":{"allow":["GET"]}}],"collection":[{"href":"https:\/\/depodar.com\/index.php\/wp-json\/wp\/v2\/pages"}],"about":[{"href":"https:\/\/depodar.com\/index.php\/wp-json\/wp\/v2\/types\/page"}],"author":[{"embeddable":true,"href":"https:\/\/depodar.com\/index.php\/wp-json\/wp\/v2\/users\/1"}],"replies":[{"embeddable":true,"href":"https:\/\/depodar.com\/index.php\/wp-json\/wp\/v2\/comments?post=1526"}],"version-history":[{"count":15,"href":"https:\/\/depodar.com\/index.php\/wp-json\/wp\/v2\/pages\/1526\/revisions"}],"predecessor-version":[{"id":2189,"href":"https:\/\/depodar.com\/index.php\/wp-json\/wp\/v2\/pages\/1526\/revisions\/2189"}],"wp:attachment":[{"href":"https:\/\/depodar.com\/index.php\/wp-json\/wp\/v2\/media?parent=1526"}],"curies":[{"name":"wp","href":"https:\/\/api.w.org\/{rel}","templated":true}]}}