{"id":1285,"date":"2025-03-04T22:56:15","date_gmt":"2025-03-04T19:56:15","guid":{"rendered":"https:\/\/depodar.com\/?page_id=1285"},"modified":"2025-04-12T20:43:18","modified_gmt":"2025-04-12T17:43:18","slug":"vintage-elektronik-cihazlar","status":"publish","type":"page","link":"https:\/\/depodar.com\/index.php\/vintage-elektronik\/vintage-elektronik-cihazlar\/","title":{"rendered":"V\u0131ntage Elektronik Cihazlar"},"content":{"rendered":"\n<p>Bu sayfada yer alan \u00fcr\u00fcnler rahmetli babam\u0131n 1960l\u0131 y\u0131llarda a\u00e7t\u0131\u011f\u0131 ve sonras\u0131nda memuriyete ge\u00e7i\u015f ile elinde kalan, \u00e7o\u011funlu\u011fu s\u0131f\u0131r, baz\u0131lar\u0131 ise \u00e7\u0131kma \u00fcr\u00fcnlerden olu\u015fmaktad\u0131r. Devam\u0131 olmayan \u00fcr\u00fcnler olup her \u00fcr\u00fcn kendi i\u00e7inde topluca verilecektir. Birden \u00e7ok \u00fcr\u00fcn baz\u0131nda toplu al\u0131mlarda elimden geleni yapmaya \u00e7al\u0131\u015f\u0131r\u0131m. Sadece Ankara i\u00e7i elden iletebiliyorum.<\/p>\n\n\n<form role=\"search\" method=\"get\" action=\"https:\/\/depodar.com\/\" class=\"wp-block-search__button-outside wp-block-search__text-button wp-block-search\"    ><label class=\"wp-block-search__label\" for=\"wp-block-search__input-1\" >Ara<\/label><div class=\"wp-block-search__inside-wrapper\" ><input class=\"wp-block-search__input\" id=\"wp-block-search__input-1\" placeholder=\"\u00dcr\u00fcn ara...\" value=\"\" type=\"search\" name=\"s\" required \/><input type=\"hidden\" name=\"post_type\" value=\"product\" \/><button aria-label=\"Ara\" class=\"wp-block-search__button wp-element-button\" type=\"submit\" >Ara<\/button><\/div><\/form>\n\n\n<div data-wp-context=\"{&quot;notices&quot;:[],&quot;hideNextPreviousButtons&quot;:false,&quot;isDisabledPrevious&quot;:true,&quot;isDisabledNext&quot;:false,&quot;ariaLabelPrevious&quot;:&quot;\\u00d6nceki \\u00fcr\\u00fcnler&quot;,&quot;ariaLabelNext&quot;:&quot;Sonraki \\u00fcr\\u00fcnler&quot;}\" data-wp-init=\"callbacks.onRender\" data-wp-interactive=\"woocommerce\/product-collection\" data-wp-router-region=\"wc-product-collection-0\" data-__private-preview-state=\"{&quot;isPreview&quot;:false,&quot;previewMessage&quot;:&quot;As\\u0131l \\u00fcr\\u00fcnler, g\\u00f6r\\u00fcnt\\u00fclenen sayfaya g\\u00f6re de\\u011fi\\u015fiklik g\\u00f6sterecektir.&quot;}\" data-block-name=\"woocommerce\/product-collection\" data-dimensions=\"{&quot;widthType&quot;:&quot;fill&quot;}\" data-display-layout=\"{&quot;type&quot;:&quot;flex&quot;,&quot;columns&quot;:3,&quot;shrinkColumns&quot;:true}\" data-query-context-includes=\"[&quot;collection&quot;]\" data-query-id=\"0\" data-query=\"{&quot;perPage&quot;:9,&quot;pages&quot;:0,&quot;offset&quot;:0,&quot;postType&quot;:&quot;product&quot;,&quot;order&quot;:&quot;asc&quot;,&quot;orderBy&quot;:&quot;title&quot;,&quot;search&quot;:&quot;&quot;,&quot;exclude&quot;:[],&quot;inherit&quot;:false,&quot;taxQuery&quot;:{&quot;product_cat&quot;:[27]},&quot;isProductCollectionBlock&quot;:true,&quot;featured&quot;:false,&quot;woocommerceOnSale&quot;:false,&quot;woocommerceStockStatus&quot;:[&quot;instock&quot;,&quot;outofstock&quot;,&quot;onbackorder&quot;],&quot;woocommerceAttributes&quot;:[],&quot;woocommerceHandPickedProducts&quot;:[],&quot;filterable&quot;:true,&quot;relatedBy&quot;:{&quot;categories&quot;:true,&quot;tags&quot;:true}}\" data-tag-name=\"div\" class=\"wp-block-woocommerce-product-collection is-layout-flow wp-block-woocommerce-product-collection-is-layout-flow\">\t\t<div data-wp-interactive=\"woocommerce\/store-notices\" class=\"wc-block-components-notices alignwide\">\n\t\t\t<template data-wp-each--notice=\"state.notices\" data-wp-each-key=\"context.notice.id\">\n\t\t\t\t<div\n\t\t\t\t\tclass=\"wc-block-components-notice-banner\"\n\t\t\t\t\tdata-wp-init=\"callbacks.scrollIntoView\"\n\t\t\t\t\tdata-wp-class--is-error=\"state.isError\"\n\t\t\t\t\tdata-wp-class--is-success=\"state.isSuccess\"\n\t\t\t\t\tdata-wp-class--is-info=\"state.isInfo\"\n\t\t\t\t\tdata-wp-class--is-dismissible=\"context.notice.dismissible\"\n\t\t\t\t\tdata-wp-bind--role=\"state.role\"\n\t\t\t\t\tdata-wp-watch=\"callbacks.injectIcon\"\n\t\t\t\t>\n\t\t\t\t\t<div class=\"wc-block-components-notice-banner__content\">\n\t\t\t\t\t\t<span data-wp-init=\"callbacks.renderNoticeContent\" aria-live=\"assertive\" aria-atomic=\"true\"><\/span>\n\t\t\t\t\t<\/div>\n\t\t\t\t\t<button\n\t\t\t\t\t\tdata-wp-bind--hidden=\"!context.notice.dismissible\"\n\t\t\t\t\t\tclass=\"wc-block-components-button wp-element-button wc-block-components-notice-banner__dismiss contained\"\n\t\t\t\t\t\taria-label=\"Bu bildirimi kapat\"\n\t\t\t\t\t\tdata-wp-on--click=\"actions.removeNotice\"\n\t\t\t\t\t>\n\t\t\t\t\t\t<svg xmlns=\"http:\/\/www.w3.org\/2000\/svg\" viewBox=\"0 0 24 24\">\n\t\t\t\t\t\t\t<path d=\"M13 11.8l6.1-6.3-1-1-6.1 6.2-6.1-6.2-1 1 6.1 6.3-6.5 6.7 1 1 6.5-6.6 6.5 6.6 1-1z\" \/>\n\t\t\t\t\t\t<\/svg>\n\t\t\t\t\t<\/button>\n\t\t\t\t<\/div>\n\t\t\t<\/template>\n\t\t<\/div>\n\t\t<ul data-block-name=\"woocommerce\/product-template\" class=\"wc-block-product-template__responsive columns-3 wc-block-product-template wp-block-woocommerce-product-template is-layout-flow wp-block-woocommerce-product-template-is-layout-flow\" data-wp-on--scroll=\"actions.watchScroll\" data-wp-init=\"callbacks.initResizeObserver\"><li class=\"wc-block-product post-1214 product type-product status-publish has-post-thumbnail product_cat-elektronikcihaz first instock shipping-taxable purchasable product-type-simple\"\n\t\t\t\t\t\n\t\t\t\tdata-wp-interactive=\"woocommerce\/product-collection\"\n\t\t\t\tdata-wp-context='{\"productId\":1214}'\n\t\t\t\tdata-wp-key=\"product-item-1214\"\n\t\t\t\n\t\t\t\t>\n\t\t\t\t\t\n<div data-block-name=\"woocommerce\/product-image\" data-image-sizing=\"thumbnail\" data-is-descendent-of-query-loop=\"true\" class=\"wc-block-components-product-image wc-block-grid__product-image wc-block-components-product-image--aspect-ratio-auto wp-block-woocommerce-product-image\"><a href=\"https:\/\/depodar.com\/index.php\/product\/olcu-alet-gostergeleri\/\" style=\"\" data-wp-on--click=\"woocommerce\/product-collection::actions.viewProduct\"><img decoding=\"async\" width=\"300\" height=\"300\" src=\"https:\/\/depodar.com\/wp-content\/uploads\/2024\/03\/20250223_122050-300x300.jpg\" class=\"attachment-woocommerce_thumbnail size-woocommerce_thumbnail\" alt=\"\u00d6l\u00e7\u00fc alet g\u00f6stergeleri\" data-testid=\"product-image\" data-image-id=\"1203\" style=\"object-fit:cover;\" loading=\"lazy\" srcset=\"https:\/\/depodar.com\/wp-content\/uploads\/2024\/03\/20250223_122050-300x300.jpg 300w, https:\/\/depodar.com\/wp-content\/uploads\/2024\/03\/20250223_122050-150x150.jpg 150w, https:\/\/depodar.com\/wp-content\/uploads\/2024\/03\/20250223_122050-100x100.jpg 100w\" sizes=\"auto, (max-width: 300px) 100vw, 300px\" \/><div class=\"wc-block-components-product-image__inner-container\"><\/div><\/a><\/div>\n\n<h3 style=\"margin-bottom:0.75rem;margin-top:0;\" class=\"has-text-align-center wp-block-post-title has-medium-font-size\"><a data-wp-on--click=\"woocommerce\/product-collection::actions.viewProduct\" href=\"https:\/\/depodar.com\/index.php\/product\/olcu-alet-gostergeleri\/\" target=\"_self\" >\u00d6l\u00e7\u00fc alet g\u00f6stergeleri<\/a><\/h3>\n\n<div data-block-name=\"woocommerce\/product-price\" data-font-size=\"small\" data-is-descendent-of-query-loop=\"true\" data-text-align=\"center\" class=\"has-font-size has-small-font-size has-text-align-center wp-block-woocommerce-product-price has-small-font-size\" ><div class=\"wc-block-components-product-price wc-block-grid__product-price\" >\n\t\t\t\t\t<span class=\"woocommerce-Price-amount amount\"><bdi><span class=\"woocommerce-Price-currencySymbol\">&#8378;<\/span>1.000,00<\/bdi><\/span>\n\t\t\t\t<\/div><\/div>\n\n\t\t\t\t<\/li><li class=\"wc-block-product post-466 product type-product status-publish has-post-thumbnail product_cat-elektronikcihaz  instock shipping-taxable purchasable product-type-simple\"\n\t\t\t\t\t\n\t\t\t\tdata-wp-interactive=\"woocommerce\/product-collection\"\n\t\t\t\tdata-wp-context='{\"productId\":466}'\n\t\t\t\tdata-wp-key=\"product-item-466\"\n\t\t\t\n\t\t\t\t>\n\t\t\t\t\t\n<div data-block-name=\"woocommerce\/product-image\" data-image-sizing=\"thumbnail\" data-is-descendent-of-query-loop=\"true\" class=\"wc-block-components-product-image wc-block-grid__product-image wc-block-components-product-image--aspect-ratio-auto wp-block-woocommerce-product-image\"><a href=\"https:\/\/depodar.com\/index.php\/product\/centrad-lampmetre-de-service-modele-751\/\" style=\"\" data-wp-on--click=\"woocommerce\/product-collection::actions.viewProduct\"><img decoding=\"async\" width=\"300\" height=\"300\" src=\"https:\/\/depodar.com\/wp-content\/uploads\/2024\/03\/20230422_151326-300x300-1.jpg\" class=\"attachment-woocommerce_thumbnail size-woocommerce_thumbnail\" alt=\"Lampmetre de service modele 751\" data-testid=\"product-image\" data-image-id=\"434\" style=\"object-fit:cover;\" loading=\"lazy\" srcset=\"https:\/\/depodar.com\/wp-content\/uploads\/2024\/03\/20230422_151326-300x300-1.jpg 300w, https:\/\/depodar.com\/wp-content\/uploads\/2024\/03\/20230422_151326-300x300-1-100x100.jpg 100w, https:\/\/depodar.com\/wp-content\/uploads\/2024\/03\/20230422_151326-300x300-1-150x150.jpg 150w\" sizes=\"auto, (max-width: 300px) 100vw, 300px\" \/><div class=\"wc-block-components-product-image__inner-container\"><\/div><\/a><\/div>\n\n<h3 style=\"margin-bottom:0.75rem;margin-top:0;\" class=\"has-text-align-center wp-block-post-title has-medium-font-size\"><a data-wp-on--click=\"woocommerce\/product-collection::actions.viewProduct\" href=\"https:\/\/depodar.com\/index.php\/product\/centrad-lampmetre-de-service-modele-751\/\" target=\"_self\" >Radyo Lambas\u0131 Test Cihaz\u0131<\/a><\/h3>\n\n<div data-block-name=\"woocommerce\/product-price\" data-font-size=\"small\" data-is-descendent-of-query-loop=\"true\" data-text-align=\"center\" class=\"has-font-size has-small-font-size has-text-align-center wp-block-woocommerce-product-price has-small-font-size\" ><div class=\"wc-block-components-product-price wc-block-grid__product-price\" >\n\t\t\t\t\t<span class=\"woocommerce-Price-amount amount\"><bdi><span class=\"woocommerce-Price-currencySymbol\">&#8378;<\/span>27.000,00<\/bdi><\/span>\n\t\t\t\t<\/div><\/div>\n\n\t\t\t\t<\/li><\/ul>\n\n\n\n<\/div>\n","protected":false},"excerpt":{"rendered":"<p>Bu sayfada yer alan \u00fcr\u00fcnler rahmetli babam\u0131n 1960l\u0131 y\u0131llarda a\u00e7t\u0131\u011f\u0131 ve sonras\u0131nda memuriyete ge\u00e7i\u015f ile elinde kalan, \u00e7o\u011funlu\u011fu s\u0131f\u0131r, baz\u0131lar\u0131 ise \u00e7\u0131kma \u00fcr\u00fcnlerden olu\u015fmaktad\u0131r. Devam\u0131 olmayan \u00fcr\u00fcnler olup her \u00fcr\u00fcn kendi i\u00e7inde topluca verilecektir. Birden \u00e7ok \u00fcr\u00fcn baz\u0131nda toplu al\u0131mlarda elimden geleni yapmaya \u00e7al\u0131\u015f\u0131r\u0131m. Sadece Ankara i\u00e7i elden iletebiliyorum.<\/p>\n","protected":false},"author":1,"featured_media":0,"parent":269,"menu_order":0,"comment_status":"closed","ping_status":"closed","template":"","meta":{"_monsterinsights_skip_tracking":false,"_monsterinsights_sitenote_active":false,"_monsterinsights_sitenote_note":"","_monsterinsights_sitenote_category":0,"footnotes":""},"class_list":["post-1285","page","type-page","status-publish","hentry"],"aioseo_notices":[],"jetpack_sharing_enabled":true,"_links":{"self":[{"href":"https:\/\/depodar.com\/index.php\/wp-json\/wp\/v2\/pages\/1285","targetHints":{"allow":["GET"]}}],"collection":[{"href":"https:\/\/depodar.com\/index.php\/wp-json\/wp\/v2\/pages"}],"about":[{"href":"https:\/\/depodar.com\/index.php\/wp-json\/wp\/v2\/types\/page"}],"author":[{"embeddable":true,"href":"https:\/\/depodar.com\/index.php\/wp-json\/wp\/v2\/users\/1"}],"replies":[{"embeddable":true,"href":"https:\/\/depodar.com\/index.php\/wp-json\/wp\/v2\/comments?post=1285"}],"version-history":[{"count":9,"href":"https:\/\/depodar.com\/index.php\/wp-json\/wp\/v2\/pages\/1285\/revisions"}],"predecessor-version":[{"id":1366,"href":"https:\/\/depodar.com\/index.php\/wp-json\/wp\/v2\/pages\/1285\/revisions\/1366"}],"up":[{"embeddable":true,"href":"https:\/\/depodar.com\/index.php\/wp-json\/wp\/v2\/pages\/269"}],"wp:attachment":[{"href":"https:\/\/depodar.com\/index.php\/wp-json\/wp\/v2\/media?parent=1285"}],"curies":[{"name":"wp","href":"https:\/\/api.w.org\/{rel}","templated":true}]}}